{"id":7484,"date":"2024-10-23T18:31:39","date_gmt":"2024-10-23T16:31:39","guid":{"rendered":"http:\/\/billigtrikots.com\/?post_type=product&#038;p=7484"},"modified":"2024-10-23T18:33:45","modified_gmt":"2024-10-23T16:33:45","slug":"shop-tottenham-hotspur-drittes-trikot-2022-23-blau-herren-fussballtrikots","status":"publish","type":"product","link":"https:\/\/www.billigtrikotde.com\/sl\/shop-tottenham-hotspur-drittes-trikot-2022-23-blau-herren-fussballtrikots\/","title":{"rendered":"Shop Tottenham Hotspur Tretji dres 2022\/23 modri mo\u0161ki nogometni dresi"},"content":{"rendered":"<p>Nova tretja majica Tottenham Hotspurs je zna\u010dilna po abstraktnem grafi\u010dnem tisku, ki pokriva celotno sprednjo stran in rokave ter verjetno tudi velik del, \u010de ne celo celotno hrbtno stran. Logotipi so v celoti v beli barvi, vklju\u010dno z enobarvno predstavitvijo znaka Spurs.<\/p>\n<p>Dizajn Nike Tottenham 22-23 majice dopolnjuje \u010drn okrogel ovratnik in man\u0161ete na rokavih, ki sta delno \u010drna in delno temno turkizna. Po vzoru je tretja majica Nike Tottenham Hotspur F.C. 2022-2023 enaka modelu kot majica 22-23.<\/p>","protected":false},"excerpt":{"rendered":"<p>Das neue dritte Trikot der Tottenham Hotspurs zeichnet sich durch einen abstrakten Grafikdruck aus, der die gesamte Vorderseite und die \u00c4rmel bedeckt und wahrscheinlich auch einen Gro\u00dfteil, wenn nicht sogar die gesamte R\u00fcckseite. Die Logos sind ganz in Wei\u00df gehalten, einschlie\u00dflich einer einfarbigen Darstellung des Spurs-Abzeichens. Abgerundet wird der Look des Nike Tottenham 22-23 Trikots [&hellip;]<\/p>","protected":false},"featured_media":7516,"comment_status":"open","ping_status":"closed","template":"","meta":[],"product_brand":[],"product_cat":[178],"product_tag":[20,21,22,23,24,335,104],"class_list":{"0":"post-7484","1":"product","2":"type-product","3":"status-publish","4":"has-post-thumbnail","6":"product_cat-tottenham-hotspur","7":"product_tag-coole-fussballtrikots","8":"product_tag-fussballtrikot-fuer-herren","9":"product_tag-fussballtrikot-guenstig-kaufen","10":"product_tag-fussballtrikot-kurzarm","11":"product_tag-guenstiges-fussballtrikot","12":"product_tag-shop-tottenham-hotspur-trikot","13":"product_tag-tottenham-hotspur-trikots","15":"first","16":"instock","17":"shipping-taxable","18":"purchasable","19":"product-type-variable"},"_links":{"self":[{"href":"https:\/\/www.billigtrikotde.com\/sl\/wp-json\/wp\/v2\/product\/7484","targetHints":{"allow":["GET"]}}],"collection":[{"href":"https:\/\/www.billigtrikotde.com\/sl\/wp-json\/wp\/v2\/product"}],"about":[{"href":"https:\/\/www.billigtrikotde.com\/sl\/wp-json\/wp\/v2\/types\/product"}],"replies":[{"embeddable":true,"href":"https:\/\/www.billigtrikotde.com\/sl\/wp-json\/wp\/v2\/comments?post=7484"}],"wp:featuredmedia":[{"embeddable":true,"href":"https:\/\/www.billigtrikotde.com\/sl\/wp-json\/wp\/v2\/media\/7516"}],"wp:attachment":[{"href":"https:\/\/www.billigtrikotde.com\/sl\/wp-json\/wp\/v2\/media?parent=7484"}],"wp:term":[{"taxonomy":"product_brand","embeddable":true,"href":"https:\/\/www.billigtrikotde.com\/sl\/wp-json\/wp\/v2\/product_brand?post=7484"},{"taxonomy":"product_cat","embeddable":true,"href":"https:\/\/www.billigtrikotde.com\/sl\/wp-json\/wp\/v2\/product_cat?post=7484"},{"taxonomy":"product_tag","embeddable":true,"href":"https:\/\/www.billigtrikotde.com\/sl\/wp-json\/wp\/v2\/product_tag?post=7484"}],"curies":[{"name":"wp","href":"https:\/\/api.w.org\/{rel}","templated":true}]}}