{"id":7402,"date":"2024-10-23T18:27:35","date_gmt":"2024-10-23T16:27:35","guid":{"rendered":"http:\/\/billigtrikots.com\/?post_type=product&#038;p=7402"},"modified":"2024-10-23T18:29:45","modified_gmt":"2024-10-23T16:29:45","slug":"kinder-fussball-argentinien-heimtrikot-wm-2022-weiss-blau-trikotsatz-martinez-23","status":"publish","type":"product","link":"https:\/\/www.billigtrikotde.com\/sl\/kinder-fussball-argentinien-heimtrikot-wm-2022-weiss-blau-trikotsatz-martinez-23\/","title":{"rendered":"Otro\u0161ki nogomet Argentina Domov majica Svetovni pokal 2022 bela modra Kit MARTINEZ 23"},"content":{"rendered":"<p>Novo dres Argentine za leto 2022 je ve\u010dinoma bel z \u010drnimi logotipi \u2013 med njimi popolnoma nov logotip Adidas, ki bo s svetovnim prvenstvom 2022 svojo nogometno premiero.<\/p>\n<p>\u010crte na novi majici za svetovno prvenstvo 2022 so klasi\u010dne, vendar le na sprednji strani. \u010crte na zadnji strani so res nenavadne: namesto enake \u0161irine, obstajata dve tanj\u0161i nebesno modri \u010drti na sredini in dve \u0161ir\u0161i na zunanjih straneh majice. Te \u0161ir\u0161e \u010drte so pribli\u017eno trikrat \u0161ir\u0161e od \u010drt na sredini.<\/p>\n<p>Naj bi izgledal kot argentinska zastava. Prav tako v navezavi na zastavo je na zadnji strani pod ovratnikom Sol de Mayo, argentinski nacionalni simbol.<\/p>\n<p>\u010crne hla\u010de in bele nogavice dopolnjujejo dres Argentine 2022.<\/p>\n<p>Nasveti za tiskanje: \u010ce sta ime in \u0161tevilka na sliki to\u010dno tak\u0161na, kot ju \u017eelite, ju ni treba ponovno vnesti. \u010ce ni tako, vnesite \u017eeleno ime in \u0161tevilko.<\/p>\n<p>Nasveti za pranje: Priporo\u010dljivo je, da nogometne majice perete ro\u010dno. \u010ce \u017eelite uporabiti pralni stroj, ne pozabite nogometne majice obrniti narobe in jih nato oprati. Stroj napolnite s hladno vodo in uporabite ob\u010dutljiv cikel, da bolje za\u0161\u010ditite barve.<\/p>","protected":false},"excerpt":{"rendered":"<p>Argentiniens neues Trikot f\u00fcr 2022 ist \u00fcberwiegend wei\u00df mit schwarzen Logos \u2013 darunter das brandneue Adidas-Logo, das mit den WM-Trikots 2022 sein Fu\u00dfballdeb\u00fct feiert. Die Streifen auf dem neuen Argentinien WM 2022 Trikot sind klassisch, aber nur auf der Vorderseite. Die Streifen auf der R\u00fcckseite sind wirklich ungew\u00f6hnlich: Anstatt gleich breit zu sein, gibt es [&hellip;]<\/p>","protected":false},"featured_media":7441,"comment_status":"open","ping_status":"closed","template":"","meta":[],"product_brand":[],"product_cat":[325,91],"product_tag":[231,326,20,222,21,22,23,24,94],"class_list":{"0":"post-7402","1":"product","2":"type-product","3":"status-publish","4":"has-post-thumbnail","6":"product_cat-argentinien-trikots","7":"product_cat-kindertrikots","8":"product_tag-argentina-trikots","9":"product_tag-argentina-trikotsatz-fuer-kinder","10":"product_tag-coole-fussballtrikots","11":"product_tag-fussball-wm-2022-trikots","12":"product_tag-fussballtrikot-fuer-herren","13":"product_tag-fussballtrikot-guenstig-kaufen","14":"product_tag-fussballtrikot-kurzarm","15":"product_tag-guenstiges-fussballtrikot","16":"product_tag-kinder-fussball-trikotsatz","18":"first","19":"instock","20":"shipping-taxable","21":"purchasable","22":"product-type-variable"},"_links":{"self":[{"href":"https:\/\/www.billigtrikotde.com\/sl\/wp-json\/wp\/v2\/product\/7402","targetHints":{"allow":["GET"]}}],"collection":[{"href":"https:\/\/www.billigtrikotde.com\/sl\/wp-json\/wp\/v2\/product"}],"about":[{"href":"https:\/\/www.billigtrikotde.com\/sl\/wp-json\/wp\/v2\/types\/product"}],"replies":[{"embeddable":true,"href":"https:\/\/www.billigtrikotde.com\/sl\/wp-json\/wp\/v2\/comments?post=7402"}],"wp:featuredmedia":[{"embeddable":true,"href":"https:\/\/www.billigtrikotde.com\/sl\/wp-json\/wp\/v2\/media\/7441"}],"wp:attachment":[{"href":"https:\/\/www.billigtrikotde.com\/sl\/wp-json\/wp\/v2\/media?parent=7402"}],"wp:term":[{"taxonomy":"product_brand","embeddable":true,"href":"https:\/\/www.billigtrikotde.com\/sl\/wp-json\/wp\/v2\/product_brand?post=7402"},{"taxonomy":"product_cat","embeddable":true,"href":"https:\/\/www.billigtrikotde.com\/sl\/wp-json\/wp\/v2\/product_cat?post=7402"},{"taxonomy":"product_tag","embeddable":true,"href":"https:\/\/www.billigtrikotde.com\/sl\/wp-json\/wp\/v2\/product_tag?post=7402"}],"curies":[{"name":"wp","href":"https:\/\/api.w.org\/{rel}","templated":true}]}}