{"id":7388,"date":"2024-10-23T18:26:59","date_gmt":"2024-10-23T16:26:59","guid":{"rendered":"http:\/\/billigtrikots.com\/?post_type=product&#038;p=7388"},"modified":"2024-10-23T18:29:09","modified_gmt":"2024-10-23T16:29:09","slug":"kinder-heimtrikot-ac-mailand-2022-23-rot-schwarz-online-bestellen","status":"publish","type":"product","link":"https:\/\/www.billigtrikotde.com\/sl\/kinder-heimtrikot-ac-mailand-2022-23-rot-schwarz-online-bestellen\/","title":{"rendered":"Otro\u0161ka doma\u010da majica AC Milan 2022\/23 rde\u010da \u010drna, naro\u010dite online"},"content":{"rendered":"<p>Odkrijte novo Milan 2022\/2023 doma\u010do majico. Ponosno nosite barve svojega najljub\u0161ega kluba na igri\u0161\u010du ali zunaj.<\/p>\n<p>Fleksibilna in lahka majica z tehnologijo Puma DryCELL, kos obla\u010dila, ki prepre\u010duje vdor znoja med va\u0161o igro ali treningom. Ostanite suhi po va\u0161ih pospe\u0161kih.<\/p>\n<p>Predstavljajte si, da vas ob\u010dinstvo San Sira po slavni golu spodbudi.<\/p>\n<p>Dres je oblikovan po vzoru dresa, ki ga na tekmah nosi profesionalna ekipa.<\/p>\n<p>POD DR\u017dITE SUHE POD TLAKOM<\/p>\n<p>Sestavljena je iz tehnologije Puma DryCELL in pomaga pri absorpciji znoja. Tako ostajate suhi med va\u0161imi napori.<\/p>\n<p>Nasveti za tiskanje: \u010ce sta ime in \u0161tevilka na sliki to\u010dno tak\u0161na, kot ju \u017eelite, ju ni treba ponovno vnesti. \u010ce ni tako, vnesite \u017eeleno ime in \u0161tevilko.<\/p>\n<p>Nasveti za pranje: Priporo\u010dljivo je, da nogometne majice perete ro\u010dno. \u010ce \u017eelite uporabiti pralni stroj, ne pozabite nogometne majice obrniti narobe in jih nato oprati. Stroj napolnite s hladno vodo in uporabite ob\u010dutljiv cikel, da bolje za\u0161\u010ditite barve.<\/p>","protected":false},"excerpt":{"rendered":"<p>Odkrijte novi Milan 2022\/2023 doma\u010di dres. Ponosno nosite barve svoje najljub\u0161e ekipe na igri\u0161\u010du ali zunaj. Prilagodljiv in lahek dres z tehnologijo Puma DryCELL - tehnologijo, ki prepre\u010duje vdor znoja med igro ali treningom. Ostajte suhi po va\u0161ih pospe\u0161kih. Predstavljajte si, da so gledalci San [...]<\/p>","protected":false},"featured_media":7420,"comment_status":"open","ping_status":"closed","template":"","meta":[],"product_brand":[],"product_cat":[92],"product_tag":[25,93,20,21,23,24,94],"class_list":{"0":"post-7388","1":"product","2":"type-product","3":"status-publish","4":"has-post-thumbnail","6":"product_cat-ac-mailand-kindertrikot","7":"product_tag-ac-milan-heimtrikot","8":"product_tag-ac-milan-trikotsatz-fuer-kinder","9":"product_tag-coole-fussballtrikots","10":"product_tag-fussballtrikot-fuer-herren","11":"product_tag-fussballtrikot-kurzarm","12":"product_tag-guenstiges-fussballtrikot","13":"product_tag-kinder-fussball-trikotsatz","15":"first","16":"instock","17":"shipping-taxable","18":"purchasable","19":"product-type-variable"},"_links":{"self":[{"href":"https:\/\/www.billigtrikotde.com\/sl\/wp-json\/wp\/v2\/product\/7388","targetHints":{"allow":["GET"]}}],"collection":[{"href":"https:\/\/www.billigtrikotde.com\/sl\/wp-json\/wp\/v2\/product"}],"about":[{"href":"https:\/\/www.billigtrikotde.com\/sl\/wp-json\/wp\/v2\/types\/product"}],"replies":[{"embeddable":true,"href":"https:\/\/www.billigtrikotde.com\/sl\/wp-json\/wp\/v2\/comments?post=7388"}],"wp:featuredmedia":[{"embeddable":true,"href":"https:\/\/www.billigtrikotde.com\/sl\/wp-json\/wp\/v2\/media\/7420"}],"wp:attachment":[{"href":"https:\/\/www.billigtrikotde.com\/sl\/wp-json\/wp\/v2\/media?parent=7388"}],"wp:term":[{"taxonomy":"product_brand","embeddable":true,"href":"https:\/\/www.billigtrikotde.com\/sl\/wp-json\/wp\/v2\/product_brand?post=7388"},{"taxonomy":"product_cat","embeddable":true,"href":"https:\/\/www.billigtrikotde.com\/sl\/wp-json\/wp\/v2\/product_cat?post=7388"},{"taxonomy":"product_tag","embeddable":true,"href":"https:\/\/www.billigtrikotde.com\/sl\/wp-json\/wp\/v2\/product_tag?post=7388"}],"curies":[{"name":"wp","href":"https:\/\/api.w.org\/{rel}","templated":true}]}}