{"id":7362,"date":"2024-10-23T18:25:49","date_gmt":"2024-10-23T16:25:49","guid":{"rendered":"http:\/\/billigtrikots.com\/?post_type=product&#038;p=7362"},"modified":"2024-10-23T18:27:28","modified_gmt":"2024-10-23T16:27:28","slug":"herren-leicester-city-2022-23-heimtrikot-blau-weiss-trikotsatz-online-bestellen","status":"publish","type":"product","link":"https:\/\/www.billigtrikotde.com\/sl\/herren-leicester-city-2022-23-heimtrikot-blau-weiss-trikotsatz-online-bestellen\/","title":{"rendered":"Mo\u0161ka majica Leicester City 2022-23 Home Jersey blue white Kit Naro\u010dite na spletu"},"content":{"rendered":"<p>Doma\u010di dres Adidas Leicester City 2022-23 je v obi\u010dajni modri barvi kluba in ima enotno osnovno barvo brez grafike. Kot pri ve\u010d drugih leto\u0161njih ekipah Adidas B je uporabljena standardna predloga z belim ovratnikom, \u010drte Adidas na ramenih pa so v beli barvi, prav tako logotipi sponzorjev. Vendar je grb Leicestra v zlati in modri barvi, prav tako pa je zlate barve tudi Adidasov logotip, s \u010dimer Adidas nadaljuje uporabo zlate barve na vseh kompletih Leicestra, ki jih je izdelal doslej.<\/p>\n<p>Nasveti za tiskanje: \u010ce sta ime in \u0161tevilka na sliki to\u010dno tak\u0161na, kot ju \u017eelite, ju ni treba ponovno vnesti. \u010ce ni tako, vnesite \u017eeleno ime in \u0161tevilko.<\/p>\n<p>Nasveti za pranje: Priporo\u010dljivo je, da nogometne majice perete ro\u010dno. \u010ce \u017eelite uporabiti pralni stroj, ne pozabite nogometne majice obrniti narobe in jih nato oprati. Stroj napolnite s hladno vodo in uporabite ob\u010dutljiv cikel, da bolje za\u0161\u010ditite barve.<\/p>","protected":false},"excerpt":{"rendered":"<p>Das Adidas Leicester City 2022-23 Heim trikot kommt im gewohnten Blauton des Vereins daher und hat einen einfarbigen Grundton ohne Grafik. Wie schon bei einigen anderen B-Mannschaften von Adidas in diesem Jahr wird eine Standardvorlage mit einem wei\u00dfen Kragen verwendet.Die Adidas-Streifen auf den Schultern erscheinen in Wei\u00df, genau wie die Sponsorenlogos. Das Wappen von Leicester [&hellip;]<\/p>","protected":false},"featured_media":7395,"comment_status":"open","ping_status":"closed","template":"","meta":[],"product_brand":[],"product_cat":[80],"product_tag":[20,21,22,23,54,24,323,324],"class_list":{"0":"post-7362","1":"product","2":"type-product","3":"status-publish","4":"has-post-thumbnail","6":"product_cat-leicester-city","7":"product_tag-coole-fussballtrikots","8":"product_tag-fussballtrikot-fuer-herren","9":"product_tag-fussballtrikot-guenstig-kaufen","10":"product_tag-fussballtrikot-kurzarm","11":"product_tag-fussballtrikot-set","12":"product_tag-guenstiges-fussballtrikot","13":"product_tag-leicester-city-2022-23-heimtrikot","14":"product_tag-leicester-city-heimtrikot","16":"first","17":"instock","18":"shipping-taxable","19":"purchasable","20":"product-type-variable"},"_links":{"self":[{"href":"https:\/\/www.billigtrikotde.com\/sl\/wp-json\/wp\/v2\/product\/7362","targetHints":{"allow":["GET"]}}],"collection":[{"href":"https:\/\/www.billigtrikotde.com\/sl\/wp-json\/wp\/v2\/product"}],"about":[{"href":"https:\/\/www.billigtrikotde.com\/sl\/wp-json\/wp\/v2\/types\/product"}],"replies":[{"embeddable":true,"href":"https:\/\/www.billigtrikotde.com\/sl\/wp-json\/wp\/v2\/comments?post=7362"}],"wp:featuredmedia":[{"embeddable":true,"href":"https:\/\/www.billigtrikotde.com\/sl\/wp-json\/wp\/v2\/media\/7395"}],"wp:attachment":[{"href":"https:\/\/www.billigtrikotde.com\/sl\/wp-json\/wp\/v2\/media?parent=7362"}],"wp:term":[{"taxonomy":"product_brand","embeddable":true,"href":"https:\/\/www.billigtrikotde.com\/sl\/wp-json\/wp\/v2\/product_brand?post=7362"},{"taxonomy":"product_cat","embeddable":true,"href":"https:\/\/www.billigtrikotde.com\/sl\/wp-json\/wp\/v2\/product_cat?post=7362"},{"taxonomy":"product_tag","embeddable":true,"href":"https:\/\/www.billigtrikotde.com\/sl\/wp-json\/wp\/v2\/product_tag?post=7362"}],"curies":[{"name":"wp","href":"https:\/\/api.w.org\/{rel}","templated":true}]}}