{"id":7314,"date":"2024-10-23T18:23:34","date_gmt":"2024-10-23T16:23:34","guid":{"rendered":"http:\/\/billigtrikots.com\/?post_type=product&#038;p=7314"},"modified":"2024-10-23T18:25:10","modified_gmt":"2024-10-23T16:25:10","slug":"herren-castore-wolverhampton-wanderers-f-c-2022-23-heimtrikot-gelb-kurzarm-kurze-hosen-dendoncker-32","status":"publish","type":"product","link":"https:\/\/www.billigtrikotde.com\/sl\/herren-castore-wolverhampton-wanderers-f-c-2022-23-heimtrikot-gelb-kurzarm-kurze-hosen-dendoncker-32\/","title":{"rendered":"Castore Wolverhampton Wanderers F.C. 2022-23 Doma\u010da majica rumena s kratkimi rokavi + kratke hla\u010de DENDONCKER 32"},"content":{"rendered":"<p>Ta Castore dres z starorjavo zlatimi dresi in nogavicami ter \u010drnimi hla\u010dami je bil ponovno skrbno usklajen z nepozabno barvo Pantone kluba. Po podrobni uskladitvi barv in barvanju je bil ponovno uresni\u010den pravi Wolves-ov zlati odtenek, medtem ko mat sijajni material na hrbtni strani posnema tok in gibanje na igri\u0161\u010du, trak za vrat pa daje bolj osebno noto.<\/p>\n<p>Nasveti za tiskanje: \u010ce sta ime in \u0161tevilka na sliki to\u010dno tak\u0161na, kot ju \u017eelite, ju ni treba ponovno vnesti. \u010ce ni tako, vnesite \u017eeleno ime in \u0161tevilko.<\/p>\n<p>Nasveti za pranje: Priporo\u010dljivo je, da nogometne majice perete ro\u010dno. \u010ce \u017eelite uporabiti pralni stroj, ne pozabite nogometne majice obrniti narobe in jih nato oprati. Stroj napolnite s hladno vodo in uporabite ob\u010dutljiv cikel, da bolje za\u0161\u010ditite barve.<\/p>","protected":false},"excerpt":{"rendered":"<p>Ta Castore dres z starorjavo zlatimi dresi in nogavicami ter \u010drnimi hla\u010dami je bil ponovno skrbno usklajen z nepozabno barvo Pantone kluba. Po podrobni uskladitvi barv in barvanju je bil ponovno uresni\u010den pravi Wolves-ov zlati odtenek, medtem ko mat sijajni material na hrbtni strani posnema tok in gibanje na igri\u0161\u010du, trak za vrat pa daje bolj osebno noto.<\/p>","protected":false},"featured_media":7347,"comment_status":"open","ping_status":"closed","template":"","meta":[],"product_brand":[],"product_cat":[69],"product_tag":[20,70,21,22,23,24,71],"class_list":{"0":"post-7314","1":"product","2":"type-product","3":"status-publish","4":"has-post-thumbnail","6":"product_cat-wolverhampton-wanderers","7":"product_tag-coole-fussballtrikots","8":"product_tag-castore-wolves-heimtrikot","9":"product_tag-fussballtrikot-fuer-herren","10":"product_tag-fussballtrikot-guenstig-kaufen","11":"product_tag-fussballtrikot-kurzarm","12":"product_tag-guenstiges-fussballtrikot","13":"product_tag-wolverhampton-wanderers-trikots","15":"first","16":"instock","17":"shipping-taxable","18":"purchasable","19":"product-type-variable"},"_links":{"self":[{"href":"https:\/\/www.billigtrikotde.com\/sl\/wp-json\/wp\/v2\/product\/7314","targetHints":{"allow":["GET"]}}],"collection":[{"href":"https:\/\/www.billigtrikotde.com\/sl\/wp-json\/wp\/v2\/product"}],"about":[{"href":"https:\/\/www.billigtrikotde.com\/sl\/wp-json\/wp\/v2\/types\/product"}],"replies":[{"embeddable":true,"href":"https:\/\/www.billigtrikotde.com\/sl\/wp-json\/wp\/v2\/comments?post=7314"}],"wp:featuredmedia":[{"embeddable":true,"href":"https:\/\/www.billigtrikotde.com\/sl\/wp-json\/wp\/v2\/media\/7347"}],"wp:attachment":[{"href":"https:\/\/www.billigtrikotde.com\/sl\/wp-json\/wp\/v2\/media?parent=7314"}],"wp:term":[{"taxonomy":"product_brand","embeddable":true,"href":"https:\/\/www.billigtrikotde.com\/sl\/wp-json\/wp\/v2\/product_brand?post=7314"},{"taxonomy":"product_cat","embeddable":true,"href":"https:\/\/www.billigtrikotde.com\/sl\/wp-json\/wp\/v2\/product_cat?post=7314"},{"taxonomy":"product_tag","embeddable":true,"href":"https:\/\/www.billigtrikotde.com\/sl\/wp-json\/wp\/v2\/product_tag?post=7314"}],"curies":[{"name":"wp","href":"https:\/\/api.w.org\/{rel}","templated":true}]}}