{"id":73,"date":"2024-10-23T12:04:07","date_gmt":"2024-10-23T10:04:07","guid":{"rendered":"http:\/\/billigtrikots.com\/?post_type=product&#038;p=73"},"modified":"2024-10-23T12:05:44","modified_gmt":"2024-10-23T10:05:44","slug":"ac-mailand-2021-22-herren-auswaerts-trikot-beige-rot-guenstig-online-kaufen","status":"publish","type":"product","link":"https:\/\/www.billigtrikotde.com\/sl\/ac-mailand-2021-22-herren-auswaerts-trikot-beige-rot-guenstig-online-kaufen\/","title":{"rendered":"AC Milan 2021\/22 Mo\u0161ka majica beige\/red kupi poceni na spletu"},"content":{"rendered":"<p>Triko AC Milan je izdelano iz visokokakovostnega recikliranega poliestra, ki je zelo mehak do ko\u017ee in se pona\u0161a tudi z dolgo \u017eivljenjsko dobo ter vzdr\u017eljivostjo. Izdelano iz popolnoma recikliranih materialov, lahko triko s svojo trajnostjo popolnoma pohvali! Prav tako koristi od zra\u010dnega funkcionalnega materiala DryCELL, ki takoj odna\u0161a vlago od telesa in tako zagotavlja hladen ob\u010dutek pri no\u0161enju.<\/p>\n<p>Ta replika originalnega gostujo\u010dega trika je nekoliko \u0161ir\u0161a in zato nudi ob\u010dutek udobja. Preizku\u0161eni raglan rokavi prav tako prispevajo k neomejeni svobodi gibanja.<\/p>\n<p>Nasveti za tiskanje: \u010ce sta ime in \u0161tevilka na sliki to\u010dno tak\u0161na, kot ju \u017eelite, ju ni treba ponovno vnesti. \u010ce ni tako, vnesite \u017eeleno ime in \u0161tevilko.<\/p>\n<p>Nasveti za pranje: Priporo\u010dljivo je, da nogometne majice perete ro\u010dno. \u010ce \u017eelite uporabiti pralni stroj, ne pozabite nogometne majice obrniti narobe in jih nato oprati. Stroj napolnite s hladno vodo in uporabite ob\u010dutljiv cikel, da bolje za\u0161\u010ditite barve.<\/p>","protected":false},"excerpt":{"rendered":"<p>Triko AC Milan je izdelano iz visokokakovostnega recikliranega poliestra, ki je zelo mehak do ko\u017ee in se pona\u0161a tudi z dolgo \u017eivljenjsko dobo ter vzdr\u017eljivostjo. Izdelano iz popolnoma recikliranih materialov, lahko triko s svojo trajnostjo popolnoma pohvali! Prav tako koristi od zra\u010dnega funkcionalnega materiala DryCELL, ki takoj odna\u0161a vlago od telesa in tako zagotavlja hladen ob\u010dutek pri no\u0161enju.<\/p>","protected":false},"featured_media":104,"comment_status":"open","ping_status":"closed","template":"","meta":[],"product_brand":[],"product_cat":[15],"product_tag":[19,20,21,22,23,24],"class_list":{"0":"post-73","1":"product","2":"type-product","3":"status-publish","4":"has-post-thumbnail","6":"product_cat-unkategorisiert","7":"product_tag-ac-milan-auswaertstrikot","8":"product_tag-coole-fussballtrikots","9":"product_tag-fussballtrikot-fuer-herren","10":"product_tag-fussballtrikot-guenstig-kaufen","11":"product_tag-fussballtrikot-kurzarm","12":"product_tag-guenstiges-fussballtrikot","14":"first","15":"instock","16":"shipping-taxable","17":"purchasable","18":"product-type-variable"},"_links":{"self":[{"href":"https:\/\/www.billigtrikotde.com\/sl\/wp-json\/wp\/v2\/product\/73","targetHints":{"allow":["GET"]}}],"collection":[{"href":"https:\/\/www.billigtrikotde.com\/sl\/wp-json\/wp\/v2\/product"}],"about":[{"href":"https:\/\/www.billigtrikotde.com\/sl\/wp-json\/wp\/v2\/types\/product"}],"replies":[{"embeddable":true,"href":"https:\/\/www.billigtrikotde.com\/sl\/wp-json\/wp\/v2\/comments?post=73"}],"wp:featuredmedia":[{"embeddable":true,"href":"https:\/\/www.billigtrikotde.com\/sl\/wp-json\/wp\/v2\/media\/104"}],"wp:attachment":[{"href":"https:\/\/www.billigtrikotde.com\/sl\/wp-json\/wp\/v2\/media?parent=73"}],"wp:term":[{"taxonomy":"product_brand","embeddable":true,"href":"https:\/\/www.billigtrikotde.com\/sl\/wp-json\/wp\/v2\/product_brand?post=73"},{"taxonomy":"product_cat","embeddable":true,"href":"https:\/\/www.billigtrikotde.com\/sl\/wp-json\/wp\/v2\/product_cat?post=73"},{"taxonomy":"product_tag","embeddable":true,"href":"https:\/\/www.billigtrikotde.com\/sl\/wp-json\/wp\/v2\/product_tag?post=73"}],"curies":[{"name":"wp","href":"https:\/\/api.w.org\/{rel}","templated":true}]}}