{"id":7258,"date":"2024-10-23T18:20:40","date_gmt":"2024-10-23T16:20:40","guid":{"rendered":"http:\/\/billigtrikots.com\/?post_type=product&#038;p=7258"},"modified":"2024-10-23T18:22:54","modified_gmt":"2024-10-23T16:22:54","slug":"neue-rb-leipzig-auswaertstrikot-fuer-2022-23-rot-guenstig-fussballtrikots-set","status":"publish","type":"product","link":"https:\/\/www.billigtrikotde.com\/sl\/neue-rb-leipzig-auswaertstrikot-fuer-2022-23-rot-guenstig-fussballtrikots-set\/","title":{"rendered":"Novi RB Leipzig Away Kit za 2022-23 Red Poceni nogometne majice Set"},"content":{"rendered":"<p>Majica Nike RasenBallsport Leipzig 2022-2023 Away Jersey zdru\u017euje dva odtenka rde\u010de barve in je prete\u017eno svetlo rde\u010da s tiskanim vzorcem na sprednji strani v temnej\u0161em odtenku.Ovratnik in man\u0161ete majice Nike RasenBallsport Leipzig 2022-2023 Away Jersey so enake temnej\u0161e rde\u010de barve, medtem ko je logotip Nike Swoosh bel, da ustreza klubski zna\u010dki.<br \/>\nTo je prvi\u010d v obdobju Nike x Leipzig, da je Nike za klub izdelal prilagojen rde\u010di dres.<\/p>\n<p>Nasveti za tiskanje: \u010ce sta ime in \u0161tevilka na sliki to\u010dno tak\u0161na, kot ju \u017eelite, ju ni treba ponovno vnesti. \u010ce ni tako, vnesite \u017eeleno ime in \u0161tevilko.<\/p>\n<p>Nasveti za pranje: Priporo\u010dljivo je, da nogometne majice perete ro\u010dno. \u010ce \u017eelite uporabiti pralni stroj, ne pozabite nogometne majice obrniti narobe in jih nato oprati. Stroj napolnite s hladno vodo in uporabite ob\u010dutljiv cikel, da bolje za\u0161\u010ditite barve.<\/p>","protected":false},"excerpt":{"rendered":"<p>Majica Nike RasenBallsport Leipzig 2022-2023 Away Jersey zdru\u017euje dva odtenka rde\u010de barve in je prete\u017eno svetlo rde\u010da s tiskanim vzorcem na sprednji strani v temnej\u0161em odtenku.Ovratnik in man\u0161ete majice Nike RasenBallsport Leipzig 2022-2023 Away Jersey so enake temnej\u0161e rde\u010de barve, medtem ko je logotip Nike Swoosh bel, da ustreza klubski zna\u010dki.<\/p>","protected":false},"featured_media":7297,"comment_status":"open","ping_status":"closed","template":"","meta":[],"product_brand":[],"product_cat":[185],"product_tag":[20,21,22,23,24,186,312,187],"class_list":{"0":"post-7258","1":"product","2":"type-product","3":"status-publish","4":"has-post-thumbnail","6":"product_cat-rb-leipzig","7":"product_tag-coole-fussballtrikots","8":"product_tag-fussballtrikot-fuer-herren","9":"product_tag-fussballtrikot-guenstig-kaufen","10":"product_tag-fussballtrikot-kurzarm","11":"product_tag-guenstiges-fussballtrikot","12":"product_tag-rb-leipzig-auswaertstrikot","13":"product_tag-rb-leipzig-auswaertstrikot-2022-23","14":"product_tag-rb-leipzig-trikots","16":"first","17":"instock","18":"shipping-taxable","19":"purchasable","20":"product-type-variable"},"_links":{"self":[{"href":"https:\/\/www.billigtrikotde.com\/sl\/wp-json\/wp\/v2\/product\/7258","targetHints":{"allow":["GET"]}}],"collection":[{"href":"https:\/\/www.billigtrikotde.com\/sl\/wp-json\/wp\/v2\/product"}],"about":[{"href":"https:\/\/www.billigtrikotde.com\/sl\/wp-json\/wp\/v2\/types\/product"}],"replies":[{"embeddable":true,"href":"https:\/\/www.billigtrikotde.com\/sl\/wp-json\/wp\/v2\/comments?post=7258"}],"wp:featuredmedia":[{"embeddable":true,"href":"https:\/\/www.billigtrikotde.com\/sl\/wp-json\/wp\/v2\/media\/7297"}],"wp:attachment":[{"href":"https:\/\/www.billigtrikotde.com\/sl\/wp-json\/wp\/v2\/media?parent=7258"}],"wp:term":[{"taxonomy":"product_brand","embeddable":true,"href":"https:\/\/www.billigtrikotde.com\/sl\/wp-json\/wp\/v2\/product_brand?post=7258"},{"taxonomy":"product_cat","embeddable":true,"href":"https:\/\/www.billigtrikotde.com\/sl\/wp-json\/wp\/v2\/product_cat?post=7258"},{"taxonomy":"product_tag","embeddable":true,"href":"https:\/\/www.billigtrikotde.com\/sl\/wp-json\/wp\/v2\/product_tag?post=7258"}],"curies":[{"name":"wp","href":"https:\/\/api.w.org\/{rel}","templated":true}]}}