{"id":7218,"date":"2024-10-23T18:18:56","date_gmt":"2024-10-23T16:18:56","guid":{"rendered":"http:\/\/billigtrikots.com\/?post_type=product&#038;p=7218"},"modified":"2024-10-23T18:20:32","modified_gmt":"2024-10-23T16:20:32","slug":"lukaku-9-chelsea-fc-2022-23-kinder-heimtrikot-blau-kurzarm-kurze-hosen","status":"publish","type":"product","link":"https:\/\/www.billigtrikotde.com\/sl\/lukaku-9-chelsea-fc-2022-23-kinder-heimtrikot-blau-kurzarm-kurze-hosen\/","title":{"rendered":"LUKAKU 9 Chelsea FC 2022\/23 Otro\u0161ka doma\u010da majica modra s kratkimi rokavi + kratke hla\u010de"},"content":{"rendered":"<p>Tako kot drugi dresi iz kolekcije Stadium tudi ta zdru\u017euje podrobnosti oblikovanja replike s tehnologijo za odvajanje znoja, da boste imeli videz, pripravljen na tekmo, ki ga navdihuje va\u0161a najljub\u0161a ekipa. Ta izdelek je izdelan iz 100 recikliranih poliestrskih vlaken %.<br \/>\nDres je v zna\u010dilni doma\u010di modri barvi \u0161estkratnih zmagovalcev angle\u0161ke Premier League in dvakratnih zmagovalcev Lige prvakov UEFA. Dres je poklon legendarnemu mened\u017eerju Chelseaja Tedu Drakeu, na gumbih na majici pa je vzdevek CFC \"The Blues\". Drake je vodil sprejetje vzdevka namesto prej\u0161njega neformalnega imena kluba \"The Pensioners\". mo\u0161ka ekipa Chelsea bo doma\u010di dres 22\/23 premierno predstavila na prihajajo\u010di turneji v Zdru\u017eenih dr\u017eavah Amerike. Modri se bodo med pripravami na prvo sezono pod ameri\u0161kim vodstvom pomerili s klubi Club America, Charlotte FC in Arsenal.<\/p>\n<p>Nasveti za tiskanje: \u010ce sta ime in \u0161tevilka na sliki to\u010dno tak\u0161na, kot ju \u017eelite, ju ni treba ponovno vnesti. \u010ce ni tako, vnesite \u017eeleno ime in \u0161tevilko.<\/p>\n<p>Nasveti za pranje: Priporo\u010dljivo je, da nogometne majice perete ro\u010dno. \u010ce \u017eelite uporabiti pralni stroj, ne pozabite nogometne majice obrniti narobe in jih nato oprati. Stroj napolnite s hladno vodo in uporabite ob\u010dutljiv cikel, da bolje za\u0161\u010ditite barve.<\/p>","protected":false},"excerpt":{"rendered":"<p>Kot ostale majice iz na\u0161e Stadium kolekcije tudi ta majica zdru\u017euje posnemane dizajnerske podrobnosti z znojnoprejemno tehnologijo, da vam ponudi igralski videz, ki ga navdihuje va\u0161 najljub\u0161i klub. Ta izdelek je narejen iz 100 % recikliranih poliestrskih vlaken. Majica je v zna\u010dilni doma\u010di modri barvi \u0161estkratnega zmagovalca angle\u0161ke Premier League in dvakratnega zmagovalca [\u2026]<\/p>","protected":false},"featured_media":7251,"comment_status":"open","ping_status":"closed","template":"","meta":[],"product_brand":[],"product_cat":[162],"product_tag":[20,311,164,73,163,21,22,23,24,94],"class_list":{"0":"post-7218","1":"product","2":"type-product","3":"status-publish","4":"has-post-thumbnail","6":"product_cat-chelsea-kindertrikot","7":"product_tag-coole-fussballtrikots","8":"product_tag-chelsea-fc-2022-23-kinder-trikot","9":"product_tag-chelsea-heimtrikot","10":"product_tag-chelsea-trikots","11":"product_tag-chelsea-trikotsatz-fuer-kinder","12":"product_tag-fussballtrikot-fuer-herren","13":"product_tag-fussballtrikot-guenstig-kaufen","14":"product_tag-fussballtrikot-kurzarm","15":"product_tag-guenstiges-fussballtrikot","16":"product_tag-kinder-fussball-trikotsatz","18":"first","19":"instock","20":"shipping-taxable","21":"purchasable","22":"product-type-variable"},"_links":{"self":[{"href":"https:\/\/www.billigtrikotde.com\/sl\/wp-json\/wp\/v2\/product\/7218","targetHints":{"allow":["GET"]}}],"collection":[{"href":"https:\/\/www.billigtrikotde.com\/sl\/wp-json\/wp\/v2\/product"}],"about":[{"href":"https:\/\/www.billigtrikotde.com\/sl\/wp-json\/wp\/v2\/types\/product"}],"replies":[{"embeddable":true,"href":"https:\/\/www.billigtrikotde.com\/sl\/wp-json\/wp\/v2\/comments?post=7218"}],"wp:featuredmedia":[{"embeddable":true,"href":"https:\/\/www.billigtrikotde.com\/sl\/wp-json\/wp\/v2\/media\/7251"}],"wp:attachment":[{"href":"https:\/\/www.billigtrikotde.com\/sl\/wp-json\/wp\/v2\/media?parent=7218"}],"wp:term":[{"taxonomy":"product_brand","embeddable":true,"href":"https:\/\/www.billigtrikotde.com\/sl\/wp-json\/wp\/v2\/product_brand?post=7218"},{"taxonomy":"product_cat","embeddable":true,"href":"https:\/\/www.billigtrikotde.com\/sl\/wp-json\/wp\/v2\/product_cat?post=7218"},{"taxonomy":"product_tag","embeddable":true,"href":"https:\/\/www.billigtrikotde.com\/sl\/wp-json\/wp\/v2\/product_tag?post=7218"}],"curies":[{"name":"wp","href":"https:\/\/api.w.org\/{rel}","templated":true}]}}