{"id":7152,"date":"2024-10-23T18:15:41","date_gmt":"2024-10-23T16:15:41","guid":{"rendered":"http:\/\/billigtrikots.com\/?post_type=product&#038;p=7152"},"modified":"2024-11-18T15:39:12","modified_gmt":"2024-11-18T14:39:12","slug":"promes-11-ajax-amsterdam-trikot-bob-marley-2020-2021-blau-fussballtrikot-fuer-herren","status":"publish","type":"product","link":"https:\/\/www.billigtrikotde.com\/sl\/promes-11-ajax-amsterdam-trikot-bob-marley-2020-2021-blau-fussballtrikot-fuer-herren\/","title":{"rendered":"PROMES 11 Ajax Amsterdam Jersey Bob Marley 2020-2021 blue Nogometna majica za mo\u0161ke"},"content":{"rendered":"<p>Zdi se, da se je nova retro navdihnjena zasnova dobro prijela pri obo\u017eevalcih. Dres krasijo modri karirasti vzorci, ki so odeti v svetlej\u0161o modro barvo.<\/p>\n<p>Nasveti za tiskanje: \u010ce sta ime in \u0161tevilka na sliki to\u010dno tak\u0161na, kot ju \u017eelite, ju ni treba ponovno vnesti. \u010ce ni tako, vnesite \u017eeleno ime in \u0161tevilko.<\/p>\n<p>Nasveti za pranje: Priporo\u010dljivo je, da nogometne majice perete ro\u010dno. \u010ce \u017eelite uporabiti pralni stroj, ne pozabite nogometne majice obrniti narobe in jih nato oprati. Stroj napolnite s hladno vodo in uporabite ob\u010dutljiv cikel, da bolje za\u0161\u010ditite barve.<\/p>","protected":false},"excerpt":{"rendered":"<p>Nov retro navihan dizajn se zdi med navija\u010di dobro sprejet. Na dresu prevladujejo modri karo vzorci, ki jih pro\u017ei svetlej\u0161a modra. Napotila za tiskanje: \u010ce je ime in \u0161tevilka na sliki to\u010dno po va\u0161ih \u017eeljah, ju ne morate ponovno vna\u0161ati. \u010ce ne, morate vnesti \u017eeleno ime in \u0161tevilko [\u2026]<\/p>","protected":false},"featured_media":7190,"comment_status":"open","ping_status":"closed","template":"","meta":[],"product_brand":[],"product_cat":[299],"product_tag":[1372,300,301,20,21,22,23,24],"class_list":{"0":"post-7152","1":"product","2":"type-product","3":"status-publish","4":"has-post-thumbnail","6":"product_cat-afc-ajax","7":"product_tag-ajax-amsterdam-trikot","8":"product_tag-ajax-auswaertstrikot","9":"product_tag-ajax-trikots","10":"product_tag-coole-fussballtrikots","11":"product_tag-fussballtrikot-fuer-herren","12":"product_tag-fussballtrikot-guenstig-kaufen","13":"product_tag-fussballtrikot-kurzarm","14":"product_tag-guenstiges-fussballtrikot","16":"first","17":"instock","18":"shipping-taxable","19":"purchasable","20":"product-type-variable"},"_links":{"self":[{"href":"https:\/\/www.billigtrikotde.com\/sl\/wp-json\/wp\/v2\/product\/7152","targetHints":{"allow":["GET"]}}],"collection":[{"href":"https:\/\/www.billigtrikotde.com\/sl\/wp-json\/wp\/v2\/product"}],"about":[{"href":"https:\/\/www.billigtrikotde.com\/sl\/wp-json\/wp\/v2\/types\/product"}],"replies":[{"embeddable":true,"href":"https:\/\/www.billigtrikotde.com\/sl\/wp-json\/wp\/v2\/comments?post=7152"}],"wp:featuredmedia":[{"embeddable":true,"href":"https:\/\/www.billigtrikotde.com\/sl\/wp-json\/wp\/v2\/media\/7190"}],"wp:attachment":[{"href":"https:\/\/www.billigtrikotde.com\/sl\/wp-json\/wp\/v2\/media?parent=7152"}],"wp:term":[{"taxonomy":"product_brand","embeddable":true,"href":"https:\/\/www.billigtrikotde.com\/sl\/wp-json\/wp\/v2\/product_brand?post=7152"},{"taxonomy":"product_cat","embeddable":true,"href":"https:\/\/www.billigtrikotde.com\/sl\/wp-json\/wp\/v2\/product_cat?post=7152"},{"taxonomy":"product_tag","embeddable":true,"href":"https:\/\/www.billigtrikotde.com\/sl\/wp-json\/wp\/v2\/product_tag?post=7152"}],"curies":[{"name":"wp","href":"https:\/\/api.w.org\/{rel}","templated":true}]}}