{"id":7148,"date":"2024-10-23T18:15:38","date_gmt":"2024-10-23T16:15:38","guid":{"rendered":"http:\/\/billigtrikots.com\/?post_type=product&#038;p=7148"},"modified":"2024-11-18T15:54:50","modified_gmt":"2024-11-18T14:54:50","slug":"herren-fussball-ajax-amsterdam-trickot-2022-23-auswaertstrikot-navy-blau-online-kaufen","status":"publish","type":"product","link":"https:\/\/www.billigtrikotde.com\/sl\/herren-fussball-ajax-amsterdam-trickot-2022-23-auswaertstrikot-navy-blau-online-kaufen\/","title":{"rendered":"Mo\u0161ki nogomet Ajax Amsterdam Shirt 2022-23 Away Jersey Navy Blue Kupi na spletu"},"content":{"rendered":"<p>Logotipi Adidas in Ziggo na sprednji strani nove Ajax 2022-2023 gostujo\u010de majice so zlato-rjave, medtem ko so treh pruzi na ramenih rde\u010de. Sama Ajax emblema je razdeljena med dvema barvama \u2013 rumena za oznako in rde\u010da za zvezde.<\/p>\n<p>Medtem ko je sprednja stran Adidas Ajax 22-23 gostujo\u010de majice enobarvna, ovratnik izstopa z geometrijsko pletenim vzorcem, prav tako v rde\u010di in rumeni barvi. Enak vzorec najdemo tudi na rokavnih robovih nove gostujo\u010de majice Ajax.<\/p>\n<p>Poseben Jock-tag z amsterdamsko zastavo v modrih odtenkih se nahaja spodaj desno na gostujo\u010di majici Ajax 2022-2023.<\/p>\n<p>Nasveti za tiskanje: \u010ce sta ime in \u0161tevilka na sliki to\u010dno tak\u0161na, kot ju \u017eelite, ju ni treba ponovno vnesti. \u010ce ni tako, vnesite \u017eeleno ime in \u0161tevilko.<\/p>\n<p>Nasveti za pranje: Priporo\u010dljivo je, da nogometne majice perete ro\u010dno. \u010ce \u017eelite uporabiti pralni stroj, ne pozabite nogometne majice obrniti narobe in jih nato oprati. Stroj napolnite s hladno vodo in uporabite ob\u010dutljiv cikel, da bolje za\u0161\u010ditite barve.<\/p>","protected":false},"excerpt":{"rendered":"<p>Logotipi Adidas in Ziggo na sprednji strani nove Ajax 2022-2023 gostujo\u010dega dresa so zlato rumene barve, medtem ko so 3 \u010drte na ramenih rde\u010de. Samen Ajax znacka sama razdeljena med dvema barvama \u2013 rumena za znamko in rde\u010da za zvezde. Medtem ko je sprednja stran Adidas Ajax 22-23 gostujo\u010dega dresa enobarvna, ovratnik izstopa [\u2026]<\/p>","protected":false},"featured_media":7180,"comment_status":"open","ping_status":"closed","template":"","meta":[],"product_brand":[],"product_cat":[299],"product_tag":[1372,300,301,20,21,22,23,24],"class_list":{"0":"post-7148","1":"product","2":"type-product","3":"status-publish","4":"has-post-thumbnail","6":"product_cat-afc-ajax","7":"product_tag-ajax-amsterdam-trikot","8":"product_tag-ajax-auswaertstrikot","9":"product_tag-ajax-trikots","10":"product_tag-coole-fussballtrikots","11":"product_tag-fussballtrikot-fuer-herren","12":"product_tag-fussballtrikot-guenstig-kaufen","13":"product_tag-fussballtrikot-kurzarm","14":"product_tag-guenstiges-fussballtrikot","16":"first","17":"instock","18":"shipping-taxable","19":"purchasable","20":"product-type-variable"},"_links":{"self":[{"href":"https:\/\/www.billigtrikotde.com\/sl\/wp-json\/wp\/v2\/product\/7148","targetHints":{"allow":["GET"]}}],"collection":[{"href":"https:\/\/www.billigtrikotde.com\/sl\/wp-json\/wp\/v2\/product"}],"about":[{"href":"https:\/\/www.billigtrikotde.com\/sl\/wp-json\/wp\/v2\/types\/product"}],"replies":[{"embeddable":true,"href":"https:\/\/www.billigtrikotde.com\/sl\/wp-json\/wp\/v2\/comments?post=7148"}],"wp:featuredmedia":[{"embeddable":true,"href":"https:\/\/www.billigtrikotde.com\/sl\/wp-json\/wp\/v2\/media\/7180"}],"wp:attachment":[{"href":"https:\/\/www.billigtrikotde.com\/sl\/wp-json\/wp\/v2\/media?parent=7148"}],"wp:term":[{"taxonomy":"product_brand","embeddable":true,"href":"https:\/\/www.billigtrikotde.com\/sl\/wp-json\/wp\/v2\/product_brand?post=7148"},{"taxonomy":"product_cat","embeddable":true,"href":"https:\/\/www.billigtrikotde.com\/sl\/wp-json\/wp\/v2\/product_cat?post=7148"},{"taxonomy":"product_tag","embeddable":true,"href":"https:\/\/www.billigtrikotde.com\/sl\/wp-json\/wp\/v2\/product_tag?post=7148"}],"curies":[{"name":"wp","href":"https:\/\/api.w.org\/{rel}","templated":true}]}}