{"id":7052,"date":"2024-10-23T18:11:11","date_gmt":"2024-10-23T16:11:11","guid":{"rendered":"http:\/\/billigtrikots.com\/?post_type=product&#038;p=7052"},"modified":"2024-10-23T18:13:16","modified_gmt":"2024-10-23T16:13:16","slug":"neuen-inter-mailand-22-23-auswaertstrikot-in-tuerkis-und-weiss-guenstige-fussball-trikotsatz","status":"publish","type":"product","link":"https:\/\/www.billigtrikotde.com\/sl\/neuen-inter-mailand-22-23-auswaertstrikot-in-tuerkis-und-weiss-guenstige-fussball-trikotsatz\/","title":{"rendered":"Novi Inter Mailand 22-23 zunanji dres v turkizni in beli barvi, ugodni nogometni dres set"},"content":{"rendered":"<p>Das Nike Inter 22-23 Ausw\u00e4rtstrikot kombiniert ein wei\u00dfes Grundmaterial mit &#8222;Light Aqua&#8220; f\u00fcr eine All-Over-Grafik und Schwarz f\u00fcr die Marken- und Sponsorenlogos.Dazu geh\u00f6rt auch das Inter-Wappen, das in T\u00fcrkis und Wei\u00df mit schwarzer Umrandung neu eingef\u00e4rbt wurde, passend zum Farbschema des gesamten Trikots.<\/p>\n<p>Najopaznej\u0161i zna\u010dilnost nove gostujo\u010de majice Inter 22 je zagotovo grafika, ki ob natan\u010dnej\u0161em pogledu prikazuje svetovno karto, na kateri sta Italija in Milano neposredno pod grbom kluba. To je namig na zgodovino Interja kot kluba, ki je vedno sprejemal italijanske in tuje igralce brez omejitev. Nike Inter 22-23 gostujo\u010da majica bo na voljo od za\u010detka septembra 2022.<\/p>\n<p>Das Nike Inter 22-23 Ausw\u00e4rtstrikot kombiniert eine wei\u00dfe Grundlage mit &#8222;Light Aqua&#8220; f\u00fcr eine durchgehende Grafik und Schwarz f\u00fcr die Marken- und Sponsorenlogos.<\/p>\n<p>Nasveti za tiskanje: \u010ce sta ime in \u0161tevilka na sliki to\u010dno tak\u0161na, kot ju \u017eelite, ju ni treba ponovno vnesti. \u010ce ni tako, vnesite \u017eeleno ime in \u0161tevilko.<\/p>\n<p>Nasveti za pranje: Priporo\u010dljivo je, da nogometne majice perete ro\u010dno. \u010ce \u017eelite uporabiti pralni stroj, ne pozabite nogometne majice obrniti narobe in jih nato oprati. Stroj napolnite s hladno vodo in uporabite ob\u010dutljiv cikel, da bolje za\u0161\u010ditite barve.<\/p>","protected":false},"excerpt":{"rendered":"<p>Nike Inter 22-23 zunanja majica zdru\u017euje belo osnovno tkanino z \u201eLight Aqua\u201c za celotno grafiko in \u010drno za blagovne in sponzorske logotipe. Vklju\u010duje tudi grb Inter, ki je bil prebarvan v turkizno in belo z \u010drno obrobo, v skladu z barvno shemo celotne majice. Najopaznej\u0161i zna\u010dilnost nove zunanje majice Inter 22 je zagotovo grafika, ki [...]<\/p>","protected":false},"featured_media":7084,"comment_status":"open","ping_status":"closed","template":"","meta":[],"product_brand":[],"product_cat":[77],"product_tag":[20,21,22,23,24,298,78],"class_list":{"0":"post-7052","1":"product","2":"type-product","3":"status-publish","4":"has-post-thumbnail","6":"product_cat-inter-milan","7":"product_tag-coole-fussballtrikots","8":"product_tag-fussballtrikot-fuer-herren","9":"product_tag-fussballtrikot-guenstig-kaufen","10":"product_tag-fussballtrikot-kurzarm","11":"product_tag-guenstiges-fussballtrikot","12":"product_tag-inter-mailand-22-23-auswaertstrikot","13":"product_tag-inter-milan-trikots","15":"first","16":"instock","17":"shipping-taxable","18":"purchasable","19":"product-type-variable"},"_links":{"self":[{"href":"https:\/\/www.billigtrikotde.com\/sl\/wp-json\/wp\/v2\/product\/7052","targetHints":{"allow":["GET"]}}],"collection":[{"href":"https:\/\/www.billigtrikotde.com\/sl\/wp-json\/wp\/v2\/product"}],"about":[{"href":"https:\/\/www.billigtrikotde.com\/sl\/wp-json\/wp\/v2\/types\/product"}],"replies":[{"embeddable":true,"href":"https:\/\/www.billigtrikotde.com\/sl\/wp-json\/wp\/v2\/comments?post=7052"}],"wp:featuredmedia":[{"embeddable":true,"href":"https:\/\/www.billigtrikotde.com\/sl\/wp-json\/wp\/v2\/media\/7084"}],"wp:attachment":[{"href":"https:\/\/www.billigtrikotde.com\/sl\/wp-json\/wp\/v2\/media?parent=7052"}],"wp:term":[{"taxonomy":"product_brand","embeddable":true,"href":"https:\/\/www.billigtrikotde.com\/sl\/wp-json\/wp\/v2\/product_brand?post=7052"},{"taxonomy":"product_cat","embeddable":true,"href":"https:\/\/www.billigtrikotde.com\/sl\/wp-json\/wp\/v2\/product_cat?post=7052"},{"taxonomy":"product_tag","embeddable":true,"href":"https:\/\/www.billigtrikotde.com\/sl\/wp-json\/wp\/v2\/product_tag?post=7052"}],"curies":[{"name":"wp","href":"https:\/\/api.w.org\/{rel}","templated":true}]}}