{"id":705,"date":"2024-10-23T13:00:49","date_gmt":"2024-10-23T11:00:49","guid":{"rendered":"http:\/\/billigtrikots.com\/?post_type=product&#038;p=705"},"modified":"2024-10-23T13:02:23","modified_gmt":"2024-10-23T11:02:23","slug":"paris-saint-germain-heimtrikot-2021-22-dunkelblau-weiss-mit-aufdruck-verratti-6","status":"publish","type":"product","link":"https:\/\/www.billigtrikotde.com\/sl\/paris-saint-germain-heimtrikot-2021-22-dunkelblau-weiss-mit-aufdruck-verratti-6\/","title":{"rendered":"Paris Saint Germain doma\u010da majica 2021\/22 temno modra\/bela s potiskom Verratti 6"},"content":{"rendered":"<p>Predstavi svojo ekipo z doma\u010do majico Paris Saint-Germain Stadium. Izjemno zra\u010dno material odvaja znoj od ko\u017ee in zagotavlja hladen ob\u010dutek pri no\u0161enju na igri\u0161\u010du ali med navijanjem svoje ekipe na tribunah. Ta izdelek je 100 % izdelan iz recikliranega poliestra.<\/p>\n<p>Posebej zra\u010den material s tehnologijo Nike Dri-FIT odvaja znoj stran od ko\u017ee, tako da hitreje izhlapeva, zaradi \u010desar ostanete suhi in udobni.<\/p>\n<p>Nasveti za tiskanje: \u010ce sta ime in \u0161tevilka na sliki to\u010dno tak\u0161na, kot ju \u017eelite, ju ni treba ponovno vnesti. \u010ce ni tako, vnesite \u017eeleno ime in \u0161tevilko.<\/p>\n<p>Nasveti za pranje: Priporo\u010dljivo je, da nogometne majice perete ro\u010dno. \u010ce \u017eelite uporabiti pralni stroj, ne pozabite nogometne majice obrniti narobe in jih nato oprati. Stroj napolnite s hladno vodo in uporabite ob\u010dutljiv cikel, da bolje za\u0161\u010ditite barve.<\/p>","protected":false},"excerpt":{"rendered":"<p>Repr\u00e4sentiere dein Team mit dem Paris Saint-Germain Stadium-Heimtrikot. Das \u00e4u\u00dferst atmungsaktive Material leitet den Schwei\u00df von der Haut ab und sorgt damit f\u00fcr k\u00fchlen Tragekomfort auf dem Spielfeld oder beim Anfeuern deines Teams auf der Trib\u00fcne. Dieses Produkt besteht zu 100 % aus recyceltem Polyester. Besonders atmungsaktives Material mit Nike Dri-FIT-Technologie leitet Schwei\u00df von der [&hellip;]<\/p>","protected":false},"featured_media":741,"comment_status":"open","ping_status":"closed","template":"","meta":[],"product_brand":[],"product_cat":[39],"product_tag":[20,21,22,23,24,41],"class_list":{"0":"post-705","1":"product","2":"type-product","3":"status-publish","4":"has-post-thumbnail","6":"product_cat-paris-saint-germain","7":"product_tag-coole-fussballtrikots","8":"product_tag-fussballtrikot-fuer-herren","9":"product_tag-fussballtrikot-guenstig-kaufen","10":"product_tag-fussballtrikot-kurzarm","11":"product_tag-guenstiges-fussballtrikot","12":"product_tag-paris-saint-germain-trikots","14":"first","15":"instock","16":"shipping-taxable","17":"purchasable","18":"product-type-variable"},"_links":{"self":[{"href":"https:\/\/www.billigtrikotde.com\/sl\/wp-json\/wp\/v2\/product\/705","targetHints":{"allow":["GET"]}}],"collection":[{"href":"https:\/\/www.billigtrikotde.com\/sl\/wp-json\/wp\/v2\/product"}],"about":[{"href":"https:\/\/www.billigtrikotde.com\/sl\/wp-json\/wp\/v2\/types\/product"}],"replies":[{"embeddable":true,"href":"https:\/\/www.billigtrikotde.com\/sl\/wp-json\/wp\/v2\/comments?post=705"}],"wp:featuredmedia":[{"embeddable":true,"href":"https:\/\/www.billigtrikotde.com\/sl\/wp-json\/wp\/v2\/media\/741"}],"wp:attachment":[{"href":"https:\/\/www.billigtrikotde.com\/sl\/wp-json\/wp\/v2\/media?parent=705"}],"wp:term":[{"taxonomy":"product_brand","embeddable":true,"href":"https:\/\/www.billigtrikotde.com\/sl\/wp-json\/wp\/v2\/product_brand?post=705"},{"taxonomy":"product_cat","embeddable":true,"href":"https:\/\/www.billigtrikotde.com\/sl\/wp-json\/wp\/v2\/product_cat?post=705"},{"taxonomy":"product_tag","embeddable":true,"href":"https:\/\/www.billigtrikotde.com\/sl\/wp-json\/wp\/v2\/product_tag?post=705"}],"curies":[{"name":"wp","href":"https:\/\/api.w.org\/{rel}","templated":true}]}}