{"id":6958,"date":"2024-10-23T18:06:42","date_gmt":"2024-10-23T16:06:42","guid":{"rendered":"http:\/\/billigtrikots.com\/?post_type=product&#038;p=6958"},"modified":"2024-10-23T18:08:50","modified_gmt":"2024-10-23T16:08:50","slug":"herren-inter-mailand-2022-2023-heimtrikot-blau-kurzarm-kurze-hosen","status":"publish","type":"product","link":"https:\/\/www.billigtrikotde.com\/sl\/herren-inter-mailand-2022-2023-heimtrikot-blau-kurzarm-kurze-hosen\/","title":{"rendered":"Mo\u0161ki Inter Milan 2022-2023 Home Jersey Blue Kratki rokavi + kratke hla\u010de"},"content":{"rendered":"<p>V uradnih pravilnikih opremljanja Serie A ni dolo\u010dene postavitve Coccarde in Scudetta (znak zmagovalca Serie A). Ekipe lahko oba znaka namestijo kjerkoli na dresu, tudi v sredini. Inter se je morda odlo\u010dil, da Coccardo postavi v sredino, da bi se izognil zamenjavam z Scudetto (znak zmagovalca Serie A), ki je tradicionalno postavljen v sredino. V letih, ko je Juventus osvojil tako Serie A kot Coppa Italia, je bil znak name\u0161\u010den nad logotipom Adidas, drugi pa nad grbom.<br \/>\nV uradnih pravilnikih opremljanja Serie A ni dolo\u010dene postavitve Coccarde in Scudetta (znak zmagovalca Serie A). Ekipe lahko oba znaka namestijo kjerkoli na dresu, tudi v sredini. Inter se je morda odlo\u010dil, da Coccardo postavi v sredino, da bi se izognil zamenjavam z Scudetto (znak zmagovalca Serie A), ki je tradicionalno postavljen v sredino. V letih, ko je Juventus osvojil tako Serie A kot Coppa Italia, je bil znak name\u0161\u010den nad logotipom Adidas, drugi pa nad grbom.<\/p>\n<p>Nasveti za tiskanje: \u010ce sta ime in \u0161tevilka na sliki to\u010dno tak\u0161na, kot ju \u017eelite, ju ni treba ponovno vnesti. \u010ce ni tako, vnesite \u017eeleno ime in \u0161tevilko.<\/p>\n<p>Nasveti za pranje: Priporo\u010dljivo je, da nogometne majice perete ro\u010dno. \u010ce \u017eelite uporabiti pralni stroj, ne pozabite nogometne majice obrniti narobe in jih nato oprati. Stroj napolnite s hladno vodo in uporabite ob\u010dutljiv cikel, da bolje za\u0161\u010ditite barve.<\/p>","protected":false},"excerpt":{"rendered":"<p>Auf dem neuen Nike Inter Mailand Trikot 2022-2023 ist das offizielle Abzeichen des Coppa Italia-Siegers, die Coccarda, ungew\u00f6hnlich platziert.In Italien hat der Gewinner des nationalen Pokals (Coppa Italia) das Recht, in der n\u00e4chsten Saison die &#8222;Coccarda&#8220; zu tragen. Die Coccarda (Rosette) ist ein Rundabzeichen in Italiens ber\u00fchmter Trikolore.Die Coccarda ist oben rechts platziert. Allerdings ist [&hellip;]<\/p>","protected":false},"featured_media":6997,"comment_status":"open","ping_status":"closed","template":"","meta":[],"product_brand":[],"product_cat":[77],"product_tag":[20,21,22,23,24,297,78],"class_list":{"0":"post-6958","1":"product","2":"type-product","3":"status-publish","4":"has-post-thumbnail","6":"product_cat-inter-milan","7":"product_tag-coole-fussballtrikots","8":"product_tag-fussballtrikot-fuer-herren","9":"product_tag-fussballtrikot-guenstig-kaufen","10":"product_tag-fussballtrikot-kurzarm","11":"product_tag-guenstiges-fussballtrikot","12":"product_tag-inter-mailand-heimtrikot","13":"product_tag-inter-milan-trikots","15":"first","16":"instock","17":"shipping-taxable","18":"purchasable","19":"product-type-variable"},"_links":{"self":[{"href":"https:\/\/www.billigtrikotde.com\/sl\/wp-json\/wp\/v2\/product\/6958","targetHints":{"allow":["GET"]}}],"collection":[{"href":"https:\/\/www.billigtrikotde.com\/sl\/wp-json\/wp\/v2\/product"}],"about":[{"href":"https:\/\/www.billigtrikotde.com\/sl\/wp-json\/wp\/v2\/types\/product"}],"replies":[{"embeddable":true,"href":"https:\/\/www.billigtrikotde.com\/sl\/wp-json\/wp\/v2\/comments?post=6958"}],"wp:featuredmedia":[{"embeddable":true,"href":"https:\/\/www.billigtrikotde.com\/sl\/wp-json\/wp\/v2\/media\/6997"}],"wp:attachment":[{"href":"https:\/\/www.billigtrikotde.com\/sl\/wp-json\/wp\/v2\/media?parent=6958"}],"wp:term":[{"taxonomy":"product_brand","embeddable":true,"href":"https:\/\/www.billigtrikotde.com\/sl\/wp-json\/wp\/v2\/product_brand?post=6958"},{"taxonomy":"product_cat","embeddable":true,"href":"https:\/\/www.billigtrikotde.com\/sl\/wp-json\/wp\/v2\/product_cat?post=6958"},{"taxonomy":"product_tag","embeddable":true,"href":"https:\/\/www.billigtrikotde.com\/sl\/wp-json\/wp\/v2\/product_tag?post=6958"}],"curies":[{"name":"wp","href":"https:\/\/api.w.org\/{rel}","templated":true}]}}