{"id":6882,"date":"2024-10-23T18:03:14","date_gmt":"2024-10-23T16:03:14","guid":{"rendered":"http:\/\/billigtrikots.com\/?post_type=product&#038;p=6882"},"modified":"2024-10-23T18:04:52","modified_gmt":"2024-10-23T16:04:52","slug":"herren-ac-milan-heimtrikot-2022-23-schwarz-rot-trikotsatz-mit-aufdruck-tonali-8","status":"publish","type":"product","link":"https:\/\/www.billigtrikotde.com\/sl\/herren-ac-milan-heimtrikot-2022-23-schwarz-rot-trikotsatz-mit-aufdruck-tonali-8\/","title":{"rendered":"Mo\u0161ki AC Milan Home Jersey 2022\/23 Black Red Kit with Print TONALI 8"},"content":{"rendered":"<p>Triko za nogomet Puma Milan 2022-23 zdru\u017euje \u010drno in rde\u010do Tango Puma. To so enake barve kot v zadnji sezoni, le da je \u010drna zdaj glavna barva, rde\u010da pa sekundarna.<\/p>\n<p>Nasveti za tiskanje: \u010ce sta ime in \u0161tevilka na sliki to\u010dno tak\u0161na, kot ju \u017eelite, ju ni treba ponovno vnesti. \u010ce ni tako, vnesite \u017eeleno ime in \u0161tevilko.<\/p>\n<p>Nasveti za pranje: Priporo\u010dljivo je, da nogometne majice perete ro\u010dno. \u010ce \u017eelite uporabiti pralni stroj, ne pozabite nogometne majice obrniti narobe in jih nato oprati. Stroj napolnite s hladno vodo in uporabite ob\u010dutljiv cikel, da bolje za\u0161\u010ditite barve.<\/p>","protected":false},"excerpt":{"rendered":"<p>Puma Milan 2022-23 nogometna majica zdru\u017euje Puma \u010drno in Tango rde\u010do. To so enake barve kot v zadnji sezoni, le da je \u010drna zdaj glavna barva, rde\u010da pa sekundarna. Nasveti za tiskanje: \u010ce se ime in \u0161tevilka na sliki popolnoma ujemata z va\u0161imi \u017eeljami, ju ni treba znova vna\u0161ati. \u010ce [\u2026]<\/p>","protected":false},"featured_media":6915,"comment_status":"open","ping_status":"closed","template":"","meta":[],"product_brand":[],"product_cat":[15],"product_tag":[292,293,294,20,21,22,23],"class_list":{"0":"post-6882","1":"product","2":"type-product","3":"status-publish","4":"has-post-thumbnail","6":"product_cat-unkategorisiert","7":"product_tag-ac-milan-neues-trikot-22-23","8":"product_tag-ac-milan-trikot-bestellen","9":"product_tag-alle-ac-mailand-trikots","10":"product_tag-coole-fussballtrikots","11":"product_tag-fussballtrikot-fuer-herren","12":"product_tag-fussballtrikot-guenstig-kaufen","13":"product_tag-fussballtrikot-kurzarm","15":"first","16":"instock","17":"shipping-taxable","18":"purchasable","19":"product-type-variable"},"_links":{"self":[{"href":"https:\/\/www.billigtrikotde.com\/sl\/wp-json\/wp\/v2\/product\/6882","targetHints":{"allow":["GET"]}}],"collection":[{"href":"https:\/\/www.billigtrikotde.com\/sl\/wp-json\/wp\/v2\/product"}],"about":[{"href":"https:\/\/www.billigtrikotde.com\/sl\/wp-json\/wp\/v2\/types\/product"}],"replies":[{"embeddable":true,"href":"https:\/\/www.billigtrikotde.com\/sl\/wp-json\/wp\/v2\/comments?post=6882"}],"wp:featuredmedia":[{"embeddable":true,"href":"https:\/\/www.billigtrikotde.com\/sl\/wp-json\/wp\/v2\/media\/6915"}],"wp:attachment":[{"href":"https:\/\/www.billigtrikotde.com\/sl\/wp-json\/wp\/v2\/media?parent=6882"}],"wp:term":[{"taxonomy":"product_brand","embeddable":true,"href":"https:\/\/www.billigtrikotde.com\/sl\/wp-json\/wp\/v2\/product_brand?post=6882"},{"taxonomy":"product_cat","embeddable":true,"href":"https:\/\/www.billigtrikotde.com\/sl\/wp-json\/wp\/v2\/product_cat?post=6882"},{"taxonomy":"product_tag","embeddable":true,"href":"https:\/\/www.billigtrikotde.com\/sl\/wp-json\/wp\/v2\/product_tag?post=6882"}],"curies":[{"name":"wp","href":"https:\/\/api.w.org\/{rel}","templated":true}]}}