{"id":6800,"date":"2024-10-23T17:59:08","date_gmt":"2024-10-23T15:59:08","guid":{"rendered":"http:\/\/billigtrikots.com\/?post_type=product&#038;p=6800"},"modified":"2025-10-16T16:03:49","modified_gmt":"2025-10-16T14:03:49","slug":"herren-real-madrid-2022-2023-auswaertstrikots-kurzarm-fussballtrikots-guenstig-marcelo-12","status":"publish","type":"product","link":"https:\/\/www.billigtrikotde.com\/sl\/herren-real-madrid-2022-2023-auswaertstrikots-kurzarm-fussballtrikots-guenstig-marcelo-12\/","title":{"rendered":"Mo\u0161ki Real Madrid 2022-2023 Away majice kratkimi rokavi nogometne majice poceni MARCELO 12"},"content":{"rendered":"<p>Real Madrid CF 22-23 gostujo\u010da majica je \u201esvetlo vijoli\u010dna\u201c. Svetlo vijoli\u010dna je enaka vijoli\u010dna barva, ki se uporablja tudi za majico Real Madrid 22-23. Sama barva je bolj bleda, svetla vijoli\u010dna. Odkrijte gostujo\u010do majico Real Madrid 2022\/2023. Ponosno nosite barve Merengue na igri\u0161\u010du ali na prostem. Prilagodljiva in lahka majica z Adidas Aeroready tehnologijo, kos obla\u010dila, ki prepre\u010duje, da bi znoj vdrl v va\u0161e igro ali trening. Ostajte suhi po pospe\u0161evanju.<\/p>\n<p>Nasveti za tiskanje: \u010ce sta ime in \u0161tevilka na sliki to\u010dno tak\u0161na, kot ju \u017eelite, ju ni treba ponovno vnesti. \u010ce ni tako, vnesite \u017eeleno ime in \u0161tevilko.<\/p>\n<p>Nasveti za pranje: Priporo\u010dljivo je, da nogometne majice perete ro\u010dno. \u010ce \u017eelite uporabiti pralni stroj, ne pozabite nogometne majice obrniti narobe in jih nato oprati. Stroj napolnite s hladno vodo in uporabite ob\u010dutljiv cikel, da bolje za\u0161\u010ditite barve.<\/p>","protected":false},"excerpt":{"rendered":"<p>Das Real Madrid CF 22-23 Ausw\u00e4rtstrikot ist \u201eLight Purple\u201c. Light Purple ist das gleiche Lila, das auch f\u00fcr das Trikot von Real Madrid 22-23 verwendet wird. Die Farbe selbst ist ein eher blasses, helles Lila. Entdecke das Real Madrid 2022\/2023 Ausw\u00e4rtstrikot. Tragen Sie stolz die Merengue-Farben auf dem Rasen oder im Freien.Ein flexibles und leichtes [&hellip;]<\/p>","protected":false},"featured_media":6832,"comment_status":"open","ping_status":"closed","template":"","meta":[],"product_brand":[],"product_cat":[45],"product_tag":[20,38,21,228,24,291,271,267,47,268],"class_list":{"0":"post-6800","1":"product","2":"type-product","3":"status-publish","4":"has-post-thumbnail","6":"product_cat-real-madrid","7":"product_tag-coole-fussballtrikots","8":"product_tag-fussball-trikot-langarm","9":"product_tag-fussballtrikot-fuer-herren","10":"product_tag-guenstige-fussballtrikot","11":"product_tag-guenstiges-fussballtrikot","12":"product_tag-real-madrid-2022-2023-auswaertstrikots","13":"product_tag-real-madrid-trikot-herren-guenstig","14":"product_tag-real-madrid-trikot-langarm-herren","15":"product_tag-real-madrid-trikots","16":"product_tag-real-madrid-trikots-22-23","18":"first","19":"instock","20":"shipping-taxable","21":"purchasable","22":"product-type-variable"},"_links":{"self":[{"href":"https:\/\/www.billigtrikotde.com\/sl\/wp-json\/wp\/v2\/product\/6800","targetHints":{"allow":["GET"]}}],"collection":[{"href":"https:\/\/www.billigtrikotde.com\/sl\/wp-json\/wp\/v2\/product"}],"about":[{"href":"https:\/\/www.billigtrikotde.com\/sl\/wp-json\/wp\/v2\/types\/product"}],"replies":[{"embeddable":true,"href":"https:\/\/www.billigtrikotde.com\/sl\/wp-json\/wp\/v2\/comments?post=6800"}],"wp:featuredmedia":[{"embeddable":true,"href":"https:\/\/www.billigtrikotde.com\/sl\/wp-json\/wp\/v2\/media\/6832"}],"wp:attachment":[{"href":"https:\/\/www.billigtrikotde.com\/sl\/wp-json\/wp\/v2\/media?parent=6800"}],"wp:term":[{"taxonomy":"product_brand","embeddable":true,"href":"https:\/\/www.billigtrikotde.com\/sl\/wp-json\/wp\/v2\/product_brand?post=6800"},{"taxonomy":"product_cat","embeddable":true,"href":"https:\/\/www.billigtrikotde.com\/sl\/wp-json\/wp\/v2\/product_cat?post=6800"},{"taxonomy":"product_tag","embeddable":true,"href":"https:\/\/www.billigtrikotde.com\/sl\/wp-json\/wp\/v2\/product_tag?post=6800"}],"curies":[{"name":"wp","href":"https:\/\/api.w.org\/{rel}","templated":true}]}}