{"id":673,"date":"2024-10-23T12:59:16","date_gmt":"2024-10-23T10:59:16","guid":{"rendered":"http:\/\/billigtrikots.com\/?post_type=product&#038;p=673"},"modified":"2024-10-23T13:01:16","modified_gmt":"2024-10-23T11:01:16","slug":"trikotsatz-paris-saint-germain-21-22-auswaertstrikot-weiss-mit-aufdruck-di-maria-11","status":"publish","type":"product","link":"https:\/\/www.billigtrikotde.com\/sl\/trikotsatz-paris-saint-germain-21-22-auswaertstrikot-weiss-mit-aufdruck-di-maria-11\/","title":{"rendered":"Paris Saint Germain 21\/22 gostujo\u010di komplet bele barve s potiskom Di Mar\u00eda 11"},"content":{"rendered":"<p>Poka\u017eite svojo pripadnost svoji ekipi s svetlim modelom v beli barvi. S \u0161portno majico iz podjetja Nike res ni mogo\u010de zgre\u0161iti. Kot pravi navija\u010d Paris Saint-Germain potrebujete to \u0161portno majico. Udoben, zra\u010den, odvajajo\u010d pot in lahek model vas bo prepri\u010dal na vseh ravneh. To je majica, ki jo lahko s ponosom poka\u017eete zaradi klubske grbe na prsih, ki vam bo zagotovo prinesla uspeh. S tem \u0161portnim topom ste odli\u010dno opremljeni za vsako vadbo.<\/p>\n<p>Nasveti za tiskanje: \u010ce sta ime in \u0161tevilka na sliki to\u010dno tak\u0161na, kot ju \u017eelite, ju ni treba ponovno vnesti. \u010ce ni tako, vnesite \u017eeleno ime in \u0161tevilko.<\/p>\n<p>Nasveti za pranje: Priporo\u010dljivo je, da nogometne majice perete ro\u010dno. \u010ce \u017eelite uporabiti pralni stroj, ne pozabite nogometne majice obrniti narobe in jih nato oprati. Stroj napolnite s hladno vodo in uporabite ob\u010dutljiv cikel, da bolje za\u0161\u010ditite barve.<\/p>","protected":false},"excerpt":{"rendered":"<p>Zeige deine Zugeh\u00f6rigkeit zu deinem Team durch das leichte Modell in Wei\u00df. Mit dem Sportshirt aus dem Hause Nike kann man wirklich nichts falsch machen. Als echter Paris Saint-Germain-Fan brauchst du dieses Sportshirt. Das bequeme, atmungsaktive, schwei\u00dfableitende und leichte Modell \u00fcberzeugt auf ganzer Linie. Dies ist ein Shirt, das durch das Vereinswappen auf der Brust [&hellip;]<\/p>","protected":false},"featured_media":703,"comment_status":"open","ping_status":"closed","template":"","meta":[],"product_brand":[],"product_cat":[39],"product_tag":[20,43,21,22,23,24,44,41],"class_list":{"0":"post-673","1":"product","2":"type-product","3":"status-publish","4":"has-post-thumbnail","6":"product_cat-paris-saint-germain","7":"product_tag-coole-fussballtrikots","8":"product_tag-fussballkleidung","9":"product_tag-fussballtrikot-fuer-herren","10":"product_tag-fussballtrikot-guenstig-kaufen","11":"product_tag-fussballtrikot-kurzarm","12":"product_tag-guenstiges-fussballtrikot","13":"product_tag-paris-saint-germain-auswaertstrikot","14":"product_tag-paris-saint-germain-trikots","16":"first","17":"instock","18":"featured","19":"shipping-taxable","20":"purchasable","21":"product-type-variable"},"_links":{"self":[{"href":"https:\/\/www.billigtrikotde.com\/sl\/wp-json\/wp\/v2\/product\/673","targetHints":{"allow":["GET"]}}],"collection":[{"href":"https:\/\/www.billigtrikotde.com\/sl\/wp-json\/wp\/v2\/product"}],"about":[{"href":"https:\/\/www.billigtrikotde.com\/sl\/wp-json\/wp\/v2\/types\/product"}],"replies":[{"embeddable":true,"href":"https:\/\/www.billigtrikotde.com\/sl\/wp-json\/wp\/v2\/comments?post=673"}],"wp:featuredmedia":[{"embeddable":true,"href":"https:\/\/www.billigtrikotde.com\/sl\/wp-json\/wp\/v2\/media\/703"}],"wp:attachment":[{"href":"https:\/\/www.billigtrikotde.com\/sl\/wp-json\/wp\/v2\/media?parent=673"}],"wp:term":[{"taxonomy":"product_brand","embeddable":true,"href":"https:\/\/www.billigtrikotde.com\/sl\/wp-json\/wp\/v2\/product_brand?post=673"},{"taxonomy":"product_cat","embeddable":true,"href":"https:\/\/www.billigtrikotde.com\/sl\/wp-json\/wp\/v2\/product_cat?post=673"},{"taxonomy":"product_tag","embeddable":true,"href":"https:\/\/www.billigtrikotde.com\/sl\/wp-json\/wp\/v2\/product_tag?post=673"}],"curies":[{"name":"wp","href":"https:\/\/api.w.org\/{rel}","templated":true}]}}