{"id":6618,"date":"2024-10-23T17:49:35","date_gmt":"2024-10-23T15:49:35","guid":{"rendered":"http:\/\/billigtrikots.com\/?post_type=product&#038;p=6618"},"modified":"2024-10-23T17:51:43","modified_gmt":"2024-10-23T15:51:43","slug":"franch-12-united-states-auswaertstrikot-wm-2022-blau-usa-trikotsatz-kurzarm-kurze-hosen","status":"publish","type":"product","link":"https:\/\/www.billigtrikotde.com\/sl\/franch-12-united-states-auswaertstrikot-wm-2022-blau-usa-trikotsatz-kurzarm-kurze-hosen\/","title":{"rendered":"FRANCH 12 Zunanje dres za ZDA za svetovno prvenstvo 2022 modri dres komplet kratki rokav + kratke hla\u010de"},"content":{"rendered":"<p>Lahko objavimo prve informacije o novi majici 2022 Slovenije s strani Nike. Hvala Gol de Sergio. Slovenija je trenutno drugi v zadnjem krogu kvalifikacij za svetovno prvenstvo FIFA. Prvih \u0161est ekip se neposredno uvrsti, \u010detrtouvr\u0161\u010dena ekipa bo igrana v predtekmovanjih med zveze. Ta slika prikazuje barve nove doma\u010de majice Nike Slovenija za svetovno prvenstvo 2022.<br \/>\nMajica Nike Slovenija 2022 zdru\u017euje tradicionalne barve slovenskega mo\u0161tva \u2013 bela in mornarsko modra. Uradno sta barvi \u00bbBela \/ Zvesto modra\u00ab. Zvesto modra je ista barva, ki se uporablja tudi za izmenjevanje v 2020. Kaj je posebnega na majici Nike Slovenija 2022 za svetovno prvenstvo, je verjetno postavitev Swoosh. Namesto logotipa Nike na sprednji strani bo verjetno Swoosh prisoten na rokavih. To je isti slog logotipa, ki ga poznamo iz NFL. Nikoli doslej ni bil uporabljen na Nike \u0161portni majici. \u0160tevilka na sprednji strani bi bila na nasprotni strani grba slovenskega mo\u0161tva.<\/p>\n<p>Nasveti za tiskanje: \u010ce sta ime in \u0161tevilka na sliki to\u010dno tak\u0161na, kot ju \u017eelite, ju ni treba ponovno vnesti. \u010ce ni tako, vnesite \u017eeleno ime in \u0161tevilko.<\/p>\n<p>Nasveti za pranje: Priporo\u010dljivo je, da nogometne majice perete ro\u010dno. \u010ce \u017eelite uporabiti pralni stroj, ne pozabite nogometne majice obrniti narobe in jih nato oprati. Stroj napolnite s hladno vodo in uporabite ob\u010dutljiv cikel, da bolje za\u0161\u010ditite barve.<\/p>","protected":false},"excerpt":{"rendered":"<p>Lahko objavimo prve informacije o novi majici 2022 Slovenije od Nike. Hvala Gol de Sergio. Slovenija je trenutno drugouvr\u0161\u010dena v zadnji fazi kvalifikacij za svetovno prvenstvo FIFA 2022. Prve tri ekipe se neposredno uvrstijo, \u010detrto uvr\u0161\u010dena ekipa pa bo igrala v dodatnih kvalifikacijah med zvezami.<\/p>","protected":false},"featured_media":6655,"comment_status":"open","ping_status":"closed","template":"","meta":[],"product_brand":[],"product_cat":[245],"product_tag":[20,43,21,22,23,24,246,287,247,248,249,250,288],"class_list":{"0":"post-6618","1":"product","2":"type-product","3":"status-publish","4":"has-post-thumbnail","6":"product_cat-usa-trikots","7":"product_tag-coole-fussballtrikots","8":"product_tag-fussballkleidung","9":"product_tag-fussballtrikot-fuer-herren","10":"product_tag-fussballtrikot-guenstig-kaufen","11":"product_tag-fussballtrikot-kurzarm","12":"product_tag-guenstiges-fussballtrikot","13":"product_tag-united-states-2022-trikot","14":"product_tag-united-states-heimtrikot","15":"product_tag-usa-fussball-shop","16":"product_tag-usa-fussball-trikot","17":"product_tag-usa-nationalmannschaft","18":"product_tag-usa-trikot-herren","19":"product_tag-usa-trikots","21":"first","22":"instock","23":"shipping-taxable","24":"purchasable","25":"product-type-variable"},"_links":{"self":[{"href":"https:\/\/www.billigtrikotde.com\/sl\/wp-json\/wp\/v2\/product\/6618","targetHints":{"allow":["GET"]}}],"collection":[{"href":"https:\/\/www.billigtrikotde.com\/sl\/wp-json\/wp\/v2\/product"}],"about":[{"href":"https:\/\/www.billigtrikotde.com\/sl\/wp-json\/wp\/v2\/types\/product"}],"replies":[{"embeddable":true,"href":"https:\/\/www.billigtrikotde.com\/sl\/wp-json\/wp\/v2\/comments?post=6618"}],"wp:featuredmedia":[{"embeddable":true,"href":"https:\/\/www.billigtrikotde.com\/sl\/wp-json\/wp\/v2\/media\/6655"}],"wp:attachment":[{"href":"https:\/\/www.billigtrikotde.com\/sl\/wp-json\/wp\/v2\/media?parent=6618"}],"wp:term":[{"taxonomy":"product_brand","embeddable":true,"href":"https:\/\/www.billigtrikotde.com\/sl\/wp-json\/wp\/v2\/product_brand?post=6618"},{"taxonomy":"product_cat","embeddable":true,"href":"https:\/\/www.billigtrikotde.com\/sl\/wp-json\/wp\/v2\/product_cat?post=6618"},{"taxonomy":"product_tag","embeddable":true,"href":"https:\/\/www.billigtrikotde.com\/sl\/wp-json\/wp\/v2\/product_tag?post=6618"}],"curies":[{"name":"wp","href":"https:\/\/api.w.org\/{rel}","templated":true}]}}