{"id":6482,"date":"2024-10-23T17:43:16","date_gmt":"2024-10-23T15:43:16","guid":{"rendered":"http:\/\/billigtrikots.com\/?post_type=product&#038;p=6482"},"modified":"2024-10-23T17:45:23","modified_gmt":"2024-10-23T15:45:23","slug":"fc-barcelona-2022-23-home-kit-heimtrikot-kurzarm-fussballtrikots-lewandowski-9","status":"publish","type":"product","link":"https:\/\/www.billigtrikotde.com\/sl\/fc-barcelona-2022-23-home-kit-heimtrikot-kurzarm-fussballtrikots-lewandowski-9\/","title":{"rendered":"FC Barcelona 2022\/23 Doma\u010di komplet Kratke rokave za nogometne majice LEWANDOWSKI 9"},"content":{"rendered":"<p>Doma\u010de triko FC Barcelona 2022-23 uvaja moderen videz in dodaja tradicionalne modrogranate \u010drte temno modri barvi. Rokavi in ovratek trika Barcelona 22-23 so enobarvno temno modri, medtem ko je sprednja stran zelo \u0161iroke \u010drte v temno modri, kraljevsko modri in rde\u010di barvi. Uradno ime temno modre barve, ki se uporablja na triku, je \u201e obsidian\u201c, kar je tudi barva logotipov na zlatem gostujo\u010dem triku.<br \/>\nDoma\u010de triko Barcelona 2022\/23 doda dve temno modri vertikalni \u010drti k ikoni\u010dnim kraljevsko modrim in rde\u010dim \u010drtam kluba. Barve katalonske zastave so name\u0161\u010dene na vratu. Prvi\u010d za biv\u0161ega evropskega prvaka je uporabljen mornardno modri blok za zgornji del prsi, ramena in rokav.<\/p>\n<p>Nasveti za tiskanje: \u010ce sta ime in \u0161tevilka na sliki to\u010dno tak\u0161na, kot ju \u017eelite, ju ni treba ponovno vnesti. \u010ce ni tako, vnesite \u017eeleno ime in \u0161tevilko.<\/p>\n<p>Nasveti za pranje: Priporo\u010dljivo je, da nogometne majice perete ro\u010dno. \u010ce \u017eelite uporabiti pralni stroj, ne pozabite nogometne majice obrniti narobe in jih nato oprati. Stroj napolnite s hladno vodo in uporabite ob\u010dutljiv cikel, da bolje za\u0161\u010ditite barve.<\/p>","protected":false},"excerpt":{"rendered":"<p>Doma\u010di dres FC Barcelona 2022-23 uvaja stilisti\u010den videz in doda tradicionalne modro-rde\u010de \u010drte z temno modro barvo. Rokavi in ovratnik dresa Barcelona 22-23 so enobarvno temno modri, medtem ko je sprednja stran precej \u0161irokih \u010drt v temno modri, kraljevsko modri in rde\u010di barvi. Uradno ime uporabljene temno modre barve na dresu je \u201eObsidian\u201c, kar tudi...<\/p>","protected":false},"featured_media":6514,"comment_status":"open","ping_status":"closed","template":"","meta":[],"product_brand":[],"product_cat":[31],"product_tag":[20,282,283,33,21,22,23,24],"class_list":{"0":"post-6482","1":"product","2":"type-product","3":"status-publish","4":"has-post-thumbnail","6":"product_cat-fc-barcelona","7":"product_tag-coole-fussballtrikots","8":"product_tag-fc-barcelona-2022-23-trikots","9":"product_tag-fc-barcelona-22-23-auswaertstrikot","10":"product_tag-fc-barcelona-trikots","11":"product_tag-fussballtrikot-fuer-herren","12":"product_tag-fussballtrikot-guenstig-kaufen","13":"product_tag-fussballtrikot-kurzarm","14":"product_tag-guenstiges-fussballtrikot","16":"first","17":"instock","18":"shipping-taxable","19":"purchasable","20":"product-type-variable"},"_links":{"self":[{"href":"https:\/\/www.billigtrikotde.com\/sl\/wp-json\/wp\/v2\/product\/6482","targetHints":{"allow":["GET"]}}],"collection":[{"href":"https:\/\/www.billigtrikotde.com\/sl\/wp-json\/wp\/v2\/product"}],"about":[{"href":"https:\/\/www.billigtrikotde.com\/sl\/wp-json\/wp\/v2\/types\/product"}],"replies":[{"embeddable":true,"href":"https:\/\/www.billigtrikotde.com\/sl\/wp-json\/wp\/v2\/comments?post=6482"}],"wp:featuredmedia":[{"embeddable":true,"href":"https:\/\/www.billigtrikotde.com\/sl\/wp-json\/wp\/v2\/media\/6514"}],"wp:attachment":[{"href":"https:\/\/www.billigtrikotde.com\/sl\/wp-json\/wp\/v2\/media?parent=6482"}],"wp:term":[{"taxonomy":"product_brand","embeddable":true,"href":"https:\/\/www.billigtrikotde.com\/sl\/wp-json\/wp\/v2\/product_brand?post=6482"},{"taxonomy":"product_cat","embeddable":true,"href":"https:\/\/www.billigtrikotde.com\/sl\/wp-json\/wp\/v2\/product_cat?post=6482"},{"taxonomy":"product_tag","embeddable":true,"href":"https:\/\/www.billigtrikotde.com\/sl\/wp-json\/wp\/v2\/product_tag?post=6482"}],"curies":[{"name":"wp","href":"https:\/\/api.w.org\/{rel}","templated":true}]}}