{"id":6448,"date":"2024-10-23T17:41:36","date_gmt":"2024-10-23T15:41:36","guid":{"rendered":"http:\/\/billigtrikots.com\/?post_type=product&#038;p=6448"},"modified":"2024-10-23T17:43:42","modified_gmt":"2024-10-23T15:43:42","slug":"fc-barcelona-2022-23-auswaertstrikots-goldene-kurzarm-mit-aufdruck-r-araujo-4","status":"publish","type":"product","link":"https:\/\/www.billigtrikotde.com\/sl\/fc-barcelona-2022-23-auswaertstrikots-goldene-kurzarm-mit-aufdruck-r-araujo-4\/","title":{"rendered":"FC Barcelona 2022\/23 Zunanji dres Zlati kratki rokavi z odtisom R.ARAUJO 4"},"content":{"rendered":"<p>FC Barcelona je v ponedeljek predstavil svojo novo zunanjo majico za sezono 2022\/23 javnosti. Zaradi ve\u010d uhajanj je bilo \u017ee mesece jasno, kako bo ta obleka v veliki meri izgledala, zdaj pa so bile objavljene prve uradne slike. Druga majica Kataloncev je popolnoma v zlati barvi, \u010dast olimpijskim igram, ki so potekale leta 1992 \u2013 torej pred 30 leti \u2013 v Barceloni in so trajno pozitivno vplivale na mestno podobo ter mednarodno zaznavo sredozemske metropole. \u0160e ena namig na ta \u0161portni veliki dogodek so okraski na rokavih in \u010devljih v barvah olimpijskih krogov. Poleg tega majica nosi vzorec mesta Barcelona.<\/p>\n<p>Nasveti za tiskanje: \u010ce sta ime in \u0161tevilka na sliki to\u010dno tak\u0161na, kot ju \u017eelite, ju ni treba ponovno vnesti. \u010ce ni tako, vnesite \u017eeleno ime in \u0161tevilko.<\/p>\n<p>Nasveti za pranje: Priporo\u010dljivo je, da nogometne majice perete ro\u010dno. \u010ce \u017eelite uporabiti pralni stroj, ne pozabite nogometne majice obrniti narobe in jih nato oprati. Stroj napolnite s hladno vodo in uporabite ob\u010dutljiv cikel, da bolje za\u0161\u010ditite barve.<\/p>","protected":false},"excerpt":{"rendered":"<p>FC Barcelona je v ponedeljek predstavil svojo novo zunanjo majico za sezono 2022\/23 javnosti. Zaradi ve\u010d uhajanj je bilo \u017ee mesece jasno, kako bo ta obleka v veliki meri izgledala, zdaj pa so bile objavljene prve uradne slike. Druga majica Kataloncev je popolnoma v zlati barvi, \u010dast olimpijskim igram [...]<\/p>","protected":false},"featured_media":6487,"comment_status":"open","ping_status":"closed","template":"","meta":[],"product_brand":[],"product_cat":[31],"product_tag":[20,282,283,33,21,22,23,24],"class_list":{"0":"post-6448","1":"product","2":"type-product","3":"status-publish","4":"has-post-thumbnail","6":"product_cat-fc-barcelona","7":"product_tag-coole-fussballtrikots","8":"product_tag-fc-barcelona-2022-23-trikots","9":"product_tag-fc-barcelona-22-23-auswaertstrikot","10":"product_tag-fc-barcelona-trikots","11":"product_tag-fussballtrikot-fuer-herren","12":"product_tag-fussballtrikot-guenstig-kaufen","13":"product_tag-fussballtrikot-kurzarm","14":"product_tag-guenstiges-fussballtrikot","16":"first","17":"instock","18":"shipping-taxable","19":"purchasable","20":"product-type-variable"},"_links":{"self":[{"href":"https:\/\/www.billigtrikotde.com\/sl\/wp-json\/wp\/v2\/product\/6448","targetHints":{"allow":["GET"]}}],"collection":[{"href":"https:\/\/www.billigtrikotde.com\/sl\/wp-json\/wp\/v2\/product"}],"about":[{"href":"https:\/\/www.billigtrikotde.com\/sl\/wp-json\/wp\/v2\/types\/product"}],"replies":[{"embeddable":true,"href":"https:\/\/www.billigtrikotde.com\/sl\/wp-json\/wp\/v2\/comments?post=6448"}],"wp:featuredmedia":[{"embeddable":true,"href":"https:\/\/www.billigtrikotde.com\/sl\/wp-json\/wp\/v2\/media\/6487"}],"wp:attachment":[{"href":"https:\/\/www.billigtrikotde.com\/sl\/wp-json\/wp\/v2\/media?parent=6448"}],"wp:term":[{"taxonomy":"product_brand","embeddable":true,"href":"https:\/\/www.billigtrikotde.com\/sl\/wp-json\/wp\/v2\/product_brand?post=6448"},{"taxonomy":"product_cat","embeddable":true,"href":"https:\/\/www.billigtrikotde.com\/sl\/wp-json\/wp\/v2\/product_cat?post=6448"},{"taxonomy":"product_tag","embeddable":true,"href":"https:\/\/www.billigtrikotde.com\/sl\/wp-json\/wp\/v2\/product_tag?post=6448"}],"curies":[{"name":"wp","href":"https:\/\/api.w.org\/{rel}","templated":true}]}}