{"id":6302,"date":"2024-10-23T17:34:42","date_gmt":"2024-10-23T15:34:42","guid":{"rendered":"http:\/\/billigtrikots.com\/?post_type=product&#038;p=6302"},"modified":"2024-10-23T17:36:58","modified_gmt":"2024-10-23T15:36:58","slug":"lewandowski-9-kinder-fc-barcelona-22-23-auswaertstrikot-goldene-grundfarbe-trikotsatz","status":"publish","type":"product","link":"https:\/\/www.billigtrikotde.com\/sl\/lewandowski-9-kinder-fc-barcelona-22-23-auswaertstrikot-goldene-grundfarbe-trikotsatz\/","title":{"rendered":"LEWANDOWSKI 9 Kids FC Barcelona 22-23 Away Jersey Golden Basic Colour Kit"},"content":{"rendered":"<p>Trening FC Barcelona 22-23 v gosteh ima zlato osnovno barvo, ki vzbuja spomine na zgodnja 2000-ta leta. Vsi logotipi so v temni mornarski modri barvi. Barva in dizajn rokavov novega treninga sta namig na zlate medalje, ki jih \u0161portniki prejmejo na olimpijskih igrah, 30 let po tem, ko so bile olimpijske igre leta 1992 v Barceloni. Igre so bile odprte 25. julija 1992. Poleg tega so barve petih olimpijskih krogov vidne na man\u0161etah rokavov in na nogavicah.<\/p>\n<p>Kot drugi treningi iz na\u0161e kolekcije Stadium tudi ta s podrobnostmi v repliki in tehnologijo za odvajanje potu zagotavlja videz, pripravljen za igro, ki je navdihnjen od tvojega najljub\u0161ega mo\u0161tva.<\/p>\n<p>Nasveti za tiskanje: \u010ce sta ime in \u0161tevilka na sliki to\u010dno tak\u0161na, kot ju \u017eelite, ju ni treba ponovno vnesti. \u010ce ni tako, vnesite \u017eeleno ime in \u0161tevilko.<\/p>\n<p>Nasveti za pranje: Priporo\u010dljivo je, da nogometne majice perete ro\u010dno. \u010ce \u017eelite uporabiti pralni stroj, ne pozabite nogometne majice obrniti narobe in jih nato oprati. Stroj napolnite s hladno vodo in uporabite ob\u010dutljiv cikel, da bolje za\u0161\u010ditite barve.<\/p>","protected":false},"excerpt":{"rendered":"<p>Das FC Barcelona 22-23 Ausw\u00e4rtstrikot hat eine goldene Grundfarbe, die Erinnerungen an die fr\u00fchen 2000er Jahre weckt. Alle Logos sind in dunklem Marineblau gehalten.Die Farbe und das \u00c4rmeldesign des neuen Trikots sind eine Anspielung auf die Goldmedaillen, die die Athleten bei den Olympischen Spielen erhalten, 30 Jahre nachdem die Olympischen Spiele 1992 in Barcelona stattfanden. [&hellip;]<\/p>","protected":false},"featured_media":6334,"comment_status":"open","ping_status":"closed","template":"","meta":[],"product_brand":[],"product_cat":[146],"product_tag":[147,20,279,280,33,35,21,22,23,24,94],"class_list":{"0":"post-6302","1":"product","2":"type-product","3":"status-publish","4":"has-post-thumbnail","6":"product_cat-barcelona-kindertrikot","7":"product_tag-barcelona-trikotsatz-fuer-kinder","8":"product_tag-coole-fussballtrikots","9":"product_tag-fc-barcelona-2022-23-trikot-kaufen","10":"product_tag-fc-barcelona-2022-23-trikot-kinder","11":"product_tag-fc-barcelona-trikots","12":"product_tag-fussball-torwarttrikots","13":"product_tag-fussballtrikot-fuer-herren","14":"product_tag-fussballtrikot-guenstig-kaufen","15":"product_tag-fussballtrikot-kurzarm","16":"product_tag-guenstiges-fussballtrikot","17":"product_tag-kinder-fussball-trikotsatz","19":"first","20":"instock","21":"shipping-taxable","22":"purchasable","23":"product-type-variable"},"_links":{"self":[{"href":"https:\/\/www.billigtrikotde.com\/sl\/wp-json\/wp\/v2\/product\/6302","targetHints":{"allow":["GET"]}}],"collection":[{"href":"https:\/\/www.billigtrikotde.com\/sl\/wp-json\/wp\/v2\/product"}],"about":[{"href":"https:\/\/www.billigtrikotde.com\/sl\/wp-json\/wp\/v2\/types\/product"}],"replies":[{"embeddable":true,"href":"https:\/\/www.billigtrikotde.com\/sl\/wp-json\/wp\/v2\/comments?post=6302"}],"wp:featuredmedia":[{"embeddable":true,"href":"https:\/\/www.billigtrikotde.com\/sl\/wp-json\/wp\/v2\/media\/6334"}],"wp:attachment":[{"href":"https:\/\/www.billigtrikotde.com\/sl\/wp-json\/wp\/v2\/media?parent=6302"}],"wp:term":[{"taxonomy":"product_brand","embeddable":true,"href":"https:\/\/www.billigtrikotde.com\/sl\/wp-json\/wp\/v2\/product_brand?post=6302"},{"taxonomy":"product_cat","embeddable":true,"href":"https:\/\/www.billigtrikotde.com\/sl\/wp-json\/wp\/v2\/product_cat?post=6302"},{"taxonomy":"product_tag","embeddable":true,"href":"https:\/\/www.billigtrikotde.com\/sl\/wp-json\/wp\/v2\/product_tag?post=6302"}],"curies":[{"name":"wp","href":"https:\/\/api.w.org\/{rel}","templated":true}]}}