{"id":63,"date":"2024-10-23T12:04:00","date_gmt":"2024-10-23T10:04:00","guid":{"rendered":"http:\/\/billigtrikots.com\/?post_type=product&#038;p=63"},"modified":"2024-10-23T12:04:40","modified_gmt":"2024-10-23T10:04:40","slug":"auswaertstrikot-ac-mailand-2021-22-beige-rot-kurzarm-kurze-hosen-mit-aufdruck-r-leao-17","status":"publish","type":"product","link":"https:\/\/www.billigtrikotde.com\/sl\/auswaertstrikot-ac-mailand-2021-22-beige-rot-kurzarm-kurze-hosen-mit-aufdruck-r-leao-17\/","title":{"rendered":"AC Milan 2021\/22 gostujo\u010di komplet be\u017e-rde\u010de barve s kratkimi rokavi + kratke hla\u010de s potiskom R.Le\u00e3o 17"},"content":{"rendered":"<p>Ta majica AC Milan ni le \u010dast enemu izmed najbolj\u0161ih ekip Italije, ne, tudi enemu izmed najbolj\u0161ih ekip na svetu.<\/p>\n<p>Hkrati praznuje program z imenom Sport for Change, ki podpira projekte, ki uporabljajo \u0161port in \u0161portne vrednote za pomo\u010d mladim v stiski. Poleg vsega tega je preprosto odli\u010den nogometni dres. Ima tehnologijo za odvajanje vlage dryCELL, zanimive kontrastne barve in seveda ikoni\u010dni logotip AC Milan ter logotip Puma Cat na prsih.<\/p>\n<p>Nasveti za tiskanje: \u010ce sta ime in \u0161tevilka na sliki to\u010dno tak\u0161na, kot ju \u017eelite, ju ni treba ponovno vnesti. \u010ce ni tako, vnesite \u017eeleno ime in \u0161tevilko.<\/p>\n<p>Nasveti za pranje: Priporo\u010dljivo je, da nogometne majice perete ro\u010dno. \u010ce \u017eelite uporabiti pralni stroj, ne pozabite nogometne majice obrniti narobe in jih nato oprati. Stroj napolnite s hladno vodo in uporabite ob\u010dutljiv cikel, da bolje za\u0161\u010ditite barve.<\/p>","protected":false},"excerpt":{"rendered":"<p>Dieses AC Mailand Trikot ist nicht nur eine Hommage an eines der besten Teams Italiens, nein, an eines der besten Teams der Welt. Es feiert auch ein Programm namens Sport for Change, das Projekte unterst\u00fctzt, die Sport und sportliche Werte nutzen, um Jugendlichen in Not zu helfen. \u00dcber all das hinaus, ist es einfach ein [&hellip;]<\/p>","protected":false},"featured_media":91,"comment_status":"open","ping_status":"closed","template":"","meta":[],"product_brand":[],"product_cat":[15],"product_tag":[19,20,21,22,23,24],"class_list":{"0":"post-63","1":"product","2":"type-product","3":"status-publish","4":"has-post-thumbnail","6":"product_cat-unkategorisiert","7":"product_tag-ac-milan-auswaertstrikot","8":"product_tag-coole-fussballtrikots","9":"product_tag-fussballtrikot-fuer-herren","10":"product_tag-fussballtrikot-guenstig-kaufen","11":"product_tag-fussballtrikot-kurzarm","12":"product_tag-guenstiges-fussballtrikot","14":"first","15":"instock","16":"shipping-taxable","17":"purchasable","18":"product-type-variable"},"_links":{"self":[{"href":"https:\/\/www.billigtrikotde.com\/sl\/wp-json\/wp\/v2\/product\/63","targetHints":{"allow":["GET"]}}],"collection":[{"href":"https:\/\/www.billigtrikotde.com\/sl\/wp-json\/wp\/v2\/product"}],"about":[{"href":"https:\/\/www.billigtrikotde.com\/sl\/wp-json\/wp\/v2\/types\/product"}],"replies":[{"embeddable":true,"href":"https:\/\/www.billigtrikotde.com\/sl\/wp-json\/wp\/v2\/comments?post=63"}],"wp:featuredmedia":[{"embeddable":true,"href":"https:\/\/www.billigtrikotde.com\/sl\/wp-json\/wp\/v2\/media\/91"}],"wp:attachment":[{"href":"https:\/\/www.billigtrikotde.com\/sl\/wp-json\/wp\/v2\/media?parent=63"}],"wp:term":[{"taxonomy":"product_brand","embeddable":true,"href":"https:\/\/www.billigtrikotde.com\/sl\/wp-json\/wp\/v2\/product_brand?post=63"},{"taxonomy":"product_cat","embeddable":true,"href":"https:\/\/www.billigtrikotde.com\/sl\/wp-json\/wp\/v2\/product_cat?post=63"},{"taxonomy":"product_tag","embeddable":true,"href":"https:\/\/www.billigtrikotde.com\/sl\/wp-json\/wp\/v2\/product_tag?post=63"}],"curies":[{"name":"wp","href":"https:\/\/api.w.org\/{rel}","templated":true}]}}