{"id":6261,"date":"2024-10-23T17:32:28","date_gmt":"2024-10-23T15:32:28","guid":{"rendered":"http:\/\/billigtrikots.com\/?post_type=product&#038;p=6261"},"modified":"2024-10-23T17:34:35","modified_gmt":"2024-10-23T15:34:35","slug":"fc-barcelona-kinderheim-trikot-2022-23-navy-blau-fussballtrikots-set-mit-aufdruck-aubameyang-25","status":"publish","type":"product","link":"https:\/\/www.billigtrikotde.com\/sl\/fc-barcelona-kinderheim-trikot-2022-23-navy-blau-fussballtrikots-set-mit-aufdruck-aubameyang-25\/","title":{"rendered":"FC Barcelona Kids Home Shirt 2022\/23 Navy Blue nogometna majica s tiskom AUBAMEYANG 25"},"content":{"rendered":"<p>Trikot za otro\u0161ki dom FC Barcelona 2022\/23 ima ikoni\u010dne modro-rde\u010de \u010drte v ukrivljeni postavitvi. Dopolnjuje temno modro temo na vrhu, pri \u010demer je v sredini prikazan novi sponzor Barcelone, Spotify. Kot so napovedali predhodni uhajanja, ima logotip Spotify zlato podobo, ki se brezhibno ujema z barvami dresa in mu daje vintage videz. Ve\u010dina navija\u010dev Barcelone bi zagotovo pozdravila spremembo, \u0161e posebej po odzivu, ki ga je prej\u0161nja doma\u010da majica dobila. Pokalna majica za Barcelono morda ne bo izpolnila pri\u010dakovanj prej\u0161nje sezone. Lahko pa bo imela modro-rde\u010di kri\u017e svetega Jurija, ki dopolnjuje belo srajco in ji daje preprost, klasi\u010den videz.<\/p>\n<p>Nasveti za tiskanje: \u010ce sta ime in \u0161tevilka na sliki to\u010dno tak\u0161na, kot ju \u017eelite, ju ni treba ponovno vnesti. \u010ce ni tako, vnesite \u017eeleno ime in \u0161tevilko.<\/p>\n<p>Nasveti za pranje: Priporo\u010dljivo je, da nogometne majice perete ro\u010dno. \u010ce \u017eelite uporabiti pralni stroj, ne pozabite nogometne majice obrniti narobe in jih nato oprati. Stroj napolnite s hladno vodo in uporabite ob\u010dutljiv cikel, da bolje za\u0161\u010ditite barve.<\/p>","protected":false},"excerpt":{"rendered":"<p>Das FC Barcelona Kinderheim 2022\/23 Trikot weist die ikonischen Blaugrana-Streifen in einer geschwungenen Ausrichtung auf. Es erg\u00e4nzt ein dunkelblaues Thema oben, wobei Barcelonas neuer Sponsor Spotify in der Mitte zu sehen ist.Wie von den Leaks vorhergesagt, hat das Spotify-Logo einen goldenen Look, der nahtlos zu den Trikotfarben passt und ihm einen Vintage-Look verleiht. Eine Mehrheit [&hellip;]<\/p>","protected":false},"featured_media":6297,"comment_status":"open","ping_status":"closed","template":"","meta":[],"product_brand":[],"product_cat":[146],"product_tag":[147,20,279,280,33,35,21,22,23,24,94],"class_list":{"0":"post-6261","1":"product","2":"type-product","3":"status-publish","4":"has-post-thumbnail","6":"product_cat-barcelona-kindertrikot","7":"product_tag-barcelona-trikotsatz-fuer-kinder","8":"product_tag-coole-fussballtrikots","9":"product_tag-fc-barcelona-2022-23-trikot-kaufen","10":"product_tag-fc-barcelona-2022-23-trikot-kinder","11":"product_tag-fc-barcelona-trikots","12":"product_tag-fussball-torwarttrikots","13":"product_tag-fussballtrikot-fuer-herren","14":"product_tag-fussballtrikot-guenstig-kaufen","15":"product_tag-fussballtrikot-kurzarm","16":"product_tag-guenstiges-fussballtrikot","17":"product_tag-kinder-fussball-trikotsatz","19":"first","20":"instock","21":"shipping-taxable","22":"purchasable","23":"product-type-variable"},"_links":{"self":[{"href":"https:\/\/www.billigtrikotde.com\/sl\/wp-json\/wp\/v2\/product\/6261","targetHints":{"allow":["GET"]}}],"collection":[{"href":"https:\/\/www.billigtrikotde.com\/sl\/wp-json\/wp\/v2\/product"}],"about":[{"href":"https:\/\/www.billigtrikotde.com\/sl\/wp-json\/wp\/v2\/types\/product"}],"replies":[{"embeddable":true,"href":"https:\/\/www.billigtrikotde.com\/sl\/wp-json\/wp\/v2\/comments?post=6261"}],"wp:featuredmedia":[{"embeddable":true,"href":"https:\/\/www.billigtrikotde.com\/sl\/wp-json\/wp\/v2\/media\/6297"}],"wp:attachment":[{"href":"https:\/\/www.billigtrikotde.com\/sl\/wp-json\/wp\/v2\/media?parent=6261"}],"wp:term":[{"taxonomy":"product_brand","embeddable":true,"href":"https:\/\/www.billigtrikotde.com\/sl\/wp-json\/wp\/v2\/product_brand?post=6261"},{"taxonomy":"product_cat","embeddable":true,"href":"https:\/\/www.billigtrikotde.com\/sl\/wp-json\/wp\/v2\/product_cat?post=6261"},{"taxonomy":"product_tag","embeddable":true,"href":"https:\/\/www.billigtrikotde.com\/sl\/wp-json\/wp\/v2\/product_tag?post=6261"}],"curies":[{"name":"wp","href":"https:\/\/api.w.org\/{rel}","templated":true}]}}