{"id":623,"date":"2024-10-23T12:57:08","date_gmt":"2024-10-23T10:57:08","guid":{"rendered":"http:\/\/billigtrikots.com\/?post_type=product&#038;p=623"},"modified":"2024-10-23T12:59:07","modified_gmt":"2024-10-23T10:59:07","slug":"personalisierbar-trikotsatz-paris-saint-germain-ausweichtrikot-2021-22-schwarz-grau","status":"publish","type":"product","link":"https:\/\/www.billigtrikotde.com\/sl\/personalisierbar-trikotsatz-paris-saint-germain-ausweichtrikot-2021-22-schwarz-grau\/","title":{"rendered":"Prilagodljiv gostujo\u010di komplet Paris Saint Germain 2021\/22 black\/grey"},"content":{"rendered":"<p>Stadionska zamenjava dresov Paris Saint-Germain s poudarkom na podrobnostih ekipe in z najvi\u0161jo zra\u010dnostjo materiala zagotavlja hladen, suh ob\u010dutek pri no\u0161enju na igri\u0161\u010du ali tribuni med navijanjem va\u0161e ekipe.<\/p>\n<p>Zra\u010dna tehnologija Nike Dri-FIT zagotavlja hladen, suh ob\u010dutek pri no\u0161enju.<br \/>\nAvtenti\u010den dizajn temelji na igralnih dresih profesionalcev.<\/p>\n<p>Nasveti za tiskanje: \u010ce sta ime in \u0161tevilka na sliki to\u010dno tak\u0161na, kot ju \u017eelite, ju ni treba ponovno vnesti. \u010ce ni tako, vnesite \u017eeleno ime in \u0161tevilko.<\/p>\n<p>Nasveti za pranje: Priporo\u010dljivo je, da nogometne majice perete ro\u010dno. \u010ce \u017eelite uporabiti pralni stroj, ne pozabite nogometne majice obrniti narobe in jih nato oprati. Stroj napolnite s hladno vodo in uporabite ob\u010dutljiv cikel, da bolje za\u0161\u010ditite barve.<\/p>","protected":false},"excerpt":{"rendered":"<p>Chelsea FC Stadion izmenjevalna majica navdu\u0161i s podrobnostmi o mo\u0161tvu in poskrbi za hladno, suho udobje pri no\u0161enju na igri\u0161\u010du ali tribuni ob spodbujanju tima. Kot diha Nike Dri-FIT tehnologija zagotavlja hladno, suho udobje no\u0161enja. Avtenti\u010den dizajn temelji na igralnih majicah profesionalcev. Nasveti za tiskanje: Ko je ime in \u0161tevilka na [\u2026]<\/p>","protected":false},"featured_media":653,"comment_status":"open","ping_status":"closed","template":"","meta":[],"product_brand":[],"product_cat":[39],"product_tag":[20,21,22,23,24,42,41],"class_list":{"0":"post-623","1":"product","2":"type-product","3":"status-publish","4":"has-post-thumbnail","6":"product_cat-paris-saint-germain","7":"product_tag-coole-fussballtrikots","8":"product_tag-fussballtrikot-fuer-herren","9":"product_tag-fussballtrikot-guenstig-kaufen","10":"product_tag-fussballtrikot-kurzarm","11":"product_tag-guenstiges-fussballtrikot","12":"product_tag-paris-saint-germain-ausweichtrikot","13":"product_tag-paris-saint-germain-trikots","15":"first","16":"instock","17":"shipping-taxable","18":"purchasable","19":"product-type-variable"},"_links":{"self":[{"href":"https:\/\/www.billigtrikotde.com\/sl\/wp-json\/wp\/v2\/product\/623","targetHints":{"allow":["GET"]}}],"collection":[{"href":"https:\/\/www.billigtrikotde.com\/sl\/wp-json\/wp\/v2\/product"}],"about":[{"href":"https:\/\/www.billigtrikotde.com\/sl\/wp-json\/wp\/v2\/types\/product"}],"replies":[{"embeddable":true,"href":"https:\/\/www.billigtrikotde.com\/sl\/wp-json\/wp\/v2\/comments?post=623"}],"wp:featuredmedia":[{"embeddable":true,"href":"https:\/\/www.billigtrikotde.com\/sl\/wp-json\/wp\/v2\/media\/653"}],"wp:attachment":[{"href":"https:\/\/www.billigtrikotde.com\/sl\/wp-json\/wp\/v2\/media?parent=623"}],"wp:term":[{"taxonomy":"product_brand","embeddable":true,"href":"https:\/\/www.billigtrikotde.com\/sl\/wp-json\/wp\/v2\/product_brand?post=623"},{"taxonomy":"product_cat","embeddable":true,"href":"https:\/\/www.billigtrikotde.com\/sl\/wp-json\/wp\/v2\/product_cat?post=623"},{"taxonomy":"product_tag","embeddable":true,"href":"https:\/\/www.billigtrikotde.com\/sl\/wp-json\/wp\/v2\/product_tag?post=623"}],"curies":[{"name":"wp","href":"https:\/\/api.w.org\/{rel}","templated":true}]}}