{"id":6185,"date":"2024-10-23T17:28:59","date_gmt":"2024-10-23T15:28:59","guid":{"rendered":"http:\/\/billigtrikots.com\/?post_type=product&#038;p=6185"},"modified":"2024-10-23T17:31:06","modified_gmt":"2024-10-23T15:31:06","slug":"kinder-fussballtrikots-liverpool-heimtrikot-2022-23-rot-kurzarm-kurze-hosen-virgil-4","status":"publish","type":"product","link":"https:\/\/www.billigtrikotde.com\/sl\/kinder-fussballtrikots-liverpool-heimtrikot-2022-23-rot-kurzarm-kurze-hosen-virgil-4\/","title":{"rendered":"Otro\u0161ke nogometne majice Liverpool Home Shirt 2022\/23 Red kratkimi rokavi + kratke hla\u010de VIRGIL 4"},"content":{"rendered":"<p>Mehka in lahka majica z tehnologijo Nike Dri Fit, obla\u010dilo, ki prepre\u010duje, da bi se potenje vpletlo med va\u0161o tekmo ali trening. Ostanite suhi po pospe\u0161kih. Liverpool ima nekaj najbolj strastnih navija\u010dev na svetu in je to zelo posebno do\u017eivetje, ko navija\u010di Reds na The Kop in preostalem delu stadiona Anfield, kjer je klub doma, za\u010dutijo slavnostno vzdu\u0161je ob svetovno znanem 'You\u2019ll Never Walk Alone'. Liverpool je do zdaj osvojil 19 naslovov prvaka, vendar so \u0161e vedno \u017eeljni nadaljnjih uspehov in trofej.<\/p>\n<p>Nasveti za tiskanje: \u010ce sta ime in \u0161tevilka na sliki to\u010dno tak\u0161na, kot ju \u017eelite, ju ni treba ponovno vnesti. \u010ce ni tako, vnesite \u017eeleno ime in \u0161tevilko.<\/p>\n<p>Nasveti za pranje: Priporo\u010dljivo je, da nogometne majice perete ro\u010dno. \u010ce \u017eelite uporabiti pralni stroj, ne pozabite nogometne majice obrniti narobe in jih nato oprati. Stroj napolnite s hladno vodo in uporabite ob\u010dutljiv cikel, da bolje za\u0161\u010ditite barve.<\/p>","protected":false},"excerpt":{"rendered":"<p>Un maillot souple et l\u00e9ger dot\u00e9 de la technologie Nike Dri Fit, un v\u00eatement qui emp\u00eache la transpiration de s\u2019inviter lors de votre match ou entrainement. Rester au sec apr\u00e8s vos acc\u00e9l\u00e9rations.Liverpool hat einige der leidenschaftlichsten Fans der Welt und es ist ein ganz besonderes Erlebnis, wenn die Fans der Reds auf The Kop und [&hellip;]<\/p>","protected":false},"featured_media":6217,"comment_status":"open","ping_status":"closed","template":"","meta":[],"product_brand":[],"product_cat":[151],"product_tag":[20,21,22,23,24,94,152,277,153,154],"class_list":{"0":"post-6185","1":"product","2":"type-product","3":"status-publish","4":"has-post-thumbnail","6":"product_cat-liverpool-kindertrikot","7":"product_tag-coole-fussballtrikots","8":"product_tag-fussballtrikot-fuer-herren","9":"product_tag-fussballtrikot-guenstig-kaufen","10":"product_tag-fussballtrikot-kurzarm","11":"product_tag-guenstiges-fussballtrikot","12":"product_tag-kinder-fussball-trikotsatz","13":"product_tag-liverpool-heimtrikot","14":"product_tag-liverpool-kinder-trikot-set","15":"product_tag-liverpool-trikots","16":"product_tag-liverpool-trikotsatz-fuer-kinder","18":"first","19":"instock","20":"shipping-taxable","21":"purchasable","22":"product-type-variable"},"_links":{"self":[{"href":"https:\/\/www.billigtrikotde.com\/sl\/wp-json\/wp\/v2\/product\/6185","targetHints":{"allow":["GET"]}}],"collection":[{"href":"https:\/\/www.billigtrikotde.com\/sl\/wp-json\/wp\/v2\/product"}],"about":[{"href":"https:\/\/www.billigtrikotde.com\/sl\/wp-json\/wp\/v2\/types\/product"}],"replies":[{"embeddable":true,"href":"https:\/\/www.billigtrikotde.com\/sl\/wp-json\/wp\/v2\/comments?post=6185"}],"wp:featuredmedia":[{"embeddable":true,"href":"https:\/\/www.billigtrikotde.com\/sl\/wp-json\/wp\/v2\/media\/6217"}],"wp:attachment":[{"href":"https:\/\/www.billigtrikotde.com\/sl\/wp-json\/wp\/v2\/media?parent=6185"}],"wp:term":[{"taxonomy":"product_brand","embeddable":true,"href":"https:\/\/www.billigtrikotde.com\/sl\/wp-json\/wp\/v2\/product_brand?post=6185"},{"taxonomy":"product_cat","embeddable":true,"href":"https:\/\/www.billigtrikotde.com\/sl\/wp-json\/wp\/v2\/product_cat?post=6185"},{"taxonomy":"product_tag","embeddable":true,"href":"https:\/\/www.billigtrikotde.com\/sl\/wp-json\/wp\/v2\/product_tag?post=6185"}],"curies":[{"name":"wp","href":"https:\/\/api.w.org\/{rel}","templated":true}]}}