{"id":6161,"date":"2024-10-23T17:27:57","date_gmt":"2024-10-23T15:27:57","guid":{"rendered":"http:\/\/billigtrikots.com\/?post_type=product&#038;p=6161"},"modified":"2025-06-16T16:03:31","modified_gmt":"2025-06-16T14:03:31","slug":"kinder-juventus-fc-2022-23-heimtrikot-schwarz-weiss-kurzarm-kurze-hosen-bonucci-19","status":"publish","type":"product","link":"https:\/\/www.billigtrikotde.com\/sl\/kinder-juventus-fc-2022-23-heimtrikot-schwarz-weiss-kurzarm-kurze-hosen-bonucci-19\/","title":{"rendered":"Otroci Juventus FC 2022-23 Doma\u010da majica Black White s kratkimi rokavi + kratke hla\u010de BONUCCI 19"},"content":{"rendered":"<p>Debi lahko poteka v eni od preostalih tekem Serie A ali celo v finalu Coppa Italia proti Interju \u2013 kot lani. Triko Juventus 2022-23 je danes na voljo pri izbranih prodajalcih in od 27. maja povsod ter bo prvi\u010d predstavljen na tekmi Serie A proti Laziu 16. maja.<\/p>\n<p>Mo\u0161ka doma\u010da majica Adidas Juventus 2022-23 ima zelo edinstven pristop k klubski klasi\u010dni beli in \u010drni \u010drtasti vzorec. \u010crte so sestavljene iz majhnih trikotnikov. Adidas za triko Juventus 22-23 uporablja enostaven okrogel ovratnik in \u010drne tri \u010drte. Po tem, ko so trika Juventus 21-22 imela logotip Jeep 4xe, je triko Juventus 22-23 opremljeno z \u201eelektrificiranim\u201c Jeep brandingom. Vsebuje strele.<\/p>\n<p>Nasveti za tiskanje: \u010ce sta ime in \u0161tevilka na sliki to\u010dno tak\u0161na, kot ju \u017eelite, ju ni treba ponovno vnesti. \u010ce ni tako, vnesite \u017eeleno ime in \u0161tevilko.<\/p>\n<p>Nasveti za pranje: Priporo\u010dljivo je, da nogometne majice perete ro\u010dno. \u010ce \u017eelite uporabiti pralni stroj, ne pozabite nogometne majice obrniti narobe in jih nato oprati. Stroj napolnite s hladno vodo in uporabite ob\u010dutljiv cikel, da bolje za\u0161\u010ditite barve.<\/p>","protected":false},"excerpt":{"rendered":"<p>Debi lahko poteka v eni od preostalih tekem Serie A ali celo v finalu Coppa Italia proti Interju \u2013 kot lani. Triko Juventus 2022-23 je danes na voljo pri izbranih prodajalcih in od 27. maja povsod ter bo prvi\u010d predstavljen na tekmi Serie A proti Laziu 16. maja.<\/p>","protected":false},"featured_media":6193,"comment_status":"open","ping_status":"closed","template":"","meta":[],"product_brand":[],"product_cat":[148],"product_tag":[20,38,24,276,149,94],"class_list":{"0":"post-6161","1":"product","2":"type-product","3":"status-publish","4":"has-post-thumbnail","6":"product_cat-juventus-kindertrikot","7":"product_tag-coole-fussballtrikots","8":"product_tag-fussball-trikot-langarm","9":"product_tag-guenstiges-fussballtrikot","10":"product_tag-juventus-2022-23-trikot","11":"product_tag-juventus-trikotsatz-fuer-kinder","12":"product_tag-kinder-fussball-trikotsatz","14":"first","15":"instock","16":"shipping-taxable","17":"purchasable","18":"product-type-variable"},"_links":{"self":[{"href":"https:\/\/www.billigtrikotde.com\/sl\/wp-json\/wp\/v2\/product\/6161","targetHints":{"allow":["GET"]}}],"collection":[{"href":"https:\/\/www.billigtrikotde.com\/sl\/wp-json\/wp\/v2\/product"}],"about":[{"href":"https:\/\/www.billigtrikotde.com\/sl\/wp-json\/wp\/v2\/types\/product"}],"replies":[{"embeddable":true,"href":"https:\/\/www.billigtrikotde.com\/sl\/wp-json\/wp\/v2\/comments?post=6161"}],"wp:featuredmedia":[{"embeddable":true,"href":"https:\/\/www.billigtrikotde.com\/sl\/wp-json\/wp\/v2\/media\/6193"}],"wp:attachment":[{"href":"https:\/\/www.billigtrikotde.com\/sl\/wp-json\/wp\/v2\/media?parent=6161"}],"wp:term":[{"taxonomy":"product_brand","embeddable":true,"href":"https:\/\/www.billigtrikotde.com\/sl\/wp-json\/wp\/v2\/product_brand?post=6161"},{"taxonomy":"product_cat","embeddable":true,"href":"https:\/\/www.billigtrikotde.com\/sl\/wp-json\/wp\/v2\/product_cat?post=6161"},{"taxonomy":"product_tag","embeddable":true,"href":"https:\/\/www.billigtrikotde.com\/sl\/wp-json\/wp\/v2\/product_tag?post=6161"}],"curies":[{"name":"wp","href":"https:\/\/api.w.org\/{rel}","templated":true}]}}