{"id":6105,"date":"2024-10-23T17:25:15","date_gmt":"2024-10-23T15:25:15","guid":{"rendered":"http:\/\/billigtrikots.com\/?post_type=product&#038;p=6105"},"modified":"2024-10-23T17:27:18","modified_gmt":"2024-10-23T15:27:18","slug":"kinder-manchester-city-fc-2022-23-heimtrikots-blau-kurzarm-weiss-kurze-hosen-sterling-7","status":"publish","type":"product","link":"https:\/\/www.billigtrikotde.com\/sl\/kinder-manchester-city-fc-2022-23-heimtrikots-blau-kurzarm-weiss-kurze-hosen-sterling-7\/","title":{"rendered":"Otro\u0161ke doma\u010de majice Manchester City FC 2022\/23 modre s kratkimi rokavi + bele hla\u010de STERLING 7"},"content":{"rendered":"<p>Te kratke hla\u010de s standardnim krojem v beli barvi so narejene iz lahkega, zra\u010dnega poliestrskega materiala za hladen udobje. Imajo elasti\u010den pas in nastavljiv vrvico za spro\u0161\u010den fit ter so opremljene z odvajajo\u010do znoj tehnologijo dryCELL, ki vas ohranja suhe in sve\u017ee. Dopolnjene so z logotipom PUMA in mestno zastavo na nogi. Pralne v pralnem stroju.<\/p>\n<p>Nasveti za tiskanje: \u010ce sta ime in \u0161tevilka na sliki to\u010dno tak\u0161na, kot ju \u017eelite, ju ni treba ponovno vnesti. \u010ce ni tako, vnesite \u017eeleno ime in \u0161tevilko.<\/p>\n<p>Nasveti za pranje: Priporo\u010dljivo je, da nogometne majice perete ro\u010dno. \u010ce \u017eelite uporabiti pralni stroj, ne pozabite nogometne majice obrniti narobe in jih nato oprati. Stroj napolnite s hladno vodo in uporabite ob\u010dutljiv cikel, da bolje za\u0161\u010ditite barve.<\/p>","protected":false},"excerpt":{"rendered":"<p>Te kratke hla\u010de s standardnim krojem v beli barvi so narejene iz lahkega, zra\u010dnega poliestrskega materiala za hladen udobje. Imajo elasti\u010den pas in nastavljiv vrvico za spro\u0161\u010den fit ter so opremljene z odvajajo\u010do znoj tehnologijo dryCELL, ki vas ohranja suhe in sve\u017ee. Dopolnjene so z logotipom PUMA in mestno zastavo na nogi. Pralne v pralnem stroju.<\/p>","protected":false},"featured_media":6143,"comment_status":"open","ping_status":"closed","template":"","meta":[],"product_brand":[],"product_cat":[82],"product_tag":[20,94,275,203,84,145],"class_list":{"0":"post-6105","1":"product","2":"type-product","3":"status-publish","4":"has-post-thumbnail","6":"product_cat-manchester-city","7":"product_tag-coole-fussballtrikots","8":"product_tag-kinder-fussball-trikotsatz","9":"product_tag-kinder-trikot-manchester-city","10":"product_tag-manchester-city-ausweichtrikot","11":"product_tag-manchester-city-trikots","12":"product_tag-manchester-city-trikotsatz-fuer-kinder","14":"first","15":"instock","16":"shipping-taxable","17":"purchasable","18":"product-type-variable"},"_links":{"self":[{"href":"https:\/\/www.billigtrikotde.com\/sl\/wp-json\/wp\/v2\/product\/6105","targetHints":{"allow":["GET"]}}],"collection":[{"href":"https:\/\/www.billigtrikotde.com\/sl\/wp-json\/wp\/v2\/product"}],"about":[{"href":"https:\/\/www.billigtrikotde.com\/sl\/wp-json\/wp\/v2\/types\/product"}],"replies":[{"embeddable":true,"href":"https:\/\/www.billigtrikotde.com\/sl\/wp-json\/wp\/v2\/comments?post=6105"}],"wp:featuredmedia":[{"embeddable":true,"href":"https:\/\/www.billigtrikotde.com\/sl\/wp-json\/wp\/v2\/media\/6143"}],"wp:attachment":[{"href":"https:\/\/www.billigtrikotde.com\/sl\/wp-json\/wp\/v2\/media?parent=6105"}],"wp:term":[{"taxonomy":"product_brand","embeddable":true,"href":"https:\/\/www.billigtrikotde.com\/sl\/wp-json\/wp\/v2\/product_brand?post=6105"},{"taxonomy":"product_cat","embeddable":true,"href":"https:\/\/www.billigtrikotde.com\/sl\/wp-json\/wp\/v2\/product_cat?post=6105"},{"taxonomy":"product_tag","embeddable":true,"href":"https:\/\/www.billigtrikotde.com\/sl\/wp-json\/wp\/v2\/product_tag?post=6105"}],"curies":[{"name":"wp","href":"https:\/\/api.w.org\/{rel}","templated":true}]}}