{"id":5993,"date":"2024-10-23T17:20:11","date_gmt":"2024-10-23T15:20:11","guid":{"rendered":"http:\/\/billigtrikots.com\/?post_type=product&#038;p=5993"},"modified":"2024-10-23T17:22:18","modified_gmt":"2024-10-23T15:22:18","slug":"herren-manchester-city-heimtrikot-2022-2023-blau-kurzarm-weiss-kurze-hosen","status":"publish","type":"product","link":"https:\/\/www.billigtrikotde.com\/sl\/herren-manchester-city-heimtrikot-2022-2023-blau-kurzarm-weiss-kurze-hosen\/","title":{"rendered":"Mo\u0161ka doma\u010da majica Manchester City 2022\/2023 modra s kratkimi rokavi + bele kratke hla\u010de"},"content":{"rendered":"<p>Odkrijte doma\u010do majico Manchester City 2022\/2023. Ponosno nosite barve svoje najljub\u0161e ekipe na igri\u0161\u010du ali zunaj. Prilagodljiva in lahka majica z tehnologijo Puma DryCELL, kos obla\u010dila, ki prepre\u010duje potenje med igro ali treningom. Ostajte suhi po pospe\u0161evanju.<\/p>\n<p>Nasveti za tiskanje: \u010ce sta ime in \u0161tevilka na sliki to\u010dno tak\u0161na, kot ju \u017eelite, ju ni treba ponovno vnesti. \u010ce ni tako, vnesite \u017eeleno ime in \u0161tevilko.<\/p>\n<p>Nasveti za pranje: Priporo\u010dljivo je, da nogometne majice perete ro\u010dno. \u010ce \u017eelite uporabiti pralni stroj, ne pozabite nogometne majice obrniti narobe in jih nato oprati. Stroj napolnite s hladno vodo in uporabite ob\u010dutljiv cikel, da bolje za\u0161\u010ditite barve.<\/p>","protected":false},"excerpt":{"rendered":"<p>Entdecke das Manchester City 2022\/2023 Heimtrikot. Tragen Sie stolz die Farben Ihres Lieblingsteams auf dem Platz oder drau\u00dfen.Ein flexibles und leichtes Trikot mit Puma DryCELL-Technologie, ein Kleidungsst\u00fcck, das verhindert, dass Sie w\u00e4hrend Ihres Spiels oder Trainings schwitzen. Bleiben Sie nach Ihren Beschleunigungen trocken. Tipps zum Drucken: Wenn der Name und die Nummer auf dem Bild [&hellip;]<\/p>","protected":false},"featured_media":6025,"comment_status":"open","ping_status":"closed","template":"","meta":[],"product_brand":[],"product_cat":[82],"product_tag":[20,21,22,23,24,272,273,84],"class_list":{"0":"post-5993","1":"product","2":"type-product","3":"status-publish","4":"has-post-thumbnail","6":"product_cat-manchester-city","7":"product_tag-coole-fussballtrikots","8":"product_tag-fussballtrikot-fuer-herren","9":"product_tag-fussballtrikot-guenstig-kaufen","10":"product_tag-fussballtrikot-kurzarm","11":"product_tag-guenstiges-fussballtrikot","12":"product_tag-manchester-city-heimtrikot","13":"product_tag-manchester-city-trikot-22-23","14":"product_tag-manchester-city-trikots","16":"first","17":"instock","18":"shipping-taxable","19":"purchasable","20":"product-type-variable"},"_links":{"self":[{"href":"https:\/\/www.billigtrikotde.com\/sl\/wp-json\/wp\/v2\/product\/5993","targetHints":{"allow":["GET"]}}],"collection":[{"href":"https:\/\/www.billigtrikotde.com\/sl\/wp-json\/wp\/v2\/product"}],"about":[{"href":"https:\/\/www.billigtrikotde.com\/sl\/wp-json\/wp\/v2\/types\/product"}],"replies":[{"embeddable":true,"href":"https:\/\/www.billigtrikotde.com\/sl\/wp-json\/wp\/v2\/comments?post=5993"}],"wp:featuredmedia":[{"embeddable":true,"href":"https:\/\/www.billigtrikotde.com\/sl\/wp-json\/wp\/v2\/media\/6025"}],"wp:attachment":[{"href":"https:\/\/www.billigtrikotde.com\/sl\/wp-json\/wp\/v2\/media?parent=5993"}],"wp:term":[{"taxonomy":"product_brand","embeddable":true,"href":"https:\/\/www.billigtrikotde.com\/sl\/wp-json\/wp\/v2\/product_brand?post=5993"},{"taxonomy":"product_cat","embeddable":true,"href":"https:\/\/www.billigtrikotde.com\/sl\/wp-json\/wp\/v2\/product_cat?post=5993"},{"taxonomy":"product_tag","embeddable":true,"href":"https:\/\/www.billigtrikotde.com\/sl\/wp-json\/wp\/v2\/product_tag?post=5993"}],"curies":[{"name":"wp","href":"https:\/\/api.w.org\/{rel}","templated":true}]}}