{"id":5937,"date":"2024-10-23T17:17:26","date_gmt":"2024-10-23T15:17:26","guid":{"rendered":"http:\/\/billigtrikots.com\/?post_type=product&#038;p=5937"},"modified":"2025-10-16T16:04:16","modified_gmt":"2025-10-16T14:04:16","slug":"ronaldo-7-real-madrid-trikots-2022-23-heimtrikot-weiss-langarm-kurze-hosen","status":"publish","type":"product","link":"https:\/\/www.billigtrikotde.com\/sl\/ronaldo-7-real-madrid-trikots-2022-23-heimtrikot-weiss-langarm-kurze-hosen\/","title":{"rendered":"RONALDO #7 Real Madrid Srajce 2022-23 Doma\u010da majica bela z dolgimi rokavi + kratke hla\u010de"},"content":{"rendered":"<p>Preprost, klasi\u010den in zasnovan za postavitev mejnikov. Neskon\u010den videz tega adidas dlhoro\u010dnega dresa Real Madrid je poudarjen z svetlofialastimi podrobnostmi in ponovljenim, na belo tkanino vtisnjenim klubskim grbom. Ta razli\u010dica dresa nudi navija\u010dem prijeten ob\u010dutek med no\u0161enjem zahvaljujo\u010d tehnologiji AEROREADY za odvajanje vlage in dolgim rokavom.<\/p>\n<p>Nasveti za tiskanje: \u010ce sta ime in \u0161tevilka na sliki to\u010dno tak\u0161na, kot ju \u017eelite, ju ni treba ponovno vnesti. \u010ce ni tako, vnesite \u017eeleno ime in \u0161tevilko.<\/p>\n<p>Nasveti za pranje: Priporo\u010dljivo je, da nogometne majice perete ro\u010dno. \u010ce \u017eelite uporabiti pralni stroj, ne pozabite nogometne majice obrniti narobe in jih nato oprati. Stroj napolnite s hladno vodo in uporabite ob\u010dutljiv cikel, da bolje za\u0161\u010ditite barve.<\/p>","protected":false},"excerpt":{"rendered":"<p>Preprost, klasi\u010den in zasnovan za postavitev mejnikov. Neskon\u010den videz tega adidas dlhoro\u010dnega dresa Real Madrid je poudarjen z svetlofialastimi podrobnostmi in ponovljenim, na belo tkanino vtisnjenim klubskim grbom. Ta razli\u010dica dresa nudi navija\u010dem prijeten ob\u010dutek med no\u0161enjem zahvaljujo\u010d tehnologiji AEROREADY za odvajanje vlage in dolgim rokavom.<\/p>","protected":false},"featured_media":5975,"comment_status":"open","ping_status":"closed","template":"","meta":[],"product_brand":[],"product_cat":[45],"product_tag":[20,38,21,228,24,270,267,47,268],"class_list":{"0":"post-5937","1":"product","2":"type-product","3":"status-publish","4":"has-post-thumbnail","6":"product_cat-real-madrid","7":"product_tag-coole-fussballtrikots","8":"product_tag-fussball-trikot-langarm","9":"product_tag-fussballtrikot-fuer-herren","10":"product_tag-guenstige-fussballtrikot","11":"product_tag-guenstiges-fussballtrikot","12":"product_tag-real-madrid-trikot-deutschland","13":"product_tag-real-madrid-trikot-langarm-herren","14":"product_tag-real-madrid-trikots","15":"product_tag-real-madrid-trikots-22-23","17":"first","18":"instock","19":"shipping-taxable","20":"purchasable","21":"product-type-variable"},"_links":{"self":[{"href":"https:\/\/www.billigtrikotde.com\/sl\/wp-json\/wp\/v2\/product\/5937","targetHints":{"allow":["GET"]}}],"collection":[{"href":"https:\/\/www.billigtrikotde.com\/sl\/wp-json\/wp\/v2\/product"}],"about":[{"href":"https:\/\/www.billigtrikotde.com\/sl\/wp-json\/wp\/v2\/types\/product"}],"replies":[{"embeddable":true,"href":"https:\/\/www.billigtrikotde.com\/sl\/wp-json\/wp\/v2\/comments?post=5937"}],"wp:featuredmedia":[{"embeddable":true,"href":"https:\/\/www.billigtrikotde.com\/sl\/wp-json\/wp\/v2\/media\/5975"}],"wp:attachment":[{"href":"https:\/\/www.billigtrikotde.com\/sl\/wp-json\/wp\/v2\/media?parent=5937"}],"wp:term":[{"taxonomy":"product_brand","embeddable":true,"href":"https:\/\/www.billigtrikotde.com\/sl\/wp-json\/wp\/v2\/product_brand?post=5937"},{"taxonomy":"product_cat","embeddable":true,"href":"https:\/\/www.billigtrikotde.com\/sl\/wp-json\/wp\/v2\/product_cat?post=5937"},{"taxonomy":"product_tag","embeddable":true,"href":"https:\/\/www.billigtrikotde.com\/sl\/wp-json\/wp\/v2\/product_tag?post=5937"}],"curies":[{"name":"wp","href":"https:\/\/api.w.org\/{rel}","templated":true}]}}