{"id":5849,"date":"2024-10-23T17:13:32","date_gmt":"2024-10-23T15:13:32","guid":{"rendered":"http:\/\/billigtrikots.com\/?post_type=product&#038;p=5849"},"modified":"2025-06-16T16:03:50","modified_gmt":"2025-06-16T14:03:50","slug":"neues-juventus-2022-23-heimtrikot-schwarz-weiss-mit-aufdruck-ronaldo-7","status":"publish","type":"product","link":"https:\/\/www.billigtrikotde.com\/sl\/neues-juventus-2022-23-heimtrikot-schwarz-weiss-mit-aufdruck-ronaldo-7\/","title":{"rendered":"Nova doma\u010da majica Juventus 2022-23 Black White s potiskom RONALDO 7"},"content":{"rendered":"<p>Triko Adidas Juventus 2022-23 ima povsem svojo interpretacijo klasi\u010dnih belih in \u010drnih \u010drt kluba. \u010crte sestavljajo majhni trikotniki. Adidas za triko Juventus 22-23 uporablja preprost okrogel ovratnik in \u010drne tri \u010drte. Po tem, ko so bila trika Juventus 21-22 opremljena z logotipom Jeep 4xe, prihaja triko Juventus 22-23 z 'elektrificiranim' Jeep brandingom. Vsebuje strele.<\/p>\n<p>Nasveti za tiskanje: \u010ce sta ime in \u0161tevilka na sliki to\u010dno tak\u0161na, kot ju \u017eelite, ju ni treba ponovno vnesti. \u010ce ni tako, vnesite \u017eeleno ime in \u0161tevilko.<\/p>\n<p>Nasveti za pranje: Priporo\u010dljivo je, da nogometne majice perete ro\u010dno. \u010ce \u017eelite uporabiti pralni stroj, ne pozabite nogometne majice obrniti narobe in jih nato oprati. Stroj napolnite s hladno vodo in uporabite ob\u010dutljiv cikel, da bolje za\u0161\u010ditite barve.<\/p>","protected":false},"excerpt":{"rendered":"<p>Majica Adidas Juventus 2022-23 ima povsem svojo interpretacijo klasi\u010dnih belih in \u010drnih \u010drt kluba. \u010crte sestavljajo majhni trikotniki. Adidas za majico Juventus 22-23 uporablja enostaven okrogel ovratnik in \u010drne tri \u010drte. Po tem, ko so bile majice Juventus 21-22 opremljene z logotipom Jeep 4xe, prihaja majica Juventus [...]<\/p>","protected":false},"featured_media":5881,"comment_status":"open","ping_status":"closed","template":"","meta":[],"product_brand":[],"product_cat":[59],"product_tag":[20,38,43,21,22,24,265,266],"class_list":{"0":"post-5849","1":"product","2":"type-product","3":"status-publish","4":"has-post-thumbnail","6":"product_cat-juventus","7":"product_tag-coole-fussballtrikots","8":"product_tag-fussball-trikot-langarm","9":"product_tag-fussballkleidung","10":"product_tag-fussballtrikot-fuer-herren","11":"product_tag-fussballtrikot-guenstig-kaufen","12":"product_tag-guenstiges-fussballtrikot","13":"product_tag-juventus-2022-23-heimtrikot","14":"product_tag-juventus-trikots-set","16":"first","17":"instock","18":"shipping-taxable","19":"purchasable","20":"product-type-variable"},"_links":{"self":[{"href":"https:\/\/www.billigtrikotde.com\/sl\/wp-json\/wp\/v2\/product\/5849","targetHints":{"allow":["GET"]}}],"collection":[{"href":"https:\/\/www.billigtrikotde.com\/sl\/wp-json\/wp\/v2\/product"}],"about":[{"href":"https:\/\/www.billigtrikotde.com\/sl\/wp-json\/wp\/v2\/types\/product"}],"replies":[{"embeddable":true,"href":"https:\/\/www.billigtrikotde.com\/sl\/wp-json\/wp\/v2\/comments?post=5849"}],"wp:featuredmedia":[{"embeddable":true,"href":"https:\/\/www.billigtrikotde.com\/sl\/wp-json\/wp\/v2\/media\/5881"}],"wp:attachment":[{"href":"https:\/\/www.billigtrikotde.com\/sl\/wp-json\/wp\/v2\/media?parent=5849"}],"wp:term":[{"taxonomy":"product_brand","embeddable":true,"href":"https:\/\/www.billigtrikotde.com\/sl\/wp-json\/wp\/v2\/product_brand?post=5849"},{"taxonomy":"product_cat","embeddable":true,"href":"https:\/\/www.billigtrikotde.com\/sl\/wp-json\/wp\/v2\/product_cat?post=5849"},{"taxonomy":"product_tag","embeddable":true,"href":"https:\/\/www.billigtrikotde.com\/sl\/wp-json\/wp\/v2\/product_tag?post=5849"}],"curies":[{"name":"wp","href":"https:\/\/api.w.org\/{rel}","templated":true}]}}