{"id":5811,"date":"2024-10-23T17:11:47","date_gmt":"2024-10-23T15:11:47","guid":{"rendered":"http:\/\/billigtrikots.com\/?post_type=product&#038;p=5811"},"modified":"2024-10-23T17:13:26","modified_gmt":"2024-10-23T15:13:26","slug":"herren-kroatien-heimtrikot-wm-2022-weiss-rot-kaufen-kurzarm-kurze-hosen-perisic-14","status":"publish","type":"product","link":"https:\/\/www.billigtrikotde.com\/sl\/herren-kroatien-heimtrikot-wm-2022-weiss-rot-kaufen-kurzarm-kurze-hosen-perisic-14\/","title":{"rendered":"Mo\u0161ka majica Croatia Home World Cup 2022 White Red Nakup Kratek rokav + kratke hla\u010de PERISIC #14"},"content":{"rendered":"<p>Prejeli smo nove informacije o dresu Slovenije za svetovno prvenstvo 2022. Barva Swoosh \u201eBattle Blue\u201c je dejansko kraljevsko modra. Ustvarili smo mock-up mo\u017enega celotnega izgleda, ki temelji na Nike predlogi za svetovno prvenstvo 2022 in je navdihnjen s pobeglimi dresi 22-23.<\/p>\n<p>Dres Nike Slovenija 2022 zdru\u017euje le dve glavni barvi v notranjih podatkih Nike \u2013 belo in Battle Blue. Manjka rde\u010da, ki se uporablja za znano karo vzor\u010denje. Dres Barcelona 22-23 tudi v podatkih Nike nima rde\u010de \u2013 je le \u201eObsidianska \/ Sezam\u201c. Kon\u010dni dres Barcelona 22-23 je rde\u010d, mornarsko modro in modro \u010drtasto. Battle Blue je pravzaprav nov za Slovenijo. Je nekoliko svetlej\u0161a kraljevsko modra kot modra barva dosedanjih doma\u010dih dresov.<br \/>\nZdi se, da bo glavna barva bela, Battle Blue pa bo uporabljena za logotipe. Podobno kot pri dresu Barcelone bi lahko rokavi bili enobarvni (beli).<\/p>\n<p>Nasveti za tiskanje: \u010ce sta ime in \u0161tevilka na sliki to\u010dno tak\u0161na, kot ju \u017eelite, ju ni treba ponovno vnesti. \u010ce ni tako, vnesite \u017eeleno ime in \u0161tevilko.<\/p>\n<p>Nasveti za pranje: Priporo\u010dljivo je, da nogometne majice perete ro\u010dno. \u010ce \u017eelite uporabiti pralni stroj, ne pozabite nogometne majice obrniti narobe in jih nato oprati. Stroj napolnite s hladno vodo in uporabite ob\u010dutljiv cikel, da bolje za\u0161\u010ditite barve.<\/p>","protected":false},"excerpt":{"rendered":"<p>Wir haben neue Informationen \u00fcber das Trikot von Kroatien f\u00fcr die Weltmeisterschaft 2022 erhalten. Die Swoosh-Farbe \u201eBattle Blue\u201c ist tats\u00e4chlich ein K\u00f6nigsblau. Wir haben ein Mock-up eines m\u00f6glichen vollst\u00e4ndigen Looks erstellt, das auf der Nike-Template f\u00fcr die WM 2022 basiert und von den durchgesickerten 22-23 Trikots inspiriert ist. Das Nike Kroatien 2022 Trikot kombiniert nur [\u2026]<\/p>","protected":false},"featured_media":5844,"comment_status":"open","ping_status":"closed","template":"","meta":[],"product_brand":[],"product_cat":[261],"product_tag":[20,35,21,22,23,24,262,263,264],"class_list":{"0":"post-5811","1":"product","2":"type-product","3":"status-publish","4":"has-post-thumbnail","6":"product_cat-kroatien-trikots","7":"product_tag-coole-fussballtrikots","8":"product_tag-fussball-torwarttrikots","9":"product_tag-fussballtrikot-fuer-herren","10":"product_tag-fussballtrikot-guenstig-kaufen","11":"product_tag-fussballtrikot-kurzarm","12":"product_tag-guenstiges-fussballtrikot","13":"product_tag-kroatien-heimtrikot","14":"product_tag-kroatien-trikot-herren","15":"product_tag-kroatien-trikots","17":"first","18":"instock","19":"shipping-taxable","20":"purchasable","21":"product-type-variable"},"_links":{"self":[{"href":"https:\/\/www.billigtrikotde.com\/sl\/wp-json\/wp\/v2\/product\/5811","targetHints":{"allow":["GET"]}}],"collection":[{"href":"https:\/\/www.billigtrikotde.com\/sl\/wp-json\/wp\/v2\/product"}],"about":[{"href":"https:\/\/www.billigtrikotde.com\/sl\/wp-json\/wp\/v2\/types\/product"}],"replies":[{"embeddable":true,"href":"https:\/\/www.billigtrikotde.com\/sl\/wp-json\/wp\/v2\/comments?post=5811"}],"wp:featuredmedia":[{"embeddable":true,"href":"https:\/\/www.billigtrikotde.com\/sl\/wp-json\/wp\/v2\/media\/5844"}],"wp:attachment":[{"href":"https:\/\/www.billigtrikotde.com\/sl\/wp-json\/wp\/v2\/media?parent=5811"}],"wp:term":[{"taxonomy":"product_brand","embeddable":true,"href":"https:\/\/www.billigtrikotde.com\/sl\/wp-json\/wp\/v2\/product_brand?post=5811"},{"taxonomy":"product_cat","embeddable":true,"href":"https:\/\/www.billigtrikotde.com\/sl\/wp-json\/wp\/v2\/product_cat?post=5811"},{"taxonomy":"product_tag","embeddable":true,"href":"https:\/\/www.billigtrikotde.com\/sl\/wp-json\/wp\/v2\/product_tag?post=5811"}],"curies":[{"name":"wp","href":"https:\/\/api.w.org\/{rel}","templated":true}]}}