{"id":5751,"date":"2024-10-23T17:09:04","date_gmt":"2024-10-23T15:09:04","guid":{"rendered":"http:\/\/billigtrikots.com\/?post_type=product&#038;p=5751"},"modified":"2024-10-23T17:10:37","modified_gmt":"2024-10-23T15:10:37","slug":"spanien-heimtrikot-wm-2022-rot-trikotsatz-kurzarm-kurze-hosen-mit-aufdruck-arrizabalaga-13","status":"publish","type":"product","link":"https:\/\/www.billigtrikotde.com\/sl\/spanien-heimtrikot-wm-2022-rot-trikotsatz-kurzarm-kurze-hosen-mit-aufdruck-arrizabalaga-13\/","title":{"rendered":"\u0160panija doma\u010da majica za svetovno prvenstvo 2022 Rde\u010da komplet s kratkimi rokavi + kratke hla\u010de z natisom ARRIZABALAGA 13"},"content":{"rendered":"<p>Pribli\u017eno od poletja 2022 bo \u0161panska nogometna reprezentanca uporabljala novo logotip. Predstavljali smo si, kako bi lahko izgledale nogavice \u0160panije z novim logotipom. Novi logotipi RFEF (\u0160panska nogometna zveza) in \u0161panske nogometne reprezentance so bili objavljeni marca 2021. Prvi\u010d bodo na dresih \u0161panske nogometne reprezentance za svetovno prvenstvo 2022 na ogled.<\/p>\n<p>Nasveti za tiskanje: \u010ce sta ime in \u0161tevilka na sliki to\u010dno tak\u0161na, kot ju \u017eelite, ju ni treba ponovno vnesti. \u010ce ni tako, vnesite \u017eeleno ime in \u0161tevilko.<\/p>\n<p>Nasveti za pranje: Priporo\u010dljivo je, da nogometne majice perete ro\u010dno. \u010ce \u017eelite uporabiti pralni stroj, ne pozabite nogometne majice obrniti narobe in jih nato oprati. Stroj napolnite s hladno vodo in uporabite ob\u010dutljiv cikel, da bolje za\u0161\u010ditite barve.<\/p>","protected":false},"excerpt":{"rendered":"<p>Pribli\u017eno od poletja 2022 bo \u0161panska nogometna reprezentanca uporabljala novo logotip. Predstavljali smo si, kako bi lahko izgledale nogavice \u0160panije z novim logotipom. Novi logotipi RFEF (\u0160panska nogometna zveza) in \u0161panske nogometne reprezentance so bili objavljeni marca 2021. Prvi\u010d bodo na dresih \u0161panske nogometne reprezentance za svetovno prvenstvo 2022 na ogled.<\/p>","protected":false},"featured_media":5784,"comment_status":"open","ping_status":"closed","template":"","meta":[],"product_brand":[],"product_cat":[131],"product_tag":[20,21,22,23,24,258,259],"class_list":{"0":"post-5751","1":"product","2":"type-product","3":"status-publish","4":"has-post-thumbnail","6":"product_cat-spanien-trikots","7":"product_tag-coole-fussballtrikots","8":"product_tag-fussballtrikot-fuer-herren","9":"product_tag-fussballtrikot-guenstig-kaufen","10":"product_tag-fussballtrikot-kurzarm","11":"product_tag-guenstiges-fussballtrikot","12":"product_tag-spanien-heimtrikot-wm-2022","13":"product_tag-spanien-heimtrikot-spanien-trikot-schwarz","15":"first","16":"instock","17":"shipping-taxable","18":"purchasable","19":"product-type-variable"},"_links":{"self":[{"href":"https:\/\/www.billigtrikotde.com\/sl\/wp-json\/wp\/v2\/product\/5751","targetHints":{"allow":["GET"]}}],"collection":[{"href":"https:\/\/www.billigtrikotde.com\/sl\/wp-json\/wp\/v2\/product"}],"about":[{"href":"https:\/\/www.billigtrikotde.com\/sl\/wp-json\/wp\/v2\/types\/product"}],"replies":[{"embeddable":true,"href":"https:\/\/www.billigtrikotde.com\/sl\/wp-json\/wp\/v2\/comments?post=5751"}],"wp:featuredmedia":[{"embeddable":true,"href":"https:\/\/www.billigtrikotde.com\/sl\/wp-json\/wp\/v2\/media\/5784"}],"wp:attachment":[{"href":"https:\/\/www.billigtrikotde.com\/sl\/wp-json\/wp\/v2\/media?parent=5751"}],"wp:term":[{"taxonomy":"product_brand","embeddable":true,"href":"https:\/\/www.billigtrikotde.com\/sl\/wp-json\/wp\/v2\/product_brand?post=5751"},{"taxonomy":"product_cat","embeddable":true,"href":"https:\/\/www.billigtrikotde.com\/sl\/wp-json\/wp\/v2\/product_cat?post=5751"},{"taxonomy":"product_tag","embeddable":true,"href":"https:\/\/www.billigtrikotde.com\/sl\/wp-json\/wp\/v2\/product_tag?post=5751"}],"curies":[{"name":"wp","href":"https:\/\/api.w.org\/{rel}","templated":true}]}}