{"id":555,"date":"2024-10-23T12:54:24","date_gmt":"2024-10-23T10:54:24","guid":{"rendered":"http:\/\/billigtrikots.com\/?post_type=product&#038;p=555"},"modified":"2024-10-23T12:55:57","modified_gmt":"2024-10-23T10:55:57","slug":"fc-barcelona-samuel-umtiti23-herren-home-fussballtrikot-langarm-kurze-hosen-2","status":"publish","type":"product","link":"https:\/\/www.billigtrikotde.com\/sl\/fc-barcelona-samuel-umtiti23-herren-home-fussballtrikot-langarm-kurze-hosen-2\/","title":{"rendered":"FC Barcelona Samuel Umtiti23# Mo\u0161ka doma\u010da nogometna majica z dolgimi rokavi + kratke hla\u010de"},"content":{"rendered":"<p>Z modnim modelom v modri barvi, ki odvaja pot, poka\u017ee\u0161 svojo brezpogojno ljubezen do svojega kluba. Nike s tem dresom predstavlja resni\u010dno edinstven izdelek. Vsak pravi podpornik FC Barcelone potrebuje ta doma\u010di dres, saj ga nosijo tudi igralci v Primera Division. Odsevni, zra\u010den, izjemno udoben in lahek model navdu\u0161uje na vseh ravneh. \u010cudovit videz tega \u0161portnega topa je poudarjen z grbom kluba na prsih. Tako si \u0161e bolj zmogljiv in lahko v vsaki enoti da\u0161 vse od sebe. S tem modrim \u0161portnim topom z rde\u010dim vzorcem naredi\u0161 izjavo v svojem outfitu.<\/p>\n<p>Nasveti za tiskanje: \u010ce sta ime in \u0161tevilka na sliki to\u010dno tak\u0161na, kot ju \u017eelite, ju ni treba ponovno vnesti. \u010ce ni tako, vnesite \u017eeleno ime in \u0161tevilko.<\/p>\n<p>Nasveti za pranje: Priporo\u010dljivo je, da nogometne majice perete ro\u010dno. \u010ce \u017eelite uporabiti pralni stroj, ne pozabite nogometne majice obrniti narobe in jih nato oprati. Stroj napolnite s hladno vodo in uporabite ob\u010dutljiv cikel, da bolje za\u0161\u010ditite barve.<\/p>","protected":false},"excerpt":{"rendered":"<p>Mit dem schwei\u00dfableitenden Modell in Blau zeigst du deine bedingungslose Liebe zu deinem Verein. Nike ver\u00f6ffentlicht mit dem Trikot ein wahrhaft einmaliges Produkt. Jeder wahre FC Barcelona-Supporter braucht dieses Heim-Trikot, denn auch die Spieler tragen es in der Primera Division. Das schwei\u00dfableitende, atmungsaktive, super bequeme und leichte Modell \u00fcberzeugt auf ganzer Linie. Die tolle Optik [&hellip;]<\/p>","protected":false},"featured_media":588,"comment_status":"open","ping_status":"closed","template":"","meta":[],"product_brand":[],"product_cat":[31],"product_tag":[20,33,38,21,24],"class_list":{"0":"post-555","1":"product","2":"type-product","3":"status-publish","4":"has-post-thumbnail","6":"product_cat-fc-barcelona","7":"product_tag-coole-fussballtrikots","8":"product_tag-fc-barcelona-trikots","9":"product_tag-fussball-trikot-langarm","10":"product_tag-fussballtrikot-fuer-herren","11":"product_tag-guenstiges-fussballtrikot","13":"first","14":"instock","15":"shipping-taxable","16":"purchasable","17":"product-type-variable"},"_links":{"self":[{"href":"https:\/\/www.billigtrikotde.com\/sl\/wp-json\/wp\/v2\/product\/555","targetHints":{"allow":["GET"]}}],"collection":[{"href":"https:\/\/www.billigtrikotde.com\/sl\/wp-json\/wp\/v2\/product"}],"about":[{"href":"https:\/\/www.billigtrikotde.com\/sl\/wp-json\/wp\/v2\/types\/product"}],"replies":[{"embeddable":true,"href":"https:\/\/www.billigtrikotde.com\/sl\/wp-json\/wp\/v2\/comments?post=555"}],"wp:featuredmedia":[{"embeddable":true,"href":"https:\/\/www.billigtrikotde.com\/sl\/wp-json\/wp\/v2\/media\/588"}],"wp:attachment":[{"href":"https:\/\/www.billigtrikotde.com\/sl\/wp-json\/wp\/v2\/media?parent=555"}],"wp:term":[{"taxonomy":"product_brand","embeddable":true,"href":"https:\/\/www.billigtrikotde.com\/sl\/wp-json\/wp\/v2\/product_brand?post=555"},{"taxonomy":"product_cat","embeddable":true,"href":"https:\/\/www.billigtrikotde.com\/sl\/wp-json\/wp\/v2\/product_cat?post=555"},{"taxonomy":"product_tag","embeddable":true,"href":"https:\/\/www.billigtrikotde.com\/sl\/wp-json\/wp\/v2\/product_tag?post=555"}],"curies":[{"name":"wp","href":"https:\/\/api.w.org\/{rel}","templated":true}]}}