{"id":5500,"date":"2024-10-23T16:57:37","date_gmt":"2024-10-23T14:57:37","guid":{"rendered":"http:\/\/billigtrikots.com\/?post_type=product&#038;p=5500"},"modified":"2024-10-23T16:59:44","modified_gmt":"2024-10-23T14:59:44","slug":"paris-saint-germain-heimtrikot-2022-23-blau-fussballtrikot-kurzarm-florenzi-24","status":"publish","type":"product","link":"https:\/\/www.billigtrikotde.com\/sl\/paris-saint-germain-heimtrikot-2022-23-blau-fussballtrikot-kurzarm-florenzi-24\/","title":{"rendered":"Paris Saint Germain Doma\u010da majica 2022\/23 modra Nogometna majica s kratkimi rokavi FLORENZI #24"},"content":{"rendered":"<p>Triko PSG 22-23 ima videz, ki je navdihnjen s klasi\u010dnim Hechterjem, pri \u010demer pa sta bela in rde\u010da zamenjani. Novo triko PSG 22-23 je zadnje v dolgi vrsti trikotov 22-23, ki so bili nedavno razkriti, ve\u010dina ve\u010d kot celo leto prej, preden so bili objavljeni. Oglejte si tudi razkritja Chelsea, Liverpool in Tottenham. Gre za stilno obliko, ki jo prekine le del Hechterja\u2026 Oblikovalec nogometnih dresov Franco Carabajal je zamislil, kako bi lahko brez izgledalo. Triko PSG 22-23 ima enoten Hechterjev trak namesto velikega reza na sredini. To naredi obliko veliko bolj\u0161o.<br \/>\nFranco je prav tako ustvaril dve razli\u010dici z logotipom Accor Live Limitless. Zelo nam je v\u0161e\u010d razli\u010dica z majhnim ACC znotraj belega dresa. V resnici bi moral biti izrez \u0161e ve\u010dji, saj logotip ACC vklju\u010duje tudi besedilo Accor Live Limitless spodaj. Paris Saint-Germain bi lahko predstavil novo triko 22-23 \u017ee na zadnji tekmi sezone proti Metz 21. maja 2022. \u010ce je tako, bodo zagotovo nosili logotip ACC. Logotipi na triku Paris Saint-Germain 22-23 so name\u0161\u010deni na sredini, pri \u010demer je Swoosh videti pod klubsko znamko.<\/p>\n<p>Nasveti za tiskanje: \u010ce sta ime in \u0161tevilka na sliki to\u010dno tak\u0161na, kot ju \u017eelite, ju ni treba ponovno vnesti. \u010ce ni tako, vnesite \u017eeleno ime in \u0161tevilko.<\/p>\n<p>Nasveti za pranje: Priporo\u010dljivo je, da nogometne majice perete ro\u010dno. \u010ce \u017eelite uporabiti pralni stroj, ne pozabite nogometne majice obrniti narobe in jih nato oprati. Stroj napolnite s hladno vodo in uporabite ob\u010dutljiv cikel, da bolje za\u0161\u010ditite barve.<\/p>","protected":false},"excerpt":{"rendered":"<p>Das PSG 22-23 Trikot hat einen Look, der vom klassischen Hechter inspiriert ist, bei dem aber das Wei\u00df und Rot vertauscht wurden. Das neue PSG 22-23 Trikot ist das letzte in einer langen Liste von 22-23 Trikots, die k\u00fcrzlich geleakt sind, die meisten mehr als ein ganzes Jahr fr\u00fcher als sie ver\u00f6ffentlicht werden. Sieh dir [&hellip;]<\/p>","protected":false},"featured_media":5538,"comment_status":"open","ping_status":"closed","template":"","meta":[],"product_brand":[],"product_cat":[39],"product_tag":[20,43,21,22,23,24,44,41,244],"class_list":{"0":"post-5500","1":"product","2":"type-product","3":"status-publish","4":"has-post-thumbnail","6":"product_cat-paris-saint-germain","7":"product_tag-coole-fussballtrikots","8":"product_tag-fussballkleidung","9":"product_tag-fussballtrikot-fuer-herren","10":"product_tag-fussballtrikot-guenstig-kaufen","11":"product_tag-fussballtrikot-kurzarm","12":"product_tag-guenstiges-fussballtrikot","13":"product_tag-paris-saint-germain-auswaertstrikot","14":"product_tag-paris-saint-germain-trikots","15":"product_tag-psg-trikot-2022-23","17":"first","18":"instock","19":"shipping-taxable","20":"purchasable","21":"product-type-variable"},"_links":{"self":[{"href":"https:\/\/www.billigtrikotde.com\/sl\/wp-json\/wp\/v2\/product\/5500","targetHints":{"allow":["GET"]}}],"collection":[{"href":"https:\/\/www.billigtrikotde.com\/sl\/wp-json\/wp\/v2\/product"}],"about":[{"href":"https:\/\/www.billigtrikotde.com\/sl\/wp-json\/wp\/v2\/types\/product"}],"replies":[{"embeddable":true,"href":"https:\/\/www.billigtrikotde.com\/sl\/wp-json\/wp\/v2\/comments?post=5500"}],"wp:featuredmedia":[{"embeddable":true,"href":"https:\/\/www.billigtrikotde.com\/sl\/wp-json\/wp\/v2\/media\/5538"}],"wp:attachment":[{"href":"https:\/\/www.billigtrikotde.com\/sl\/wp-json\/wp\/v2\/media?parent=5500"}],"wp:term":[{"taxonomy":"product_brand","embeddable":true,"href":"https:\/\/www.billigtrikotde.com\/sl\/wp-json\/wp\/v2\/product_brand?post=5500"},{"taxonomy":"product_cat","embeddable":true,"href":"https:\/\/www.billigtrikotde.com\/sl\/wp-json\/wp\/v2\/product_cat?post=5500"},{"taxonomy":"product_tag","embeddable":true,"href":"https:\/\/www.billigtrikotde.com\/sl\/wp-json\/wp\/v2\/product_tag?post=5500"}],"curies":[{"name":"wp","href":"https:\/\/api.w.org\/{rel}","templated":true}]}}