{"id":5398,"date":"2024-10-23T16:53:04","date_gmt":"2024-10-23T14:53:04","guid":{"rendered":"http:\/\/billigtrikots.com\/?post_type=product&#038;p=5398"},"modified":"2025-06-09T04:42:50","modified_gmt":"2025-06-09T02:42:50","slug":"herren-arsenal-2022-2023-heimtrikot-rot-weiss-fussballtrikots-set-outlet","status":"publish","type":"product","link":"https:\/\/www.billigtrikotde.com\/sl\/herren-arsenal-2022-2023-heimtrikot-rot-weiss-fussballtrikots-set-outlet\/","title":{"rendered":"Mo\u0161ke Arsenal 2022-2023 doma\u010de \u0161portne majice rde\u010de-bele komplet kratkih rokavov + kratke hla\u010de set"},"content":{"rendered":"<p>Majica Arsenal 22-23 bo na voljo 19. maja 2022. Predvideva se, da jo bo prva ekipa nosila na zadnji tekmi proti Evertonu 22. maja. Kot pri drugih sezonah bo nova gostujo\u010da majica za sezono 2022-23 predstavljena kot del turneje po ZDA v juliju. Verjetno bo prvi\u010d predstavljena proti Evertonu (16. julij). Arsenal jo bi lahko nosil tudi proti Orlando Cityju (20. julij) in Chelseau (23. julij).<\/p>\n<p>Nasveti za tiskanje: \u010ce sta ime in \u0161tevilka na sliki to\u010dno tak\u0161na, kot ju \u017eelite, ju ni treba ponovno vnesti. \u010ce ni tako, vnesite \u017eeleno ime in \u0161tevilko.<\/p>\n<p>Nasveti za pranje: Priporo\u010dljivo je, da nogometne majice perete ro\u010dno. \u010ce \u017eelite uporabiti pralni stroj, ne pozabite nogometne majice obrniti narobe in jih nato oprati. Stroj napolnite s hladno vodo in uporabite ob\u010dutljiv cikel, da bolje za\u0161\u010ditite barve.<\/p>","protected":false},"excerpt":{"rendered":"<p>Majica Arsenal 22-23 bo na voljo 19. maja 2022. Predvideva se, da jo bo ekipa nosila na zadnji tekmi proti Evertonu 22. maja. Kot v drugih sezonah bo nova gostujo\u010da majica za sezono 2022-23 predstavljena kot del turneje po Sloveniji v juliju. To [\u2026]<\/p>","protected":false},"featured_media":5431,"comment_status":"open","ping_status":"closed","template":"","meta":[],"product_brand":[],"product_cat":[55],"product_tag":[243,20,21,22,23,54,24],"class_list":{"0":"post-5398","1":"product","2":"type-product","3":"status-publish","4":"has-post-thumbnail","6":"product_cat-arsenal","7":"product_tag-arsenal-2022-2023-heimtrikot","8":"product_tag-coole-fussballtrikots","9":"product_tag-fussballtrikot-fuer-herren","10":"product_tag-fussballtrikot-guenstig-kaufen","11":"product_tag-fussballtrikot-kurzarm","12":"product_tag-fussballtrikot-set","13":"product_tag-guenstiges-fussballtrikot","15":"first","16":"instock","17":"shipping-taxable","18":"purchasable","19":"product-type-variable"},"_links":{"self":[{"href":"https:\/\/www.billigtrikotde.com\/sl\/wp-json\/wp\/v2\/product\/5398","targetHints":{"allow":["GET"]}}],"collection":[{"href":"https:\/\/www.billigtrikotde.com\/sl\/wp-json\/wp\/v2\/product"}],"about":[{"href":"https:\/\/www.billigtrikotde.com\/sl\/wp-json\/wp\/v2\/types\/product"}],"replies":[{"embeddable":true,"href":"https:\/\/www.billigtrikotde.com\/sl\/wp-json\/wp\/v2\/comments?post=5398"}],"wp:featuredmedia":[{"embeddable":true,"href":"https:\/\/www.billigtrikotde.com\/sl\/wp-json\/wp\/v2\/media\/5431"}],"wp:attachment":[{"href":"https:\/\/www.billigtrikotde.com\/sl\/wp-json\/wp\/v2\/media?parent=5398"}],"wp:term":[{"taxonomy":"product_brand","embeddable":true,"href":"https:\/\/www.billigtrikotde.com\/sl\/wp-json\/wp\/v2\/product_brand?post=5398"},{"taxonomy":"product_cat","embeddable":true,"href":"https:\/\/www.billigtrikotde.com\/sl\/wp-json\/wp\/v2\/product_cat?post=5398"},{"taxonomy":"product_tag","embeddable":true,"href":"https:\/\/www.billigtrikotde.com\/sl\/wp-json\/wp\/v2\/product_tag?post=5398"}],"curies":[{"name":"wp","href":"https:\/\/api.w.org\/{rel}","templated":true}]}}