{"id":534,"date":"2024-10-23T12:53:22","date_gmt":"2024-10-23T10:53:22","guid":{"rendered":"http:\/\/billigtrikots.com\/?post_type=product&#038;p=534"},"modified":"2024-10-23T12:55:20","modified_gmt":"2024-10-23T10:55:20","slug":"fc-barcelona-rafinha-12-stadium-home-fussball-trikots-21-22-langarm-kurze-hosen","status":"publish","type":"product","link":"https:\/\/www.billigtrikotde.com\/sl\/fc-barcelona-rafinha-12-stadium-home-fussball-trikots-21-22-langarm-kurze-hosen\/","title":{"rendered":"FC Barcelona Rafinha 12# Stadion Domov nogometne majice 21\/22 z dolgimi rokavi + kratke hla\u010de"},"content":{"rendered":"<p>Poka\u017ei svojo pripadnost svoji ekipi z lahkim modelom v modri barvi. Nike dres zagotavlja pravo navdu\u0161enje. Ve\u010d podpore skoraj ni mogo\u010de! S tem doma\u010dim dresom FC Barcelona raz\u0161iri svojo zbirko navija\u0161kih predmetov za izdelek, ki ga nosijo igralci v Primera Division. Izjemno udoben, odvajajo\u010d znoj, zra\u010den in lahek funkcionalni material ga naredi prepri\u010dljivega. S tem \u0161portnim majico ste dobro opremljeni za vsako vadbo. Do absolutnega vrhunca pride z grbom kluba na prsih. Ta eleganten model je popoln, \u010de i\u0161\u010dete modro \u0161portno majico z videzom.<\/p>\n<p>Nasveti za tiskanje: \u010ce sta ime in \u0161tevilka na sliki to\u010dno tak\u0161na, kot ju \u017eelite, ju ni treba ponovno vnesti. \u010ce ni tako, vnesite \u017eeleno ime in \u0161tevilko.<\/p>\n<p>Nasveti za pranje: Priporo\u010dljivo je, da nogometne majice perete ro\u010dno. \u010ce \u017eelite uporabiti pralni stroj, ne pozabite nogometne majice obrniti narobe in jih nato oprati. Stroj napolnite s hladno vodo in uporabite ob\u010dutljiv cikel, da bolje za\u0161\u010ditite barve.<\/p>","protected":false},"excerpt":{"rendered":"<p>Zeige deine Zugeh\u00f6rigkeit zu deinem Team durch das leichte Modell in Blau. Das Nike Trikot sorgt f\u00fcr wahre Begeisterung. Mehr Support geht kaum! Mit diesem FC Barcelona-Heim-Trikot erweiterst du deine Fan-Kollektion um einen Artikel, wie ihn die Spieler in der Primera Division tragen. Die super bequeme, schwei\u00dfableitende, atmungsaktive und leichte Funktionsweise l\u00e4sst es \u00fcberzeugen. Mit [&hellip;]<\/p>","protected":false},"featured_media":565,"comment_status":"open","ping_status":"closed","template":"","meta":[],"product_brand":[],"product_cat":[31],"product_tag":[20,33,38,21,24],"class_list":{"0":"post-534","1":"product","2":"type-product","3":"status-publish","4":"has-post-thumbnail","6":"product_cat-fc-barcelona","7":"product_tag-coole-fussballtrikots","8":"product_tag-fc-barcelona-trikots","9":"product_tag-fussball-trikot-langarm","10":"product_tag-fussballtrikot-fuer-herren","11":"product_tag-guenstiges-fussballtrikot","13":"first","14":"instock","15":"shipping-taxable","16":"purchasable","17":"product-type-variable"},"_links":{"self":[{"href":"https:\/\/www.billigtrikotde.com\/sl\/wp-json\/wp\/v2\/product\/534","targetHints":{"allow":["GET"]}}],"collection":[{"href":"https:\/\/www.billigtrikotde.com\/sl\/wp-json\/wp\/v2\/product"}],"about":[{"href":"https:\/\/www.billigtrikotde.com\/sl\/wp-json\/wp\/v2\/types\/product"}],"replies":[{"embeddable":true,"href":"https:\/\/www.billigtrikotde.com\/sl\/wp-json\/wp\/v2\/comments?post=534"}],"wp:featuredmedia":[{"embeddable":true,"href":"https:\/\/www.billigtrikotde.com\/sl\/wp-json\/wp\/v2\/media\/565"}],"wp:attachment":[{"href":"https:\/\/www.billigtrikotde.com\/sl\/wp-json\/wp\/v2\/media?parent=534"}],"wp:term":[{"taxonomy":"product_brand","embeddable":true,"href":"https:\/\/www.billigtrikotde.com\/sl\/wp-json\/wp\/v2\/product_brand?post=534"},{"taxonomy":"product_cat","embeddable":true,"href":"https:\/\/www.billigtrikotde.com\/sl\/wp-json\/wp\/v2\/product_cat?post=534"},{"taxonomy":"product_tag","embeddable":true,"href":"https:\/\/www.billigtrikotde.com\/sl\/wp-json\/wp\/v2\/product_tag?post=534"}],"curies":[{"name":"wp","href":"https:\/\/api.w.org\/{rel}","templated":true}]}}