{"id":5169,"date":"2024-10-23T16:27:10","date_gmt":"2024-10-23T14:27:10","guid":{"rendered":"http:\/\/billigtrikots.com\/?post_type=product&#038;p=5169"},"modified":"2024-10-23T16:29:23","modified_gmt":"2024-10-23T14:29:23","slug":"brasilien-2022-wm-heimtrikots-gelb-trikotsatz-kurzarm-kurze-hosen-daniel-alves-13","status":"publish","type":"product","link":"https:\/\/www.billigtrikotde.com\/sl\/brasilien-2022-wm-heimtrikots-gelb-trikotsatz-kurzarm-kurze-hosen-daniel-alves-13\/","title":{"rendered":"Brazil 2022 Svetovno prvenstvo Doma\u010de majice Rumena Kit kratkimi rokavi + kratke hla\u010de DANIEL ALVES 13"},"content":{"rendered":"<p>Pred jutri\u0161njo tekmo med Brazilijo in Argentino smo izvedeli ve\u010d podrobnosti o dizajnu doma\u010dega dresa za svetovno prvenstvo 2022.Dres za svetovno prvenstvo 2022 podjetja Nike bo predstavljen v drugi polovici leta in bo imel novo, svetlej\u0161o barvno shemo.Nogometni dres Nike Brazilija 2022 zamenja klasi\u010dno rumeno barvo za \u017eivo rumeno, uradno imenovano \"dinami\u010dna rumena\". Videz te barve smo opisali kot \"skoraj neonsko rumeno\".<\/p>\n<p>Dres za svetovno prvenstvo Brazilija 2022 bo imel majhen tradicionalni ovratnik, obarvan rumeno in okra\u0161en z zeleno in modro \u010drto. Upo\u0161tevajte, da je na\u0161a zgornja slika le predogled in da bo kon\u010dna zasnova dresa morda videti druga\u010de. barve doma\u010dega dresa Nike Brazilija 2022 za svetovno prvenstvo spominjajo na dres zmagovalca svetovnega prvenstva 2002 - lahko ga razumemo kot poklon 20. obletnici njegove izdaje. Nike kombinira dres Nike Brazilija 2022 s svetlo turkizno zelenimi logotipi (Green Spark) in bogato modro barvo za podrobnosti (Paramount Blue).<\/p>\n<p>Nasveti za tiskanje: \u010ce sta ime in \u0161tevilka na sliki to\u010dno tak\u0161na, kot ju \u017eelite, ju ni treba ponovno vnesti. \u010ce ni tako, vnesite \u017eeleno ime in \u0161tevilko.<\/p>\n<p>Nasveti za pranje: Priporo\u010dljivo je, da nogometne majice perete ro\u010dno. \u010ce \u017eelite uporabiti pralni stroj, ne pozabite nogometne majice obrniti narobe in jih nato oprati. Stroj napolnite s hladno vodo in uporabite ob\u010dutljiv cikel, da bolje za\u0161\u010ditite barve.<\/p>","protected":false},"excerpt":{"rendered":"<p>Pred jutri\u0161njo tekmo Brazilija proti Argentini smo pridobili natan\u010dnej\u0161e informacije o oblikovanju doma\u010de majice za svetovno prvenstvo 2022. Majica, izdelana s strani Nike, bo predstavljena v drugi polovici leta in bo imela novo, svetlej\u0161o barvno shemo. Nike Brazilija 2022 nogometna majica zamenja klasi\u010dno rumeno z \u017eivahno rumeno, uradno \u00bbDynamic\u00ab...<\/p>","protected":false},"featured_media":5207,"comment_status":"open","ping_status":"closed","template":"","meta":[],"product_brand":[],"product_cat":[112],"product_tag":[20,210,114,222,21,22,23,24],"class_list":{"0":"post-5169","1":"product","2":"type-product","3":"status-publish","4":"has-post-thumbnail","6":"product_cat-brasilien-trikots","7":"product_tag-coole-fussballtrikots","8":"product_tag-brasilien-auswaertstrikot","9":"product_tag-brasilien-trikots","10":"product_tag-fussball-wm-2022-trikots","11":"product_tag-fussballtrikot-fuer-herren","12":"product_tag-fussballtrikot-guenstig-kaufen","13":"product_tag-fussballtrikot-kurzarm","14":"product_tag-guenstiges-fussballtrikot","16":"first","17":"instock","18":"shipping-taxable","19":"purchasable","20":"product-type-variable"},"_links":{"self":[{"href":"https:\/\/www.billigtrikotde.com\/sl\/wp-json\/wp\/v2\/product\/5169","targetHints":{"allow":["GET"]}}],"collection":[{"href":"https:\/\/www.billigtrikotde.com\/sl\/wp-json\/wp\/v2\/product"}],"about":[{"href":"https:\/\/www.billigtrikotde.com\/sl\/wp-json\/wp\/v2\/types\/product"}],"replies":[{"embeddable":true,"href":"https:\/\/www.billigtrikotde.com\/sl\/wp-json\/wp\/v2\/comments?post=5169"}],"wp:featuredmedia":[{"embeddable":true,"href":"https:\/\/www.billigtrikotde.com\/sl\/wp-json\/wp\/v2\/media\/5207"}],"wp:attachment":[{"href":"https:\/\/www.billigtrikotde.com\/sl\/wp-json\/wp\/v2\/media?parent=5169"}],"wp:term":[{"taxonomy":"product_brand","embeddable":true,"href":"https:\/\/www.billigtrikotde.com\/sl\/wp-json\/wp\/v2\/product_brand?post=5169"},{"taxonomy":"product_cat","embeddable":true,"href":"https:\/\/www.billigtrikotde.com\/sl\/wp-json\/wp\/v2\/product_cat?post=5169"},{"taxonomy":"product_tag","embeddable":true,"href":"https:\/\/www.billigtrikotde.com\/sl\/wp-json\/wp\/v2\/product_tag?post=5169"}],"curies":[{"name":"wp","href":"https:\/\/api.w.org\/{rel}","templated":true}]}}