{"id":5124,"date":"2024-10-23T16:24:48","date_gmt":"2024-10-23T14:24:48","guid":{"rendered":"http:\/\/billigtrikots.com\/?post_type=product&#038;p=5124"},"modified":"2024-10-23T16:27:03","modified_gmt":"2024-10-23T14:27:03","slug":"vecino-8-inter-mailand-stadium-jersey-fussball-trikot-kurzarm-herren-heimtrikot","status":"publish","type":"product","link":"https:\/\/www.billigtrikotde.com\/sl\/vecino-8-inter-mailand-stadium-jersey-fussball-trikot-kurzarm-herren-heimtrikot\/","title":{"rendered":"Sose\u0161\u010dan 8 Inter Mil\u00e1n Stadion dres nogomet dres kratke srajce doma\u010d dres"},"content":{"rendered":"<p>Prve prave slike majice prihajajo\u010de kolekcije Nike x Inter so bile razkrite. Navdihnjena z prihajajo\u010do \u010detrto majico Inter, prikazuje podoben dizajn kot majica. \u010cetrta majica Nike Inter Milano 2020-2021 se predstavlja v izjemnem dizajnu, ki zdru\u017euje razli\u010dne vzorce in grafike v me\u0161anem videzu.<\/p>\n<p>Poletna kolekcija Nike Inter Milano 20-21 uvaja sve\u017ee videze. Navdihnjena z \u010detrto majico ter kolekcijo pred tekmo 20-21 in kolekcijo \u017eivljenjskega sloga kluba, kolekcija Nike Inter 20-21 poleti zdru\u017euje razli\u010dne dizajne za en izdelek.<\/p>\n<p>Nasveti za tiskanje: \u010ce sta ime in \u0161tevilka na sliki to\u010dno tak\u0161na, kot ju \u017eelite, ju ni treba ponovno vnesti. \u010ce ni tako, vnesite \u017eeleno ime in \u0161tevilko.<\/p>\n<p>Nasveti za pranje: Priporo\u010dljivo je, da nogometne majice perete ro\u010dno. \u010ce \u017eelite uporabiti pralni stroj, ne pozabite nogometne majice obrniti narobe in jih nato oprati. Stroj napolnite s hladno vodo in uporabite ob\u010dutljiv cikel, da bolje za\u0161\u010ditite barve.<\/p>","protected":false},"excerpt":{"rendered":"<p>Prve prave slike majice prihajajo\u010de kolekcije Nike x Inter so bile razkrite. Navdihnjena z prihajajo\u010do \u010detrto majico Inter, prikazuje podoben dizajn kot majica. \u010cetrta majica Nike Inter Milano 2020-2021 se predstavlja v izjemnem dizajnu, ki zdru\u017euje razli\u010dne vzorce in grafike v me\u0161anem videzu.<\/p>","protected":false},"featured_media":5163,"comment_status":"open","ping_status":"closed","template":"","meta":[],"product_brand":[],"product_cat":[77],"product_tag":[20,21,22,23,24,241,78],"class_list":{"0":"post-5124","1":"product","2":"type-product","3":"status-publish","4":"has-post-thumbnail","6":"product_cat-inter-milan","7":"product_tag-coole-fussballtrikots","8":"product_tag-fussballtrikot-fuer-herren","9":"product_tag-fussballtrikot-guenstig-kaufen","10":"product_tag-fussballtrikot-kurzarm","11":"product_tag-guenstiges-fussballtrikot","12":"product_tag-inter-mailand-ausweichtrikot","13":"product_tag-inter-milan-trikots","15":"first","16":"instock","17":"shipping-taxable","18":"purchasable","19":"product-type-variable"},"_links":{"self":[{"href":"https:\/\/www.billigtrikotde.com\/sl\/wp-json\/wp\/v2\/product\/5124","targetHints":{"allow":["GET"]}}],"collection":[{"href":"https:\/\/www.billigtrikotde.com\/sl\/wp-json\/wp\/v2\/product"}],"about":[{"href":"https:\/\/www.billigtrikotde.com\/sl\/wp-json\/wp\/v2\/types\/product"}],"replies":[{"embeddable":true,"href":"https:\/\/www.billigtrikotde.com\/sl\/wp-json\/wp\/v2\/comments?post=5124"}],"wp:featuredmedia":[{"embeddable":true,"href":"https:\/\/www.billigtrikotde.com\/sl\/wp-json\/wp\/v2\/media\/5163"}],"wp:attachment":[{"href":"https:\/\/www.billigtrikotde.com\/sl\/wp-json\/wp\/v2\/media?parent=5124"}],"wp:term":[{"taxonomy":"product_brand","embeddable":true,"href":"https:\/\/www.billigtrikotde.com\/sl\/wp-json\/wp\/v2\/product_brand?post=5124"},{"taxonomy":"product_cat","embeddable":true,"href":"https:\/\/www.billigtrikotde.com\/sl\/wp-json\/wp\/v2\/product_cat?post=5124"},{"taxonomy":"product_tag","embeddable":true,"href":"https:\/\/www.billigtrikotde.com\/sl\/wp-json\/wp\/v2\/product_tag?post=5124"}],"curies":[{"name":"wp","href":"https:\/\/api.w.org\/{rel}","templated":true}]}}