{"id":5067,"date":"2024-10-23T16:21:31","date_gmt":"2024-10-23T14:21:31","guid":{"rendered":"http:\/\/billigtrikots.com\/?post_type=product&#038;p=5067"},"modified":"2024-10-23T16:24:09","modified_gmt":"2024-10-23T14:24:09","slug":"fc-barcelona-2022-23-heimtrikot-dunkles-blau-trikotsatz-kurzarm-mit-aufdruck-ronaldinho-10","status":"publish","type":"product","link":"https:\/\/www.billigtrikotde.com\/sl\/fc-barcelona-2022-23-heimtrikot-dunkles-blau-trikotsatz-kurzarm-mit-aufdruck-ronaldinho-10\/","title":{"rendered":"FC Barcelona 2022\/23 doma\u010di dres temno modre barve, komplet s kratkimi rokavi z napisom Ronaldinho 10"},"content":{"rendered":"<p>Dres FC Barcelona 2022-23 uvaja eleganten videz z dopolnitvijo tradicionalnih modro-rde\u010dih \u010drt z temno modro barvo.<\/p>\n<p>Rokavi in ovratnik dresa Barcelona 22-23 so enobarvno mornarsko modri, medtem ko je sprednja stran opremljena z precej \u0161irokimi \u010drtami v mornarsko modri, kraljevsko modri in rde\u010di barvi.<\/p>\n<p>Uradno ime temno modre barve na dresu je \u201cObsidian\u201d, kar je tudi barva logotipov na zlatem gostujo\u010dem dresu.<\/p>\n<p>V notranjosti modro-rde\u010dih \u010drt na sprednji strani doma\u010dega dresa Nike FC Barcelona 2022-2023 se nahaja subtilen tisk, ki bo viden tudi na razli\u010dnih drugih artiklih kolekcije, vklju\u010dno s predtekmovalnim majico.<\/p>\n<p>Po poro\u010danju SPORT je bil dizajn navdihnjen tudi z Olimpijskimi igrami 1992 v Barceloni in spremembami, ki jih je do\u017eivelo mesto. Ta navdih je \u0161e bolj opazen na gostujo\u010dem dresu, ki je okra\u0161en z okraski v dizajnu olimpijskih medaljnih trakov izpred 30 let.<\/p>\n<p>Hla\u010de in nogavice doma\u010dega dresa Barcelona 22-23 odra\u017eajo temno modro barvo, kar je ponavljajo\u010da se tema v zgodovini doma\u010dih dresov katalonskega kluba.<\/p>\n<p>Nasveti za tiskanje: \u010ce sta ime in \u0161tevilka na sliki to\u010dno tak\u0161na, kot ju \u017eelite, ju ni treba ponovno vnesti. \u010ce ni tako, vnesite \u017eeleno ime in \u0161tevilko.<\/p>\n<p>Nasveti za pranje: Priporo\u010dljivo je, da nogometne majice perete ro\u010dno. \u010ce \u017eelite uporabiti pralni stroj, ne pozabite nogometne majice obrniti narobe in jih nato oprati. Stroj napolnite s hladno vodo in uporabite ob\u010dutljiv cikel, da bolje za\u0161\u010ditite barve.<\/p>","protected":false},"excerpt":{"rendered":"<p>Majica FC Barcelona 2022-23 uvaja eleganten videz z dopolnitvijo tradicionalnih modro-rde\u010dih \u010drt z temno modro barvo. Rokavi in ovratnik majice Barcelona 22-23 so enobarvno temno modri, medtem ko ima sprednja stran precej \u0161iroke \u010drte v temno modri, kraljevsko modri in rde\u010di barvi. Uradno ime temno modre barve na majici je \u201cObsidian\u201d, kar tudi ozna\u010duje [\u2026]<\/p>","protected":false},"featured_media":5109,"comment_status":"open","ping_status":"closed","template":"","meta":[],"product_brand":[],"product_cat":[31],"product_tag":[32,20,33,21,22,23,24],"class_list":{"0":"post-5067","1":"product","2":"type-product","3":"status-publish","4":"has-post-thumbnail","6":"product_cat-fc-barcelona","7":"product_tag-barcelona-heimtrikot","8":"product_tag-coole-fussballtrikots","9":"product_tag-fc-barcelona-trikots","10":"product_tag-fussballtrikot-fuer-herren","11":"product_tag-fussballtrikot-guenstig-kaufen","12":"product_tag-fussballtrikot-kurzarm","13":"product_tag-guenstiges-fussballtrikot","15":"first","16":"instock","17":"shipping-taxable","18":"purchasable","19":"product-type-variable"},"_links":{"self":[{"href":"https:\/\/www.billigtrikotde.com\/sl\/wp-json\/wp\/v2\/product\/5067","targetHints":{"allow":["GET"]}}],"collection":[{"href":"https:\/\/www.billigtrikotde.com\/sl\/wp-json\/wp\/v2\/product"}],"about":[{"href":"https:\/\/www.billigtrikotde.com\/sl\/wp-json\/wp\/v2\/types\/product"}],"replies":[{"embeddable":true,"href":"https:\/\/www.billigtrikotde.com\/sl\/wp-json\/wp\/v2\/comments?post=5067"}],"wp:featuredmedia":[{"embeddable":true,"href":"https:\/\/www.billigtrikotde.com\/sl\/wp-json\/wp\/v2\/media\/5109"}],"wp:attachment":[{"href":"https:\/\/www.billigtrikotde.com\/sl\/wp-json\/wp\/v2\/media?parent=5067"}],"wp:term":[{"taxonomy":"product_brand","embeddable":true,"href":"https:\/\/www.billigtrikotde.com\/sl\/wp-json\/wp\/v2\/product_brand?post=5067"},{"taxonomy":"product_cat","embeddable":true,"href":"https:\/\/www.billigtrikotde.com\/sl\/wp-json\/wp\/v2\/product_cat?post=5067"},{"taxonomy":"product_tag","embeddable":true,"href":"https:\/\/www.billigtrikotde.com\/sl\/wp-json\/wp\/v2\/product_tag?post=5067"}],"curies":[{"name":"wp","href":"https:\/\/api.w.org\/{rel}","templated":true}]}}