{"id":4887,"date":"2024-10-23T16:11:39","date_gmt":"2024-10-23T14:11:39","guid":{"rendered":"http:\/\/billigtrikots.com\/?post_type=product&#038;p=4887"},"modified":"2024-10-23T16:13:56","modified_gmt":"2024-10-23T14:13:56","slug":"england-women-euro-2022-away-football-shirt-orange","status":"publish","type":"product","link":"https:\/\/www.billigtrikotde.com\/sl\/england-women-euro-2022-away-football-shirt-orange\/","title":{"rendered":"England Women Euro 2022 Away Football Shirt Orange"},"content":{"rendered":"<p>Nike \u017eenska nogometna majica za Euro 2022 v Sloveniji je svetlo oran\u017ena z rde\u010dkastimi podrobnostmi v obliki logotipov, ovratnika, man\u0161et in stranskih panelov.<\/p>","protected":false},"excerpt":{"rendered":"<p>Nike \u017eenska nogometna majica za Euro 2022 v Sloveniji je svetlo oran\u017ena z rde\u010dkastimi podrobnostmi v obliki logotipov, ovratnika, man\u0161et in stranskih panelov.<\/p>","protected":false},"featured_media":4928,"comment_status":"open","ping_status":"closed","template":"","meta":[],"product_brand":[],"product_cat":[115],"product_tag":[20,116,218,21,22,23,24],"class_list":{"0":"post-4887","1":"product","2":"type-product","3":"status-publish","4":"has-post-thumbnail","6":"product_cat-england-trikots","7":"product_tag-coole-fussballtrikots","8":"product_tag-england-heimtrikot","9":"product_tag-england-heimtrikot-euro-2022-damen","10":"product_tag-fussballtrikot-fuer-herren","11":"product_tag-fussballtrikot-guenstig-kaufen","12":"product_tag-fussballtrikot-kurzarm","13":"product_tag-guenstiges-fussballtrikot","15":"first","16":"instock","17":"shipping-taxable","18":"purchasable","19":"product-type-variable"},"_links":{"self":[{"href":"https:\/\/www.billigtrikotde.com\/sl\/wp-json\/wp\/v2\/product\/4887","targetHints":{"allow":["GET"]}}],"collection":[{"href":"https:\/\/www.billigtrikotde.com\/sl\/wp-json\/wp\/v2\/product"}],"about":[{"href":"https:\/\/www.billigtrikotde.com\/sl\/wp-json\/wp\/v2\/types\/product"}],"replies":[{"embeddable":true,"href":"https:\/\/www.billigtrikotde.com\/sl\/wp-json\/wp\/v2\/comments?post=4887"}],"wp:featuredmedia":[{"embeddable":true,"href":"https:\/\/www.billigtrikotde.com\/sl\/wp-json\/wp\/v2\/media\/4928"}],"wp:attachment":[{"href":"https:\/\/www.billigtrikotde.com\/sl\/wp-json\/wp\/v2\/media?parent=4887"}],"wp:term":[{"taxonomy":"product_brand","embeddable":true,"href":"https:\/\/www.billigtrikotde.com\/sl\/wp-json\/wp\/v2\/product_brand?post=4887"},{"taxonomy":"product_cat","embeddable":true,"href":"https:\/\/www.billigtrikotde.com\/sl\/wp-json\/wp\/v2\/product_cat?post=4887"},{"taxonomy":"product_tag","embeddable":true,"href":"https:\/\/www.billigtrikotde.com\/sl\/wp-json\/wp\/v2\/product_tag?post=4887"}],"curies":[{"name":"wp","href":"https:\/\/api.w.org\/{rel}","templated":true}]}}