{"id":4839,"date":"2024-10-23T16:09:21","date_gmt":"2024-10-23T14:09:21","guid":{"rendered":"http:\/\/billigtrikots.com\/?post_type=product&#038;p=4839"},"modified":"2024-10-23T16:11:30","modified_gmt":"2024-10-23T14:11:30","slug":"guenstige-fussballtrikots-spanien-trikot-home-em-2022-rot-kurzarm-kurze-hosen-adama-20","status":"publish","type":"product","link":"https:\/\/www.billigtrikotde.com\/sl\/guenstige-fussballtrikots-spanien-trikot-home-em-2022-rot-kurzarm-kurze-hosen-adama-20\/","title":{"rendered":"Dostopne nogometne majice Spain Trikot Home EM 2022 Rde\u010da Kratke roke + Kurze hla\u010de ADAMA 20"},"content":{"rendered":"<p>Nova Spanje Em 2022 majica uvaja neobi\u010dajen izgled, \u010deprav vsebuje tradicionalne barve rde\u010da in rumena. Po Adidasu ima nogometna majica \u0160panije 2022 'pikseliziran dizajn, ki je navdihnjen z dr\u017eavno zastavo'. To vodi do kro\u017eno-dodelanega vzorca v razli\u010dnih odtenkih rde\u010de, ki se nadaljuje na razli\u010dnih barvnih rokavih. Trije \u010drte se nahajajo na ramenih Adidas Spanje EM 2020 majice, medtem ko ovratnik, navdihnjen s 90-ih let, zaokro\u017ei dizajn.<\/p>\n<p>Nasveti za tiskanje: \u010ce sta ime in \u0161tevilka na sliki to\u010dno tak\u0161na, kot ju \u017eelite, ju ni treba ponovno vnesti. \u010ce ni tako, vnesite \u017eeleno ime in \u0161tevilko.<\/p>\n<p>Nasveti za pranje: Priporo\u010dljivo je, da nogometne majice perete ro\u010dno. \u010ce \u017eelite uporabiti pralni stroj, ne pozabite nogometne majice obrniti narobe in jih nato oprati. Stroj napolnite s hladno vodo in uporabite ob\u010dutljiv cikel, da bolje za\u0161\u010ditite barve.<\/p>","protected":false},"excerpt":{"rendered":"<p>Das neue Spanien Em 2022 Trikot f\u00fchrt einen ungew\u00f6hnlichen Look ein, obwohl es die traditionellen Farben Rot und Gelb aufweist.Laut Adidas weist das Spanien 2022 Fu\u00dfballtrikot ein \u201everpixeltes Design auf, das von der Landesflagge inspiriert ist\u201c. Dies f\u00fchrt zu einem Karo-Design in verschiedenen Rott\u00f6nen, die auf den unterschiedlich farbigen \u00c4rmeln fortgef\u00fchrt werden.Die Drei Streifen befinden [&hellip;]<\/p>","protected":false},"featured_media":4880,"comment_status":"open","ping_status":"closed","template":"","meta":[],"product_brand":[],"product_cat":[131],"product_tag":[20,21,22,23,24,132],"class_list":{"0":"post-4839","1":"product","2":"type-product","3":"status-publish","4":"has-post-thumbnail","6":"product_cat-spanien-trikots","7":"product_tag-coole-fussballtrikots","8":"product_tag-fussballtrikot-fuer-herren","9":"product_tag-fussballtrikot-guenstig-kaufen","10":"product_tag-fussballtrikot-kurzarm","11":"product_tag-guenstiges-fussballtrikot","12":"product_tag-spanien-heimtrikot","14":"first","15":"instock","16":"shipping-taxable","17":"purchasable","18":"product-type-variable"},"_links":{"self":[{"href":"https:\/\/www.billigtrikotde.com\/sl\/wp-json\/wp\/v2\/product\/4839","targetHints":{"allow":["GET"]}}],"collection":[{"href":"https:\/\/www.billigtrikotde.com\/sl\/wp-json\/wp\/v2\/product"}],"about":[{"href":"https:\/\/www.billigtrikotde.com\/sl\/wp-json\/wp\/v2\/types\/product"}],"replies":[{"embeddable":true,"href":"https:\/\/www.billigtrikotde.com\/sl\/wp-json\/wp\/v2\/comments?post=4839"}],"wp:featuredmedia":[{"embeddable":true,"href":"https:\/\/www.billigtrikotde.com\/sl\/wp-json\/wp\/v2\/media\/4880"}],"wp:attachment":[{"href":"https:\/\/www.billigtrikotde.com\/sl\/wp-json\/wp\/v2\/media?parent=4839"}],"wp:term":[{"taxonomy":"product_brand","embeddable":true,"href":"https:\/\/www.billigtrikotde.com\/sl\/wp-json\/wp\/v2\/product_brand?post=4839"},{"taxonomy":"product_cat","embeddable":true,"href":"https:\/\/www.billigtrikotde.com\/sl\/wp-json\/wp\/v2\/product_cat?post=4839"},{"taxonomy":"product_tag","embeddable":true,"href":"https:\/\/www.billigtrikotde.com\/sl\/wp-json\/wp\/v2\/product_tag?post=4839"}],"curies":[{"name":"wp","href":"https:\/\/api.w.org\/{rel}","templated":true}]}}