{"id":4771,"date":"2024-10-23T16:05:59","date_gmt":"2024-10-23T14:05:59","guid":{"rendered":"http:\/\/billigtrikots.com\/?post_type=product&#038;p=4771"},"modified":"2024-10-23T16:08:08","modified_gmt":"2024-10-23T14:08:08","slug":"spanien-trikot-away-em-2021-weiss-kurzarm-kurze-hosen-diego-costa-19","status":"publish","type":"product","link":"https:\/\/www.billigtrikotde.com\/sl\/spanien-trikot-away-em-2021-weiss-kurzarm-kurze-hosen-diego-costa-19\/","title":{"rendered":"Spain Jersey Away EM 2021 White Short Sleeve + Shorts DIEGO COSTA 19"},"content":{"rendered":"<p>Podpira\u0161 svojo ekipo v dobrih in slabih \u010dasih z dihljivim modelom v beli barvi. Zagotovo popolna odlo\u010ditev \u2013 majica znamke adidas. Kot pravi navija\u010d \u0160panije potrebuje\u0161 to gostujo\u010do majico, ki jo nosijo igralci na evropskem prvenstvu. Udoben, odvajajo\u010d znoj, dihljiv in lahek funkcionalni material jo naredi prepri\u010dljivo. Nudi ti visoko vzdr\u017eljivost. \u010cudovit videz te majice je poudarjen z logotipom zveze na prsih. S to majico poka\u017ee\u0161 svoj timski duh in vedno izgleda\u0161 \u0161portno.<\/p>\n<p>Nekateri trenutki ostanejo za vedno v spominu. Verjetno se vsak navija\u010d \u0160panije spomni slavja in de\u017eja konfeta, ko je ekipa v Ju\u017eni Afriki dvignila pokal. Gostujo\u010da majica odra\u017ea to podobo z abstraktnim, ro\u010dno narisanim dizajnom. Mehak, hitro su\u0161e\u010d material zagotavlja udobno ob\u010dutek med igro ali v stadionu. Tiskan logotip zveze na prsih ka\u017ee, za katero ekipo ti srce bije.<\/p>\n<p>Nasveti za tiskanje: \u010ce sta ime in \u0161tevilka na sliki to\u010dno tak\u0161na, kot ju \u017eelite, ju ni treba ponovno vnesti. \u010ce ni tako, vnesite \u017eeleno ime in \u0161tevilko.<\/p>\n<p>Nasveti za pranje: Priporo\u010dljivo je, da nogometne majice perete ro\u010dno. \u010ce \u017eelite uporabiti pralni stroj, ne pozabite nogometne majice obrniti narobe in jih nato oprati. Stroj napolnite s hladno vodo in uporabite ob\u010dutljiv cikel, da bolje za\u0161\u010ditite barve.<\/p>","protected":false},"excerpt":{"rendered":"<p>Du unterst\u00fctzt dein Team in guten wie in schlechten Zeiten mit dem atmungsaktiven Modell in Wei\u00df. Sicher die perfekte Entscheidung \u2013 das Trikot von adidas. Als echter Spanien-Fan brauchst du dieses Ausw\u00e4rts-Trikot, das die Spieler bei der Europameisterschaft tragen. Die bequeme, schwei\u00dfableitende, atmungsaktive und leichte Funktionsweise l\u00e4sst es \u00fcberzeugen. Eine hohe Haltbarkeit wird dir geboten. [&hellip;]<\/p>","protected":false},"featured_media":4810,"comment_status":"open","ping_status":"closed","template":"","meta":[],"product_brand":[],"product_cat":[131],"product_tag":[20,21,22,23,24,132],"class_list":{"0":"post-4771","1":"product","2":"type-product","3":"status-publish","4":"has-post-thumbnail","6":"product_cat-spanien-trikots","7":"product_tag-coole-fussballtrikots","8":"product_tag-fussballtrikot-fuer-herren","9":"product_tag-fussballtrikot-guenstig-kaufen","10":"product_tag-fussballtrikot-kurzarm","11":"product_tag-guenstiges-fussballtrikot","12":"product_tag-spanien-heimtrikot","14":"first","15":"instock","16":"shipping-taxable","17":"purchasable","18":"product-type-variable"},"_links":{"self":[{"href":"https:\/\/www.billigtrikotde.com\/sl\/wp-json\/wp\/v2\/product\/4771","targetHints":{"allow":["GET"]}}],"collection":[{"href":"https:\/\/www.billigtrikotde.com\/sl\/wp-json\/wp\/v2\/product"}],"about":[{"href":"https:\/\/www.billigtrikotde.com\/sl\/wp-json\/wp\/v2\/types\/product"}],"replies":[{"embeddable":true,"href":"https:\/\/www.billigtrikotde.com\/sl\/wp-json\/wp\/v2\/comments?post=4771"}],"wp:featuredmedia":[{"embeddable":true,"href":"https:\/\/www.billigtrikotde.com\/sl\/wp-json\/wp\/v2\/media\/4810"}],"wp:attachment":[{"href":"https:\/\/www.billigtrikotde.com\/sl\/wp-json\/wp\/v2\/media?parent=4771"}],"wp:term":[{"taxonomy":"product_brand","embeddable":true,"href":"https:\/\/www.billigtrikotde.com\/sl\/wp-json\/wp\/v2\/product_brand?post=4771"},{"taxonomy":"product_cat","embeddable":true,"href":"https:\/\/www.billigtrikotde.com\/sl\/wp-json\/wp\/v2\/product_cat?post=4771"},{"taxonomy":"product_tag","embeddable":true,"href":"https:\/\/www.billigtrikotde.com\/sl\/wp-json\/wp\/v2\/product_tag?post=4771"}],"curies":[{"name":"wp","href":"https:\/\/api.w.org\/{rel}","templated":true}]}}