{"id":4666,"date":"2024-10-23T16:00:52","date_gmt":"2024-10-23T14:00:52","guid":{"rendered":"http:\/\/billigtrikots.com\/?post_type=product&#038;p=4666"},"modified":"2024-10-23T16:03:28","modified_gmt":"2024-10-23T14:03:28","slug":"argentina-world-cup-home-shirt-wm-trikot-2022","status":"publish","type":"product","link":"https:\/\/www.billigtrikotde.com\/sl\/argentina-world-cup-home-shirt-wm-trikot-2022\/","title":{"rendered":"Argentina World Cup Home Shirt WM-Trikot 2022"},"content":{"rendered":"<p>Argentina bo na mundialnem prvenstvu leta 2022 v Katarju krenila z osve\u017eenimi novimi kompleti, ki jih je izdelal Adidas, pri \u010demer bo La Albiceleste tokrat dobila druga\u010den dizajn. Doma\u010di komplet Argentine na svetovnem prvenstvu 2022 z Adidasom v obi\u010dajnih modro-belih \u010drtah, ki naj bi predstavljale nacionalno zastavo Argentine.<br \/>\nDoma\u010di komplet Argentine za svetovno prvenstvo 2022 je prete\u017eno bel, z popolnoma novim logotipom Adidas v \u010drni barvi, ki bo s svetovnim prvenstvom 2022 debitiral na futbalskem igri\u0161\u010du. \u010crte na novi doma\u010di majici Argentine za Svetovno prvenstvo 2022 so res nenavadne \u2013 namesto standardne enake \u0161irine sta na sredini dve bolj tanki modro-zrni \u010drti, na zunanjih delih pa sta dve bolj\u0161i \u0161ir\u0161i \u010drti. Te ve\u010dje \u010drte so pribli\u017eno tri-krat \u0161ir\u0161e od sredinskih.<br \/>\nArgentinci po vsem svetu bodo te\u017eko \u010dakali, da si ogledajo svoje igralce, kako predstavljajo svojo materino domovino, in upajo, da se vrnejo z lovoriko. Tekmovanje bo verjetno Lionelu Messiju zadnje svetovno prvenstvo in Pari\u017ean bo sku\u0161al svojo mednarodno kariero kon\u010dati z visokim dose\u017ekom.<\/p>","protected":false},"excerpt":{"rendered":"<p>Argentina bo na mundialnem prvenstvu leta 2022 v Katarju krenila z osve\u017eenimi novimi kompleti, ki jih je izdelal Adidas, pri \u010demer bo La Albiceleste tokrat dobila druga\u010den dizajn. Doma\u010di komplet Argentine na svetovnem prvenstvu 2022 z Adidasom v obi\u010dajnih modro-belih \u010drtah, ki naj bi predstavljale nacionalno zastavo Argentine.<\/p>","protected":false},"featured_media":4703,"comment_status":"open","ping_status":"closed","template":"","meta":[],"product_brand":[],"product_cat":[111],"product_tag":[231,20,222,21,22,23,24],"class_list":{"0":"post-4666","1":"product","2":"type-product","3":"status-publish","4":"has-post-thumbnail","6":"product_cat-nationaltrikot","7":"product_tag-argentina-trikots","8":"product_tag-coole-fussballtrikots","9":"product_tag-fussball-wm-2022-trikots","10":"product_tag-fussballtrikot-fuer-herren","11":"product_tag-fussballtrikot-guenstig-kaufen","12":"product_tag-fussballtrikot-kurzarm","13":"product_tag-guenstiges-fussballtrikot","15":"first","16":"instock","17":"shipping-taxable","18":"purchasable","19":"product-type-variable"},"_links":{"self":[{"href":"https:\/\/www.billigtrikotde.com\/sl\/wp-json\/wp\/v2\/product\/4666","targetHints":{"allow":["GET"]}}],"collection":[{"href":"https:\/\/www.billigtrikotde.com\/sl\/wp-json\/wp\/v2\/product"}],"about":[{"href":"https:\/\/www.billigtrikotde.com\/sl\/wp-json\/wp\/v2\/types\/product"}],"replies":[{"embeddable":true,"href":"https:\/\/www.billigtrikotde.com\/sl\/wp-json\/wp\/v2\/comments?post=4666"}],"wp:featuredmedia":[{"embeddable":true,"href":"https:\/\/www.billigtrikotde.com\/sl\/wp-json\/wp\/v2\/media\/4703"}],"wp:attachment":[{"href":"https:\/\/www.billigtrikotde.com\/sl\/wp-json\/wp\/v2\/media?parent=4666"}],"wp:term":[{"taxonomy":"product_brand","embeddable":true,"href":"https:\/\/www.billigtrikotde.com\/sl\/wp-json\/wp\/v2\/product_brand?post=4666"},{"taxonomy":"product_cat","embeddable":true,"href":"https:\/\/www.billigtrikotde.com\/sl\/wp-json\/wp\/v2\/product_cat?post=4666"},{"taxonomy":"product_tag","embeddable":true,"href":"https:\/\/www.billigtrikotde.com\/sl\/wp-json\/wp\/v2\/product_tag?post=4666"}],"curies":[{"name":"wp","href":"https:\/\/api.w.org\/{rel}","templated":true}]}}