{"id":4664,"date":"2024-10-23T16:00:51","date_gmt":"2024-10-23T14:00:51","guid":{"rendered":"http:\/\/billigtrikots.com\/?post_type=product&#038;p=4664"},"modified":"2024-10-23T16:02:56","modified_gmt":"2024-10-23T14:02:56","slug":"herren-trikot-home-serbien-cheap-heimtrikot-em-2021-rot","status":"publish","type":"product","link":"https:\/\/www.billigtrikotde.com\/sl\/herren-trikot-home-serbien-cheap-heimtrikot-em-2021-rot\/","title":{"rendered":"Mo\u0161ki Trikot Home Srbija Cheap Doma\u010di dres EM 2021 Rde\u010d"},"content":{"rendered":"<p>PUMA na trg uvaja \u0161portno majico v rde\u010di barvi, s katero lahko svojo ekipo podprete v dobrih in slabih \u010dasih z ljubeznijo in predanostjo. Nobena navija\u0161ka kolekcija ne sme biti brez te Srbijo \u0161portne majice. Priporo\u010damo to zra\u010dnostno, hitro odvajajo\u010do znoj, lahko in udobno zasnovo z prijetnim ob\u010dutkom na no\u0161enje. Poleg tega vam nudi visoko vzdr\u017eljivost. Tako boste \u0161e bolj zmogljivi in boste v vsakem treningu dali vse od sebe. Vizualno izstopa z logotipom zveze na prsih.<\/p>\n<p>Dodajte ime in \u0161tevilko za svojo personalizirano majico.<\/p>\n<p>Nasveti za pranje: Priporo\u010dljivo je, da nogometne majice perete ro\u010dno. \u010ce \u017eelite uporabiti pralni stroj, ne pozabite nogometne majice obrniti narobe in jih nato oprati. Stroj napolnite s hladno vodo in uporabite ob\u010dutljiv cikel, da bolje za\u0161\u010ditite barve.<\/p>","protected":false},"excerpt":{"rendered":"<p>PUMA bringt mit dem Sportshirt in Rot ein Produkt auf den Markt, mit dem du dein Team in guten wie in schlechten Zeiten mit Liebe und Hingabe unterst\u00fctzen kannst. In keiner Fan-Kollektion darf dieses Serbien-Sportshirt fehlen. Wir empfehlen dieses atmungsaktive, schwei\u00dfableitende, leichte und bequeme Modell mit dem angenehmen Tragegef\u00fchl. Au\u00dferdem wird dir eine hohe Haltbarkeit [&hellip;]<\/p>","protected":false},"featured_media":4702,"comment_status":"open","ping_status":"closed","template":"","meta":[],"product_brand":[],"product_cat":[111],"product_tag":[20,21,22,23,24,229,230],"class_list":{"0":"post-4664","1":"product","2":"type-product","3":"status-publish","4":"has-post-thumbnail","6":"product_cat-nationaltrikot","7":"product_tag-coole-fussballtrikots","8":"product_tag-fussballtrikot-fuer-herren","9":"product_tag-fussballtrikot-guenstig-kaufen","10":"product_tag-fussballtrikot-kurzarm","11":"product_tag-guenstiges-fussballtrikot","12":"product_tag-serbien-heimtrikot","13":"product_tag-serbien-trikot","15":"first","16":"instock","17":"shipping-taxable","18":"purchasable","19":"product-type-variable"},"_links":{"self":[{"href":"https:\/\/www.billigtrikotde.com\/sl\/wp-json\/wp\/v2\/product\/4664","targetHints":{"allow":["GET"]}}],"collection":[{"href":"https:\/\/www.billigtrikotde.com\/sl\/wp-json\/wp\/v2\/product"}],"about":[{"href":"https:\/\/www.billigtrikotde.com\/sl\/wp-json\/wp\/v2\/types\/product"}],"replies":[{"embeddable":true,"href":"https:\/\/www.billigtrikotde.com\/sl\/wp-json\/wp\/v2\/comments?post=4664"}],"wp:featuredmedia":[{"embeddable":true,"href":"https:\/\/www.billigtrikotde.com\/sl\/wp-json\/wp\/v2\/media\/4702"}],"wp:attachment":[{"href":"https:\/\/www.billigtrikotde.com\/sl\/wp-json\/wp\/v2\/media?parent=4664"}],"wp:term":[{"taxonomy":"product_brand","embeddable":true,"href":"https:\/\/www.billigtrikotde.com\/sl\/wp-json\/wp\/v2\/product_brand?post=4664"},{"taxonomy":"product_cat","embeddable":true,"href":"https:\/\/www.billigtrikotde.com\/sl\/wp-json\/wp\/v2\/product_cat?post=4664"},{"taxonomy":"product_tag","embeddable":true,"href":"https:\/\/www.billigtrikotde.com\/sl\/wp-json\/wp\/v2\/product_tag?post=4664"}],"curies":[{"name":"wp","href":"https:\/\/api.w.org\/{rel}","templated":true}]}}