{"id":4604,"date":"2024-10-23T15:57:53","date_gmt":"2024-10-23T13:57:53","guid":{"rendered":"http:\/\/billigtrikots.com\/?post_type=product&#038;p=4604"},"modified":"2024-10-23T16:00:07","modified_gmt":"2024-10-23T14:00:07","slug":"das-auswaertstrikot-der-niederlande-fuer-die-euro-2022-damen","status":"publish","type":"product","link":"https:\/\/www.billigtrikotde.com\/sl\/das-auswaertstrikot-der-niederlande-fuer-die-euro-2022-damen\/","title":{"rendered":"Gostujo\u010da majica Nizozemske za Euro 2022 \u017eenske"},"content":{"rendered":"<p>Nike Netherlands Women Euro 2022 Away dres je ve\u010dinoma bel in prikazuje prilagojen dizajn, navdahnen z nizozemsko zastavo. Modri in rde\u010di kvadrati so razporejeni neenakomerno po celem dresu. Logotip na levi strani prsnega ko\u0161a Nike Netherlands Women 2022 Away dresa je prav tako edinstven: je rde\u010d in prikazuje oran\u017eno levico.<\/p>","protected":false},"excerpt":{"rendered":"<p>Nike Netherlands Women Euro 2022 Away dres je ve\u010dinoma bel in prikazuje prilagojen dizajn, navdahnen z nizozemsko zastavo. Modri in rde\u010di kvadrati so razporejeni neenakomerno po celem dresu. Logotip na levi strani prsnega ko\u0161a Nike Netherlands Women 2022 Away dresa je prav tako edinstven: je rde\u010d in prikazuje oran\u017eno levico.<\/p>","protected":false},"featured_media":4644,"comment_status":"open","ping_status":"closed","template":"","meta":[],"product_brand":[],"product_cat":[219],"product_tag":[20,35,21,23,24,220,221],"class_list":{"0":"post-4604","1":"product","2":"type-product","3":"status-publish","4":"has-post-thumbnail","6":"product_cat-niederlande-trikots","7":"product_tag-coole-fussballtrikots","8":"product_tag-fussball-torwarttrikots","9":"product_tag-fussballtrikot-fuer-herren","10":"product_tag-fussballtrikot-kurzarm","11":"product_tag-guenstiges-fussballtrikot","12":"product_tag-niederlande-torwarttrikot","13":"product_tag-niederlande-trikots","15":"first","16":"instock","17":"shipping-taxable","18":"purchasable","19":"product-type-variable"},"_links":{"self":[{"href":"https:\/\/www.billigtrikotde.com\/sl\/wp-json\/wp\/v2\/product\/4604","targetHints":{"allow":["GET"]}}],"collection":[{"href":"https:\/\/www.billigtrikotde.com\/sl\/wp-json\/wp\/v2\/product"}],"about":[{"href":"https:\/\/www.billigtrikotde.com\/sl\/wp-json\/wp\/v2\/types\/product"}],"replies":[{"embeddable":true,"href":"https:\/\/www.billigtrikotde.com\/sl\/wp-json\/wp\/v2\/comments?post=4604"}],"wp:featuredmedia":[{"embeddable":true,"href":"https:\/\/www.billigtrikotde.com\/sl\/wp-json\/wp\/v2\/media\/4644"}],"wp:attachment":[{"href":"https:\/\/www.billigtrikotde.com\/sl\/wp-json\/wp\/v2\/media?parent=4604"}],"wp:term":[{"taxonomy":"product_brand","embeddable":true,"href":"https:\/\/www.billigtrikotde.com\/sl\/wp-json\/wp\/v2\/product_brand?post=4604"},{"taxonomy":"product_cat","embeddable":true,"href":"https:\/\/www.billigtrikotde.com\/sl\/wp-json\/wp\/v2\/product_cat?post=4604"},{"taxonomy":"product_tag","embeddable":true,"href":"https:\/\/www.billigtrikotde.com\/sl\/wp-json\/wp\/v2\/product_tag?post=4604"}],"curies":[{"name":"wp","href":"https:\/\/api.w.org\/{rel}","templated":true}]}}