{"id":4547,"date":"2024-10-23T15:55:04","date_gmt":"2024-10-23T13:55:04","guid":{"rendered":"http:\/\/billigtrikots.com\/?post_type=product&#038;p=4547"},"modified":"2024-10-23T15:57:10","modified_gmt":"2024-10-23T13:57:10","slug":"ronaldo-7-manchester-united-2022-2023-heimtrikot-herren-trikot-kurze-hosen","status":"publish","type":"product","link":"https:\/\/www.billigtrikotde.com\/sl\/ronaldo-7-manchester-united-2022-2023-heimtrikot-herren-trikot-kurze-hosen\/","title":{"rendered":"Ronaldo 7 Manchester United 2022-2023 Home Jersey Mo\u0161ka majica + kratke hla\u010de"},"content":{"rendered":"<p>Triko Adidas Manchester United 2022-2023 zdru\u017euje bolj temno rde\u010do glavno barvo z belim logotipom Adidas in \u010drnimi tremi \u010drtami.<\/p>\n<p>Kaj naredi to triko posebenega, je polo ovratnik. Beli ovratnik je opremljen z dvema trikotnima vzoroma, navdihnjenima s letom 1994.<\/p>\n<p>Nogavice doma\u010dega trika Manchester United 22-23 zdru\u017eujejo tradicionalno glavno barvo \u010drno z rde\u010do. Na sprednji strani imajo rde\u010dega Red Devil-a, na zadnji strani pa bel logotip Adidas. Zgornji del je rde\u010d z \u010drnimi tremi \u010drtami.<\/p>\n<p>Triko Man United 22-23 ima \u0161\u010dit, na katerem je prikazan logotip Manchester United. \u0160\u010dit je v obliki petkotnika in je v nekoliko temnej\u0161i rde\u010di barvi kot preostali del trika. Poleg tega je obdan z ozkim robom, ki lo\u010duje obliko.<\/p>\n<p>Nasveti za tiskanje: \u010ce sta ime in \u0161tevilka na sliki to\u010dno tak\u0161na, kot ju \u017eelite, ju ni treba ponovno vnesti. \u010ce ni tako, vnesite \u017eeleno ime in \u0161tevilko.<\/p>\n<p>Nasveti za pranje: Priporo\u010dljivo je, da nogometne majice perete ro\u010dno. \u010ce \u017eelite uporabiti pralni stroj, ne pozabite nogometne majice obrniti narobe in jih nato oprati. Stroj napolnite s hladno vodo in uporabite ob\u010dutljiv cikel, da bolje za\u0161\u010ditite barve.<\/p>","protected":false},"excerpt":{"rendered":"<p>Adidas Manchester United 2022-2023 dres zdru\u017euje precej temno rde\u010do osnovno barvo z belim logotipom Adidas in \u010drnimi tremi \u010drtami. Kaj dres izstopa, je ovratnik polo. Beli ovratnik je obdelan z dvori\u0161\u010dem tridijalnim dizajnom, ki ga navdihuje leto 1994. Nogavice Manchester United 22-23 doma\u010dega dresa kombinirajo tradicionalno osnovno barvo \u010drno z rde\u010do.<\/p>","protected":false},"featured_media":4585,"comment_status":"open","ping_status":"closed","template":"","meta":[],"product_brand":[],"product_cat":[50],"product_tag":[20,21,22,23,54,24,141,52],"class_list":{"0":"post-4547","1":"product","2":"type-product","3":"status-publish","4":"has-post-thumbnail","6":"product_cat-manchester-united","7":"product_tag-coole-fussballtrikots","8":"product_tag-fussballtrikot-fuer-herren","9":"product_tag-fussballtrikot-guenstig-kaufen","10":"product_tag-fussballtrikot-kurzarm","11":"product_tag-fussballtrikot-set","12":"product_tag-guenstiges-fussballtrikot","13":"product_tag-manchester-united-heimtrikot","14":"product_tag-manchester-united-trikots","16":"first","17":"instock","18":"shipping-taxable","19":"purchasable","20":"product-type-variable"},"_links":{"self":[{"href":"https:\/\/www.billigtrikotde.com\/sl\/wp-json\/wp\/v2\/product\/4547","targetHints":{"allow":["GET"]}}],"collection":[{"href":"https:\/\/www.billigtrikotde.com\/sl\/wp-json\/wp\/v2\/product"}],"about":[{"href":"https:\/\/www.billigtrikotde.com\/sl\/wp-json\/wp\/v2\/types\/product"}],"replies":[{"embeddable":true,"href":"https:\/\/www.billigtrikotde.com\/sl\/wp-json\/wp\/v2\/comments?post=4547"}],"wp:featuredmedia":[{"embeddable":true,"href":"https:\/\/www.billigtrikotde.com\/sl\/wp-json\/wp\/v2\/media\/4585"}],"wp:attachment":[{"href":"https:\/\/www.billigtrikotde.com\/sl\/wp-json\/wp\/v2\/media?parent=4547"}],"wp:term":[{"taxonomy":"product_brand","embeddable":true,"href":"https:\/\/www.billigtrikotde.com\/sl\/wp-json\/wp\/v2\/product_brand?post=4547"},{"taxonomy":"product_cat","embeddable":true,"href":"https:\/\/www.billigtrikotde.com\/sl\/wp-json\/wp\/v2\/product_cat?post=4547"},{"taxonomy":"product_tag","embeddable":true,"href":"https:\/\/www.billigtrikotde.com\/sl\/wp-json\/wp\/v2\/product_tag?post=4547"}],"curies":[{"name":"wp","href":"https:\/\/api.w.org\/{rel}","templated":true}]}}