{"id":4521,"date":"2024-10-23T15:53:54","date_gmt":"2024-10-23T13:53:54","guid":{"rendered":"http:\/\/billigtrikots.com\/?post_type=product&#038;p=4521"},"modified":"2024-10-23T15:56:02","modified_gmt":"2024-10-23T13:56:02","slug":"neue-dfb-deutschlands-wm-trikot-2022-football-shirt-mit-aufdruck-mueller-13","status":"publish","type":"product","link":"https:\/\/www.billigtrikotde.com\/sl\/neue-dfb-deutschlands-wm-trikot-2022-football-shirt-mit-aufdruck-mueller-13\/","title":{"rendered":"Nova nogometna majica DFB Germany 2022 World Cup s tiskom M\u00fcller 13"},"content":{"rendered":"<p>Novi dres Nem\u010dija 2022 bo imel belo osnovno barvo s sivim cik-cak vzorcem na sprednji strani! Emblem DFB bo zlato-\u010drn, adidasov logotip in \u0161tiri zvezde ter zaklju\u010dki rokavov in ramen bodo zlati.<br \/>\nNasveti za tiskanje: \u010ce sta ime in \u0161tevilka na sliki to\u010dno tak\u0161na, kot ju \u017eelite, ju ni treba ponovno vnesti. \u010ce ni tako, vnesite \u017eeleno ime in \u0161tevilko.<\/p>\n<p>Nasveti za pranje: Priporo\u010dljivo je, da nogometne majice perete ro\u010dno. \u010ce \u017eelite uporabiti pralni stroj, ne pozabite nogometne majice obrniti narobe in jih nato oprati. Stroj napolnite s hladno vodo in uporabite ob\u010dutljiv cikel, da bolje za\u0161\u010ditite barve.<\/p>","protected":false},"excerpt":{"rendered":"<p>Bela osnova z sivimi zig-zag vzorci na sprednji strani naj bi imela novo nem\u0161ko trikotko za leto 2022! Zlato-\u010drna bo DFB emblemu, zlato logotipu adidas in \u0161tirim zvezdicam ter robovi rokavov in ramena. Nasveti za tiskanje: \u010ce se ime in \u0161tevilka na sliki to\u010dno ujeta z va\u0161imi \u017eeljami, ju ne morate ponovno vna\u0161ati. \u010ce [\u2026]<\/p>","protected":false},"featured_media":4562,"comment_status":"open","ping_status":"closed","template":"","meta":[],"product_brand":[],"product_cat":[170],"product_tag":[20,212,172,213,21,22,23,24],"class_list":{"0":"post-4521","1":"product","2":"type-product","3":"status-publish","4":"has-post-thumbnail","6":"product_cat-deutschland-trikots","7":"product_tag-coole-fussballtrikots","8":"product_tag-deutschland-heimtrikot","9":"product_tag-deutschland-trikots","10":"product_tag-fussball-wm-2022","11":"product_tag-fussballtrikot-fuer-herren","12":"product_tag-fussballtrikot-guenstig-kaufen","13":"product_tag-fussballtrikot-kurzarm","14":"product_tag-guenstiges-fussballtrikot","16":"first","17":"instock","18":"shipping-taxable","19":"purchasable","20":"product-type-variable"},"_links":{"self":[{"href":"https:\/\/www.billigtrikotde.com\/sl\/wp-json\/wp\/v2\/product\/4521","targetHints":{"allow":["GET"]}}],"collection":[{"href":"https:\/\/www.billigtrikotde.com\/sl\/wp-json\/wp\/v2\/product"}],"about":[{"href":"https:\/\/www.billigtrikotde.com\/sl\/wp-json\/wp\/v2\/types\/product"}],"replies":[{"embeddable":true,"href":"https:\/\/www.billigtrikotde.com\/sl\/wp-json\/wp\/v2\/comments?post=4521"}],"wp:featuredmedia":[{"embeddable":true,"href":"https:\/\/www.billigtrikotde.com\/sl\/wp-json\/wp\/v2\/media\/4562"}],"wp:attachment":[{"href":"https:\/\/www.billigtrikotde.com\/sl\/wp-json\/wp\/v2\/media?parent=4521"}],"wp:term":[{"taxonomy":"product_brand","embeddable":true,"href":"https:\/\/www.billigtrikotde.com\/sl\/wp-json\/wp\/v2\/product_brand?post=4521"},{"taxonomy":"product_cat","embeddable":true,"href":"https:\/\/www.billigtrikotde.com\/sl\/wp-json\/wp\/v2\/product_cat?post=4521"},{"taxonomy":"product_tag","embeddable":true,"href":"https:\/\/www.billigtrikotde.com\/sl\/wp-json\/wp\/v2\/product_tag?post=4521"}],"curies":[{"name":"wp","href":"https:\/\/api.w.org\/{rel}","templated":true}]}}