{"id":4463,"date":"2024-10-23T15:51:02","date_gmt":"2024-10-23T13:51:02","guid":{"rendered":"http:\/\/billigtrikots.com\/?post_type=product&#038;p=4463"},"modified":"2024-10-23T15:53:12","modified_gmt":"2024-10-23T13:53:12","slug":"trikotsatz-fc-bayern-muenchen-heimtrikot-2022-2023-shirt-herren-sarr-20","status":"publish","type":"product","link":"https:\/\/www.billigtrikotde.com\/sl\/trikotsatz-fc-bayern-muenchen-heimtrikot-2022-2023-shirt-herren-sarr-20\/","title":{"rendered":"FC Bayern M\u00fcnchen Home Jersey 2022-2023 majica mo\u0161ki SARR 20"},"content":{"rendered":"<p>Novi dres Bayerna M\u00fcnchen za sezono 22-23 ima edinstven vzorec \u010drt na sprednji strani. Sestavljen je iz razli\u010dnih velikosti belih \u010drt, ki malo spominjajo na \u010drtno kodo. Skupno je na sprednji strani 21 \u010drt. Tudi pri barvah prina\u0161a novi dres Bayerna M\u00fcnchen 22-23 spremembo. Po tem, ko je bil dres 21-22 v dveh sivih odtenkih, se dres Adidas Bayerna M\u00fcnchen 2022-2023 vra\u010da k tradicionalni rde\u010di barvi.<\/p>\n<p>Nasveti za tiskanje: \u010ce sta ime in \u0161tevilka na sliki to\u010dno tak\u0161na, kot ju \u017eelite, ju ni treba ponovno vnesti. \u010ce ni tako, vnesite \u017eeleno ime in \u0161tevilko.<\/p>\n<p>Nasveti za pranje: Priporo\u010dljivo je, da nogometne majice perete ro\u010dno. \u010ce \u017eelite uporabiti pralni stroj, ne pozabite nogometne majice obrniti narobe in jih nato oprati. Stroj napolnite s hladno vodo in uporabite ob\u010dutljiv cikel, da bolje za\u0161\u010ditite barve.<\/p>","protected":false},"excerpt":{"rendered":"<p>Das neue Bayern M\u00fcnchen 22-23 Trikot hat ein einzigartiges Streifendesign auf der Vorderseite. Es besteht aus unterschiedlich gro\u00dfen wei\u00dfen Streifen, die ein bisschen wie ein Strichcode aussehen. Insgesamt gibt es 21 Streifen auf der Vorderseite. Auch bei den Farben bringt das neue Bayern 22-23 Trikot eine Ver\u00e4nderung.Nachdem das Trikot 21-22 in zwei Graut\u00f6nen gehalten war, [&hellip;]<\/p>","protected":false},"featured_media":4503,"comment_status":"open","ping_status":"closed","template":"","meta":[],"product_brand":[],"product_cat":[175],"product_tag":[136,137,20,21,22,23,24],"class_list":{"0":"post-4463","1":"product","2":"type-product","3":"status-publish","4":"has-post-thumbnail","6":"product_cat-bayern-munich","7":"product_tag-bayern-muenchen-heimtrikot","8":"product_tag-bayern-muenchen-trikots","9":"product_tag-coole-fussballtrikots","10":"product_tag-fussballtrikot-fuer-herren","11":"product_tag-fussballtrikot-guenstig-kaufen","12":"product_tag-fussballtrikot-kurzarm","13":"product_tag-guenstiges-fussballtrikot","15":"first","16":"instock","17":"shipping-taxable","18":"purchasable","19":"product-type-variable"},"_links":{"self":[{"href":"https:\/\/www.billigtrikotde.com\/sl\/wp-json\/wp\/v2\/product\/4463","targetHints":{"allow":["GET"]}}],"collection":[{"href":"https:\/\/www.billigtrikotde.com\/sl\/wp-json\/wp\/v2\/product"}],"about":[{"href":"https:\/\/www.billigtrikotde.com\/sl\/wp-json\/wp\/v2\/types\/product"}],"replies":[{"embeddable":true,"href":"https:\/\/www.billigtrikotde.com\/sl\/wp-json\/wp\/v2\/comments?post=4463"}],"wp:featuredmedia":[{"embeddable":true,"href":"https:\/\/www.billigtrikotde.com\/sl\/wp-json\/wp\/v2\/media\/4503"}],"wp:attachment":[{"href":"https:\/\/www.billigtrikotde.com\/sl\/wp-json\/wp\/v2\/media?parent=4463"}],"wp:term":[{"taxonomy":"product_brand","embeddable":true,"href":"https:\/\/www.billigtrikotde.com\/sl\/wp-json\/wp\/v2\/product_brand?post=4463"},{"taxonomy":"product_cat","embeddable":true,"href":"https:\/\/www.billigtrikotde.com\/sl\/wp-json\/wp\/v2\/product_cat?post=4463"},{"taxonomy":"product_tag","embeddable":true,"href":"https:\/\/www.billigtrikotde.com\/sl\/wp-json\/wp\/v2\/product_tag?post=4463"}],"curies":[{"name":"wp","href":"https:\/\/api.w.org\/{rel}","templated":true}]}}