{"id":4387,"date":"2024-10-23T15:47:28","date_gmt":"2024-10-23T13:47:28","guid":{"rendered":"http:\/\/billigtrikots.com\/?post_type=product&#038;p=4387"},"modified":"2024-10-23T15:49:41","modified_gmt":"2024-10-23T13:49:41","slug":"manchester-united-2022-23-heimtrikot-herren-trikot-kurze-hosen-mit-aufdruck-van-de-beek-34","status":"publish","type":"product","link":"https:\/\/www.billigtrikotde.com\/sl\/manchester-united-2022-23-heimtrikot-herren-trikot-kurze-hosen-mit-aufdruck-van-de-beek-34\/","title":{"rendered":"Manchester United 2022-23 Home Shirt Mo\u0161ka majica + kratke hla\u010de s potiskom VAN DE BEEK 34"},"content":{"rendered":"<p>Adidas Manchester United 2022-2023 dres zdru\u017euje precej temno rde\u010do osnovno barvo z belim logotipom Adidas in \u010drnimi tremi \u010drtami. Kaj dres izstopa, je ovratnik polo. Beli ovratnik je obdelan z dvori\u0161\u010dem tridijalnim dizajnom, ki ga navdihuje leto 1994. Nogavice Manchester United 22-23 doma\u010dega dresa kombinirajo tradicionalno osnovno barvo \u010drno z rde\u010do.<br \/>\nImajo rde\u010dega Red Devisa na sprednji strani in belo logotip Adidas na zadnji strani. Zgornji del je rde\u010d z \u010drnimi tremi \u010drtami.<\/p>\n<p>Dres Man United 22-23 doma\u010di ima \u0161\u010dit, ki prikazuje logotip Manchester United. \u0160\u010dit ima obliko petokrakega in nekoliko temnej\u0161o rde\u010do barvo kot preostanek majice. Prav tako ga obdaja tanek rob, ki lo\u010duje obliko.<\/p>\n<p>Nasveti za tiskanje: \u010ce sta ime in \u0161tevilka na sliki to\u010dno tak\u0161na, kot ju \u017eelite, ju ni treba ponovno vnesti. \u010ce ni tako, vnesite \u017eeleno ime in \u0161tevilko.<\/p>\n<p>Nasveti za pranje: Priporo\u010dljivo je, da nogometne majice perete ro\u010dno. \u010ce \u017eelite uporabiti pralni stroj, ne pozabite nogometne majice obrniti narobe in jih nato oprati.<\/p>","protected":false},"excerpt":{"rendered":"<p>Adidas Manchester United 2022-2023 dres zdru\u017euje precej temno rde\u010do osnovno barvo z belim logotipom Adidas in \u010drnimi tremi \u010drtami. Kaj dres izstopa, je ovratnik polo. Beli ovratnik je obdelan z dvori\u0161\u010dem tridijalnim dizajnom, ki ga navdihuje leto 1994. Nogavice Manchester United 22-23 doma\u010dega dresa kombinirajo tradicionalno osnovno barvo \u010drno z rde\u010do.<\/p>","protected":false},"featured_media":4421,"comment_status":"open","ping_status":"closed","template":"","meta":[],"product_brand":[],"product_cat":[50],"product_tag":[20,214,215,21,22,54,141,52],"class_list":{"0":"post-4387","1":"product","2":"type-product","3":"status-publish","4":"has-post-thumbnail","6":"product_cat-manchester-united","7":"product_tag-coole-fussballtrikots","8":"product_tag-fussball-fan-shop","9":"product_tag-fussball-trikot-kurzarm","10":"product_tag-fussballtrikot-fuer-herren","11":"product_tag-fussballtrikot-guenstig-kaufen","12":"product_tag-fussballtrikot-set","13":"product_tag-manchester-united-heimtrikot","14":"product_tag-manchester-united-trikots","16":"first","17":"instock","18":"shipping-taxable","19":"purchasable","20":"product-type-variable"},"_links":{"self":[{"href":"https:\/\/www.billigtrikotde.com\/sl\/wp-json\/wp\/v2\/product\/4387","targetHints":{"allow":["GET"]}}],"collection":[{"href":"https:\/\/www.billigtrikotde.com\/sl\/wp-json\/wp\/v2\/product"}],"about":[{"href":"https:\/\/www.billigtrikotde.com\/sl\/wp-json\/wp\/v2\/types\/product"}],"replies":[{"embeddable":true,"href":"https:\/\/www.billigtrikotde.com\/sl\/wp-json\/wp\/v2\/comments?post=4387"}],"wp:featuredmedia":[{"embeddable":true,"href":"https:\/\/www.billigtrikotde.com\/sl\/wp-json\/wp\/v2\/media\/4421"}],"wp:attachment":[{"href":"https:\/\/www.billigtrikotde.com\/sl\/wp-json\/wp\/v2\/media?parent=4387"}],"wp:term":[{"taxonomy":"product_brand","embeddable":true,"href":"https:\/\/www.billigtrikotde.com\/sl\/wp-json\/wp\/v2\/product_brand?post=4387"},{"taxonomy":"product_cat","embeddable":true,"href":"https:\/\/www.billigtrikotde.com\/sl\/wp-json\/wp\/v2\/product_cat?post=4387"},{"taxonomy":"product_tag","embeddable":true,"href":"https:\/\/www.billigtrikotde.com\/sl\/wp-json\/wp\/v2\/product_tag?post=4387"}],"curies":[{"name":"wp","href":"https:\/\/api.w.org\/{rel}","templated":true}]}}