{"id":4315,"date":"2024-10-23T15:43:57","date_gmt":"2024-10-23T13:43:57","guid":{"rendered":"http:\/\/billigtrikots.com\/?post_type=product&#038;p=4315"},"modified":"2024-10-23T15:46:09","modified_gmt":"2024-10-23T13:46:09","slug":"manchester-city-ausweichtrikot-2021-22-dunkelblau-trikotsatz-fuer-kinder-mit-aufdruck-bernardo-20","status":"publish","type":"product","link":"https:\/\/www.billigtrikotde.com\/sl\/manchester-city-ausweichtrikot-2021-22-dunkelblau-trikotsatz-fuer-kinder-mit-aufdruck-bernardo-20\/","title":{"rendered":"Manchester City komplet 2021\/22 temno modra majica za otroke s potiskom Bernardo 20"},"content":{"rendered":"<p>S tem Manchester City FC 2021\/22 izbirnim dreksom za mo\u0161ke znamke PUMA lahko znova pridete prvakom iz Hautnahland, da bi vse ponovili. Ta standardno prilagojena majica v barvi Peacoat ima okrogli izrez, kratke rokave in rebraste zaklju\u010dke. Sestoji iz lahkega poli tkanine z zna\u010dilno tehnologijo dryCELL za hladen ob\u010dutek udobja, ko gre na polno. Z neprestanim ponavljajo\u010dim se ikoni\u010dnim grbom je ta majica opremljena z logotipi Classic Cat, sponzorji kluba in blagovno znamko Manchester City na prsih.<\/p>\n<p>Nasveti za tiskanje: \u010ce sta ime in \u0161tevilka na sliki to\u010dno tak\u0161na, kot ju \u017eelite, ju ni treba ponovno vnesti. \u010ce ni tako, vnesite \u017eeleno ime in \u0161tevilko.<\/p>\n<p>Nasveti za pranje: Priporo\u010dljivo je, da nogometne majice perete ro\u010dno. \u010ce \u017eelite uporabiti pralni stroj, ne pozabite nogometne majice obrniti narobe in jih nato oprati. Stroj napolnite s hladno vodo in uporabite ob\u010dutljiv cikel, da bolje za\u0161\u010ditite barve.<\/p>","protected":false},"excerpt":{"rendered":"<p>Mit diesem Manchester City FC 2021\/22 Ausweichtrikot f\u00fcr Herren von PUMA kannst du die Meister von hautnahland zur\u00fcckholen, um alles noch einmal zu tun. Dieses Standard-Fit-Top in der Farbe Peacoat hat einen Rundhalsausschnitt, kurze \u00c4rmel und gerippte Abschl\u00fcsse. Es besteht aus leichtem Poly-Gewebe mit charakteristischer dryCELL-Technologie f\u00fcr k\u00fchlen Komfort, wenn es hei\u00df hergeht. Mit dem [&hellip;]<\/p>","protected":false},"featured_media":4349,"comment_status":"open","ping_status":"closed","template":"","meta":[],"product_brand":[],"product_cat":[144],"product_tag":[20,94,203,84,145],"class_list":{"0":"post-4315","1":"product","2":"type-product","3":"status-publish","4":"has-post-thumbnail","6":"product_cat-manchester-city-kindertrikot","7":"product_tag-coole-fussballtrikots","8":"product_tag-kinder-fussball-trikotsatz","9":"product_tag-manchester-city-ausweichtrikot","10":"product_tag-manchester-city-trikots","11":"product_tag-manchester-city-trikotsatz-fuer-kinder","13":"first","14":"instock","15":"shipping-taxable","16":"purchasable","17":"product-type-variable"},"_links":{"self":[{"href":"https:\/\/www.billigtrikotde.com\/sl\/wp-json\/wp\/v2\/product\/4315","targetHints":{"allow":["GET"]}}],"collection":[{"href":"https:\/\/www.billigtrikotde.com\/sl\/wp-json\/wp\/v2\/product"}],"about":[{"href":"https:\/\/www.billigtrikotde.com\/sl\/wp-json\/wp\/v2\/types\/product"}],"replies":[{"embeddable":true,"href":"https:\/\/www.billigtrikotde.com\/sl\/wp-json\/wp\/v2\/comments?post=4315"}],"wp:featuredmedia":[{"embeddable":true,"href":"https:\/\/www.billigtrikotde.com\/sl\/wp-json\/wp\/v2\/media\/4349"}],"wp:attachment":[{"href":"https:\/\/www.billigtrikotde.com\/sl\/wp-json\/wp\/v2\/media?parent=4315"}],"wp:term":[{"taxonomy":"product_brand","embeddable":true,"href":"https:\/\/www.billigtrikotde.com\/sl\/wp-json\/wp\/v2\/product_brand?post=4315"},{"taxonomy":"product_cat","embeddable":true,"href":"https:\/\/www.billigtrikotde.com\/sl\/wp-json\/wp\/v2\/product_cat?post=4315"},{"taxonomy":"product_tag","embeddable":true,"href":"https:\/\/www.billigtrikotde.com\/sl\/wp-json\/wp\/v2\/product_tag?post=4315"}],"curies":[{"name":"wp","href":"https:\/\/api.w.org\/{rel}","templated":true}]}}