{"id":427,"date":"2024-10-23T12:48:33","date_gmt":"2024-10-23T10:48:33","guid":{"rendered":"http:\/\/billigtrikots.com\/?post_type=product&#038;p=427"},"modified":"2024-10-23T12:50:34","modified_gmt":"2024-10-23T10:50:34","slug":"drittes-trikot-fc-barcelona-herren-2021-22-mit-griezmann-7-individualdruck","status":"publish","type":"product","link":"https:\/\/www.billigtrikotde.com\/sl\/drittes-trikot-fc-barcelona-herren-2021-22-mit-griezmann-7-individualdruck\/","title":{"rendered":"Tretji dres FC Barcelona mo\u0161ki 2021\/22 z Griezmannom 7 individualni tisk"},"content":{"rendered":"<p>S \u0161portno majico Nike v modri barvi lahko nosite barve svojega najljub\u0161ega kluba in vsem poka\u017eete, za kaj bije va\u0161e srce. Kot pravi navija\u010d FC Barcelone potrebujete to rezervno \u0161portno majico, ki jo nosijo igralci v Primera Division. Zra\u010dni, lahki, znoj odvra\u010dajo\u010di in udobni model prepri\u010da v celoti. Vizualno navdu\u0161uje z grbom kluba na prsih. S to majico lahko postanete \u0161e u\u010dinkovitej\u0161i in se pripravite na naslednjo tekmo. Naj bo ta modri dres z vzorcem \u010drt va\u0161a zvesta spremljevalka.<\/p>\n<p>Nasveti za tiskanje: \u010ce sta ime in \u0161tevilka na sliki to\u010dno tak\u0161na, kot ju \u017eelite, ju ni treba ponovno vnesti. \u010ce ni tako, vnesite \u017eeleno ime in \u0161tevilko.<\/p>\n<p>Nasveti za pranje: Priporo\u010dljivo je, da nogometne majice perete ro\u010dno. \u010ce \u017eelite uporabiti pralni stroj, ne pozabite nogometne majice obrniti narobe in jih nato oprati. Stroj napolnite s hladno vodo in uporabite ob\u010dutljiv cikel, da bolje za\u0161\u010ditite barve.<\/p>","protected":false},"excerpt":{"rendered":"<p>Das Sportshirt von Nike in Blau l\u00e4sst dich die Farben deines Lieblingsclubs tragen und allen zeigen, wof\u00fcr dein Herz schl\u00e4gt. Als echter FC Barcelona-Fan brauchst du dieses Ausweich-Sportshirt, das die Spieler in der Primera Division tragen. Das atmungsaktive, leichte, schwei\u00dfableitende und bequeme Modell \u00fcberzeugt auf ganzer Linie. Es besticht optisch mit einem Vereinswappen auf der [&hellip;]<\/p>","protected":false},"featured_media":464,"comment_status":"open","ping_status":"closed","template":"","meta":[],"product_brand":[],"product_cat":[31],"product_tag":[20,37,33,21,22,23,24],"class_list":{"0":"post-427","1":"product","2":"type-product","3":"status-publish","4":"has-post-thumbnail","6":"product_cat-fc-barcelona","7":"product_tag-coole-fussballtrikots","8":"product_tag-fc-barcelona-ausweichtrikot","9":"product_tag-fc-barcelona-trikots","10":"product_tag-fussballtrikot-fuer-herren","11":"product_tag-fussballtrikot-guenstig-kaufen","12":"product_tag-fussballtrikot-kurzarm","13":"product_tag-guenstiges-fussballtrikot","15":"first","16":"instock","17":"shipping-taxable","18":"purchasable","19":"product-type-variable"},"_links":{"self":[{"href":"https:\/\/www.billigtrikotde.com\/sl\/wp-json\/wp\/v2\/product\/427","targetHints":{"allow":["GET"]}}],"collection":[{"href":"https:\/\/www.billigtrikotde.com\/sl\/wp-json\/wp\/v2\/product"}],"about":[{"href":"https:\/\/www.billigtrikotde.com\/sl\/wp-json\/wp\/v2\/types\/product"}],"replies":[{"embeddable":true,"href":"https:\/\/www.billigtrikotde.com\/sl\/wp-json\/wp\/v2\/comments?post=427"}],"wp:featuredmedia":[{"embeddable":true,"href":"https:\/\/www.billigtrikotde.com\/sl\/wp-json\/wp\/v2\/media\/464"}],"wp:attachment":[{"href":"https:\/\/www.billigtrikotde.com\/sl\/wp-json\/wp\/v2\/media?parent=427"}],"wp:term":[{"taxonomy":"product_brand","embeddable":true,"href":"https:\/\/www.billigtrikotde.com\/sl\/wp-json\/wp\/v2\/product_brand?post=427"},{"taxonomy":"product_cat","embeddable":true,"href":"https:\/\/www.billigtrikotde.com\/sl\/wp-json\/wp\/v2\/product_cat?post=427"},{"taxonomy":"product_tag","embeddable":true,"href":"https:\/\/www.billigtrikotde.com\/sl\/wp-json\/wp\/v2\/product_tag?post=427"}],"curies":[{"name":"wp","href":"https:\/\/api.w.org\/{rel}","templated":true}]}}